{"id":4298,"date":"2026-02-05T08:47:18","date_gmt":"2026-02-05T08:47:18","guid":{"rendered":""},"modified":"2026-04-09T00:09:48","modified_gmt":"2026-04-08T22:09:48","slug":"enchanted-garden-es","status":"publish","type":"product","link":"https:\/\/servcrmpro.online\/es\/producto\/enchanted-garden-es\/","title":{"rendered":"Jard\u00edn Encantado"},"content":{"rendered":"<h2> Placa de carga de orgonita del jard\u00edn encantado<\/h2>\n<p> Otra incre\u00edble obra de arte energ\u00e9tico de Friederike. Coloreado en rosa rubia y verde esmeralda, este plato infundir\u00e1 su energ\u00eda m\u00e1gica a tu comida y bebida. Lo saborear\u00e1s y sentir\u00e1s. \u00daselo tambi\u00e9n para curar directamente en su cuerpo o en el de sus clientes si es un sanador energ\u00e9tico.<\/p>\n<h3> Ingredientes:<\/h3>\n<p> <span style=\"font-size: 14px;\">Puntas de cristal de cuarzo:<\/span> <span style=\"font-size: 14px;\">edificantes, creativas y fortalecedoras.<\/span><\/p>\n<p> Zoisita con inclusiones de rub\u00ed: Fortalecedora, Estimuladora, Regeneradora.<\/p>\n<p> Granate: Motivador, Estimulante, Ardiente<\/p>\n<p> Fuchsite: atenci\u00f3n plena, satisfacci\u00f3n, protecci\u00f3n<\/p>\n<p> Bobina SBB: hace que la energ\u00eda fluya<\/p>\n<p> Im\u00e1n de neodimio: Dirige el flujo de energ\u00eda.<\/p>\n<p> Espolvorear piedras<\/p>\n<p>El metal de la Orgonitematrix es en parte lat\u00f3n, lo que le da a esta placa una energ\u00eda curativa extra suave y c\u00e1lida.<\/p>\n<h3> Solicitud <\/h3>\n<p><img loading=\"lazy\" decoding=\"async\" src=\"&lt;span%20class='notranslate'&gt;{{media%20url=\" wysiwyg alt=\"Aplicaci\u00f3n del plato de comida de orgonita\" width=\"600\" height=\"800\"><\/p>\n<p> Util\u00edzalo para cargar agua o comida. Especialmente el agua, cuando se deja en la placa de carga durante unas horas, se estructura y se energiza.<\/p>\n<p> <strong>Dimensiones:<\/strong> 180 mm de di\u00e1metro, aproximadamente 20 mm de espesor<\/p>\n<p> <strong>Peso:<\/strong> 650-750gr<\/p>\n<p> Cada pieza est\u00e1 hecha individualmente a mano y la apariencia puede diferir de la foto.<\/p>\n","protected":false},"excerpt":{"rendered":"<p>Otra pieza incre\u00edble de arte energ\u00e9tico de Friederike. Coloreado en rosa madder y verde esmeralda, este plato impregnar\u00e1 tu comida y bebida con su energ\u00eda m\u00e1gica. Lo saborear\u00e1s y sentir\u00e1s. Tambi\u00e9n \u00fasalo para sanar directamente en tu cuerpo o en el de tus clientes si eres sanador energ\u00e9tico.<\/p>\n","protected":false},"featured_media":2352,"comment_status":"open","ping_status":"closed","template":"","meta":{"_acf_changed":false},"product_brand":[],"product_cat":[70],"product_tag":[],"class_list":{"0":"post-4298","1":"product","2":"type-product","3":"status-publish","4":"has-post-thumbnail","6":"product_cat-tactical-orgonite","7":"sales-flash-overlay","8":"woocommerce-text-align-center","9":"woocommerce-image-align-center","10":"do-quantity-buttons","12":"first","13":"instock","14":"taxable","15":"shipping-taxable","16":"purchasable","17":"product-type-simple"},"acf":[],"_links":{"self":[{"href":"https:\/\/servcrmpro.online\/es\/wp-json\/wp\/v2\/product\/4298","targetHints":{"allow":["GET"]}}],"collection":[{"href":"https:\/\/servcrmpro.online\/es\/wp-json\/wp\/v2\/product"}],"about":[{"href":"https:\/\/servcrmpro.online\/es\/wp-json\/wp\/v2\/types\/product"}],"replies":[{"embeddable":true,"href":"https:\/\/servcrmpro.online\/es\/wp-json\/wp\/v2\/comments?post=4298"}],"wp:featuredmedia":[{"embeddable":true,"href":"https:\/\/servcrmpro.online\/es\/wp-json\/wp\/v2\/media\/2352"}],"wp:attachment":[{"href":"https:\/\/servcrmpro.online\/es\/wp-json\/wp\/v2\/media?parent=4298"}],"wp:term":[{"taxonomy":"product_brand","embeddable":true,"href":"https:\/\/servcrmpro.online\/es\/wp-json\/wp\/v2\/product_brand?post=4298"},{"taxonomy":"product_cat","embeddable":true,"href":"https:\/\/servcrmpro.online\/es\/wp-json\/wp\/v2\/product_cat?post=4298"},{"taxonomy":"product_tag","embeddable":true,"href":"https:\/\/servcrmpro.online\/es\/wp-json\/wp\/v2\/product_tag?post=4298"}],"curies":[{"name":"wp","href":"https:\/\/api.w.org\/{rel}","templated":true}]}}