{"id":4301,"date":"2026-02-05T08:47:26","date_gmt":"2026-02-05T08:47:26","guid":{"rendered":""},"modified":"2026-04-08T20:59:20","modified_gmt":"2026-04-08T18:59:20","slug":"dolomite-charging-plate-es","status":"publish","type":"product","link":"https:\/\/servcrmpro.online\/es\/producto\/dolomite-charging-plate-es\/","title":{"rendered":"Placa de carga de dolomita"},"content":{"rendered":"<h2> Recarga y curaci\u00f3n<\/h2>\n<p> Esta nueva placa de carga de dolomita puede vigorizar, refrescar, energizar y elevar la vibraci\u00f3n. <\/p>\n<p><img loading=\"lazy\" decoding=\"async\" src=\"&lt;span%20class='notranslate'&gt;{{media%20url=\" wysiwyg alt=\"aplicaci\u00f3n plato de comida de orgonita\" width=\"600\" height=\"800\"><\/p>\n<p> Desde jarras de agua hasta bebidas de todo tipo, platos con comida reci\u00e9n preparada, fruteros o incluso macetas con flores, todo puede estar impregnado de vibraciones armoniosas.<\/p>\n<p> En la parte superior hay 12 puntas de cristal de cuarzo dispuestas como rayos de sol e incrustadas en migas de dolomita azucarada. En el centro se encuentra la espiral SBB con el im\u00e1n, detr\u00e1s se ven hojas de oro y polvo de superalimento.<\/p>\n<p> En la parte inferior hay piezas de dolomita dispuestas en un c\u00edrculo grande, en el medio hay una cruz de color turquesa y m\u00e1s dolomita de az\u00facar.<\/p>\n<p> En el medio hay una gruesa capa de orgonita hecha de virutas de aluminio.<\/p>\n<h3> Ingredientes y sus efectos:<\/h3>\n<p> Puntas de cristal de cuarzo: Edificantes, Creativas, Fortalecedoras.<\/p>\n<p>Dolomita: Desacidificante, Relajante, Antiespasm\u00f3dica.<\/p>\n<p> Pan de oro: c\u00e1lido, tonificante y alivia la ansiedad.<\/p>\n<p> cuentas decorativas de turquesa e incrustaciones de howlita de colores<\/p>\n<p> Espiral SBB de alambre de cobre: \u200b\u200bpone en movimiento la energ\u00eda<\/p>\n<p> Im\u00e1n de neodimio: Dirige el flujo de energ\u00eda.<\/p>\n<p> La mezcla de superalimentos contiene cacao crudo, moringa, ra\u00edz de maca, boabab, mezquite, entre otros. Estos nutrientes condensados \u200b\u200bcubren todas las necesidades del organismo.<\/p>\n<p> Como orgonita curativa, esta placa tambi\u00e9n se puede utilizar de muchas maneras.<\/p>\n<p> Despu\u00e9s de muchos a\u00f1os de experiencia con nuestro cl\u00e1sico plato de carga de alimentos org\u00f3n (en gran medida los mismos ingredientes), se recomienda su uso especialmente en caso de insomnio, ansiedad, agitaci\u00f3n y tensi\u00f3n. Lo mejor es colocar la placa con la parte superior directamente sobre el chakra del coraz\u00f3n estando acostado y luego respirar profundamente. Aqu\u00ed se manifiesta plenamente el efecto relajante y antiespasm\u00f3dico de la dolomita.<\/p>\n<p> <strong>Dimensiones:<\/strong> 1800 mm de di\u00e1metro, aproximadamente 20 mm de espesor<\/p>\n<p> <strong>Peso:<\/strong> 650-750gr<\/p>\n<p> Cada pieza est\u00e1 hecha individualmente a mano y la apariencia puede diferir de la foto.<\/p>\n","protected":false},"excerpt":{"rendered":"<p>Esta nueva placa de carga de dolomita puede revitalizar, refrescar, energizar y elevar la vibraci\u00f3n<\/p>\n","protected":false},"featured_media":2351,"comment_status":"open","ping_status":"closed","template":"","meta":{"_acf_changed":false},"product_brand":[],"product_cat":[34],"product_tag":[],"class_list":{"0":"post-4301","1":"product","2":"type-product","3":"status-publish","4":"has-post-thumbnail","6":"product_cat-emf-protection","7":"sales-flash-overlay","8":"woocommerce-text-align-center","9":"woocommerce-image-align-center","10":"do-quantity-buttons","12":"first","13":"instock","14":"taxable","15":"shipping-taxable","16":"purchasable","17":"product-type-simple"},"acf":[],"_links":{"self":[{"href":"https:\/\/servcrmpro.online\/es\/wp-json\/wp\/v2\/product\/4301","targetHints":{"allow":["GET"]}}],"collection":[{"href":"https:\/\/servcrmpro.online\/es\/wp-json\/wp\/v2\/product"}],"about":[{"href":"https:\/\/servcrmpro.online\/es\/wp-json\/wp\/v2\/types\/product"}],"replies":[{"embeddable":true,"href":"https:\/\/servcrmpro.online\/es\/wp-json\/wp\/v2\/comments?post=4301"}],"wp:featuredmedia":[{"embeddable":true,"href":"https:\/\/servcrmpro.online\/es\/wp-json\/wp\/v2\/media\/2351"}],"wp:attachment":[{"href":"https:\/\/servcrmpro.online\/es\/wp-json\/wp\/v2\/media?parent=4301"}],"wp:term":[{"taxonomy":"product_brand","embeddable":true,"href":"https:\/\/servcrmpro.online\/es\/wp-json\/wp\/v2\/product_brand?post=4301"},{"taxonomy":"product_cat","embeddable":true,"href":"https:\/\/servcrmpro.online\/es\/wp-json\/wp\/v2\/product_cat?post=4301"},{"taxonomy":"product_tag","embeddable":true,"href":"https:\/\/servcrmpro.online\/es\/wp-json\/wp\/v2\/product_tag?post=4301"}],"curies":[{"name":"wp","href":"https:\/\/api.w.org\/{rel}","templated":true}]}}