{"id":4304,"date":"2026-02-05T08:47:34","date_gmt":"2026-02-05T08:47:34","guid":{"rendered":""},"modified":"2026-04-08T21:46:23","modified_gmt":"2026-04-08T19:46:23","slug":"orgonite-mini-wand-28mm-es","status":"publish","type":"product","link":"https:\/\/servcrmpro.online\/es\/producto\/orgonite-mini-wand-28mm-es\/","title":{"rendered":"Minivarita 28mm"},"content":{"rendered":"<p> <strong><span style=\"font-family: verdana, geneva; font-size: medium;\">La Orgonite Miniwand es su compa\u00f1era de viaje ideal para protecci\u00f3n, meditaci\u00f3n y curaci\u00f3n energ\u00e9tica.<\/span><\/strong><\/p>\n<p><span style=\"font-family: verdana, geneva; font-size: medium;\">Todas nuestras Varitas de Orgonita tienen un cristal enrollado de Mobius incrustado en Orgonita. Ese es el principio com\u00fan. La Orgonita hace que la energ\u00eda erizada de este \u00abcristal SP\u00bb sea mucho m\u00e1s suave y fuerte, dependiendo del tama\u00f1o, por supuesto.<\/span><\/p>\n<p> <span style=\"font-family: verdana, geneva; font-size: medium;\">Esta peque\u00f1a y pr\u00e1ctica varita de orgonita tiene muchas de las caracter\u00edsticas de la <a title=\"Varita de poder de orgonita\" href=\"http:\/\/www.orgoniseafrica.com\/orgone-pw-deluxe.html\" target=\"_blank\" rel=\"noopener\">varita de energ\u00eda<\/a> grande, pero se puede sostener con una mano o llevar en el bolsillo.<\/span><\/p>\n<p> <span style=\"font-family: verdana, geneva; font-size: medium;\">Contiene en su n\u00facleo un <strong>cristal delgado de 80-120 mm<\/strong> de longitud, enrollado con 3-4 nudos de Moebius. El cristal est\u00e1 incrustado en una matriz de Orgonita dentro de un tubo de cobre de 28 mm. En la parte inferior, una placa de cobre lo sella.<\/span><\/p>\n<\/p>\n<p><span style=\"font-family: verdana, geneva; font-size: medium;\"><strong>Utilice la minivarita de orgonita para las siguientes aplicaciones:<\/strong><\/span><\/p>\n<\/p>\n<p> <span style=\"font-family: verdana, geneva; font-size: medium;\">-Cicatrizaci\u00f3n<\/span><br \/> <span style=\"font-family: verdana, geneva; font-size: medium;\">-Impulso<\/span><br \/> <span style=\"font-family: verdana, geneva; font-size: medium;\">-Manifestaci\u00f3n<\/span><br \/> <span style=\"font-family: verdana, geneva; font-size: medium;\">-Proteccion<\/span><\/p>\n<\/p>\n<p> <span style=\"font-family: verdana, geneva; font-size: medium;\"><a title=\"Dispositivos de orgonita pulsada\" href=\"http:\/\/www.orgoniseafrica.com\/buy-orgonite\/sp-crystal.html\" target=\"_blank\" rel=\"noopener\">Puede leer m\u00e1s sobre las aplicaciones de nuestros dispositivos de Org\u00f3n pulsado aqu\u00ed.<\/a><\/span><\/p>\n<\/p>\n<p> <strong><span style=\"font-family: verdana, geneva; font-size: medium;\">Piedras preciosas adicionales:<\/span><\/strong><\/p>\n<p><span style=\"font-family: verdana, geneva; font-size: medium;\">&#8211; una Amatista de 3-8 mm:<\/span> <span style=\"font-family: verdana, geneva; font-size: medium;\">Favorece la sobriedad y la concentraci\u00f3n, el procesamiento de experiencias y percepciones<\/span><\/p>\n<p> <span style=\"font-family: verdana, geneva; font-size: medium;\">&#8211; Granate: Perseverancia en situaciones dif\u00edciles, esp\u00edritu comunitario, estimula la libido.<\/span><\/p>\n<p> <span style=\"font-family: verdana, geneva; font-size: medium;\">&#8211; Hematita: conexi\u00f3n a tierra, aumenta la confianza, ayuda al sistema cardiovascular<\/span><\/p>\n<p> <span style=\"font-family: verdana, geneva; font-size: medium;\">La varita est\u00e1 forrada en cuero para un tacto y una sensaci\u00f3n agradables.<\/span><\/p>\n<\/p>\n<p> <span style=\"font-family: verdana, geneva; font-size: medium;\">Viene con un cable corto y un enchufe que coincide con las tomas de todos nuestros <a title=\"tienda de zappers\" href=\"http:\/\/www.orgoniseafrica.com\/buy-orgonite\/orgone-clark-zapper-shop.html\" target=\"_blank\" rel=\"noopener\">Zappers<\/a> .<\/span><\/p>\n<p><span style=\"font-family: verdana, geneva; font-size: medium;\">Se necesita un zapper separado (no incluido) para operar el Mini Wand. Todos nuestros zappers son adecuados para esto.<\/span><\/p>\n<p> <span style=\"font-family: verdana, geneva; font-size: medium;\">Ideal para la Guerrilla Orgone que viaja, ya que cabe f\u00e1cilmente en el bolsillo de un abrigo o chaqueta.<\/span><\/p>\n<p> <span style=\"font-family: verdana, geneva; font-size: medium;\">!!! SOLO DISPONIBLE EN PIEL AZUL JACARANDA!!! No hay opci\u00f3n de cuero rojo por el momento.<\/span><\/p>\n<p> <span style=\"font-family: verdana, geneva; font-size: medium;\">Dimensiones: longitud &#8211; 140 mm, di\u00e1metro &#8211; 28 mm<br \/> (Este producto est\u00e1 hecho a mano y el producto final puede diferir ligeramente)<\/span><\/p>\n","protected":false},"excerpt":{"rendered":"<p>El Miniwand Orgonite es tu compa\u00f1ero de viaje ideal para protecci\u00f3n, meditaci\u00f3n y sanaci\u00f3n energ\u00e9tica.<\/p>\n","protected":false},"featured_media":2350,"comment_status":"open","ping_status":"closed","template":"","meta":{"_acf_changed":false},"product_brand":[],"product_cat":[26],"product_tag":[],"class_list":{"0":"post-4304","1":"product","2":"type-product","3":"status-publish","4":"has-post-thumbnail","6":"product_cat-orgone-zappers","7":"sales-flash-overlay","8":"woocommerce-text-align-center","9":"woocommerce-image-align-center","10":"do-quantity-buttons","12":"first","13":"instock","14":"taxable","15":"shipping-taxable","16":"purchasable","17":"product-type-simple"},"acf":[],"_links":{"self":[{"href":"https:\/\/servcrmpro.online\/es\/wp-json\/wp\/v2\/product\/4304","targetHints":{"allow":["GET"]}}],"collection":[{"href":"https:\/\/servcrmpro.online\/es\/wp-json\/wp\/v2\/product"}],"about":[{"href":"https:\/\/servcrmpro.online\/es\/wp-json\/wp\/v2\/types\/product"}],"replies":[{"embeddable":true,"href":"https:\/\/servcrmpro.online\/es\/wp-json\/wp\/v2\/comments?post=4304"}],"wp:featuredmedia":[{"embeddable":true,"href":"https:\/\/servcrmpro.online\/es\/wp-json\/wp\/v2\/media\/2350"}],"wp:attachment":[{"href":"https:\/\/servcrmpro.online\/es\/wp-json\/wp\/v2\/media?parent=4304"}],"wp:term":[{"taxonomy":"product_brand","embeddable":true,"href":"https:\/\/servcrmpro.online\/es\/wp-json\/wp\/v2\/product_brand?post=4304"},{"taxonomy":"product_cat","embeddable":true,"href":"https:\/\/servcrmpro.online\/es\/wp-json\/wp\/v2\/product_cat?post=4304"},{"taxonomy":"product_tag","embeddable":true,"href":"https:\/\/servcrmpro.online\/es\/wp-json\/wp\/v2\/product_tag?post=4304"}],"curies":[{"name":"wp","href":"https:\/\/api.w.org\/{rel}","templated":true}]}}