{"id":4307,"date":"2026-02-05T08:47:41","date_gmt":"2026-02-05T08:47:41","guid":{"rendered":""},"modified":"2026-04-09T06:27:46","modified_gmt":"2026-04-09T04:27:46","slug":"the-maxishield-es","status":"publish","type":"product","link":"https:\/\/servcrmpro.online\/es\/producto\/the-maxishield-es\/","title":{"rendered":"El maxiescudo"},"content":{"rendered":"<p> <span style=\"font-family: verdana, geneva; font-size: medium;\"><strong>Prot\u00e9jase de la da\u00f1ina radiaci\u00f3n EMF de su tel\u00e9fono celular, computadora port\u00e1til o tableta con Orgonite Maxishield. \u00a1Ideal para usuarios avanzados de tel\u00e9fonos inteligentes!<\/strong><br \/><\/span><\/p>\n<p> <span style=\"font-family: verdana, geneva; font-size: medium;\">El Maxishield es un peque\u00f1o bot\u00f3n de Orgonita que se puede colocar en cualquier lugar de su tel\u00e9fono celular u otros dispositivos electr\u00f3nicos.<\/span><\/p>\n<p><span style=\"font-family: verdana, geneva; font-size: medium;\">Los estudios demuestran que las frecuencias electromagn\u00e9ticas (EMF) emitidas por cualquier dispositivo electr\u00f3nico que se comunique de forma inal\u00e1mbrica tienen muchos efectos negativos en la salud humana. Los efectos secundarios van desde dolores de cabeza, calentamiento de los o\u00eddos durante una llamada y mareos, hasta consecuencias graves como linfoma y otros tipos de c\u00e1ncer (dependiendo de d\u00f3nde lleve con mayor frecuencia su tel\u00e9fono celular).<\/span><\/p>\n<p> <span style=\"font-family: verdana, geneva; font-size: medium;\">Nuestra experiencia personal y nuestro <a title=\"Experimento de crecimiento de plantas de orgonita\" href=\"https:\/\/www.orgoniseafrica.com\/orgonite-plant-growth\" target=\"_blank\" rel=\"noopener\">Experimento de Crecimiento de Plantas<\/a> muestran la eficacia de incluso un peque\u00f1o trozo de Orgonita como el Minishield contra esta radiaci\u00f3n da\u00f1ina. La Orgonita transforma estas frecuencias da\u00f1inas en Energ\u00eda Vital positiva, o Energ\u00eda Orgone. Esto neutraliza los efectos perjudiciales de la radiaci\u00f3n EMF y garantiza un uso seguro de su tel\u00e9fono m\u00f3vil y otros dispositivos electr\u00f3nicos.<\/span><\/p>\n<p><span style=\"font-family: verdana, geneva; font-size: medium;\">La biorretroalimentaci\u00f3n, las pruebas de estr\u00e9s, la kinesiolog\u00eda y los comentarios de nuestros clientes muestran que los s\u00edntomas t\u00edpicos del uso prolongado del tel\u00e9fono m\u00f3vil, como el calentamiento de las zonas adyacentes de la cabeza, dolores de cabeza, p\u00e9rdida de concentraci\u00f3n y memoria, no se sienten en absoluto o en mucha menor medida. . El <a title=\"Experimento de crecimiento de plantas de orgonita\" href=\"https:\/\/www.orgoniseafrica.com\/orgonite-plant-growth\" target=\"_blank\" rel=\"noopener\">reciente experimento<\/a> sobre el efecto del Maxishield sobre el crecimiento de las plantas bajo la radiaci\u00f3n de un tel\u00e9fono m\u00f3vil con y sin Maxishield habla un lenguaje a\u00fan m\u00e1s claro.<\/span><\/p>\n<p> <span style=\"font-family: verdana, geneva; font-size: medium;\"><strong>Ingredientes:<\/strong> Matriz de Org\u00f3n con Aluminio y Cobre, Cristales de Cuarzo, migas de Amatista, Granate y Turmalina Negra.<\/span><\/p>\n<p><span style=\"font-family: verdana, geneva; font-size: medium;\">\u00a0<\/span><\/p>\n<p><span style=\"font-family: verdana, geneva; font-size: medium;\"><strong>Beneficios t\u00edpicamente asociados con las piedras preciosas del Maxishield:<\/strong><\/span><\/p>\n<p> <span style=\"font-family: verdana, geneva; font-size: medium;\"><strong>&#8211; Cuarzo:<\/strong> Claridad mental, siempre utilizado en orgonita para amplificar la salida de org\u00f3n.<\/span><\/p>\n<p> <span style=\"font-family: verdana, geneva; font-size: medium;\"><strong>&#8211; Amatista:<\/strong> Favorece la sobriedad y la concentraci\u00f3n, el procesamiento de experiencias y percepciones.<\/span><\/p>\n<p> <span style=\"font-family: verdana, geneva; font-size: medium;\"><strong>&#8211; Granate:<\/strong> Promueve la voluntad de ayuda mutua, el coraje, la confianza y la esperanza. Generalmente revitalizante sobre el metabolismo y la sexualidad sanamente activa.<\/span><\/p>\n<p> <span style=\"font-family: verdana, geneva; font-size: medium;\"><strong>&#8211; Turmalina Negra:<\/strong> Talism\u00e1n de protecci\u00f3n, protege contra la radiaci\u00f3n y la contaminaci\u00f3n ambiental, conexi\u00f3n a tierra y calmante.<\/span><\/p>\n<p><strong><span style=\"font-family: verdana, geneva; font-size: medium;\">&#8211; Shungit:<\/span><\/strong> <span style=\"font-family: verdana, geneva; font-size: medium;\">Cualidades purificantes y protectoras<\/span><\/p>\n<\/p>\n<p> <span style=\"font-family: verdana, geneva; font-size: medium;\"><strong>Acerca de Shungit:<\/strong><\/span><\/p>\n<\/p>\n<p> <span style=\"font-family: verdana, geneva; font-size: medium;\">La shungita es una rara roca carbonosa prec\u00e1mbrica de origen org\u00e1nico que se ha encontrado en esta forma s\u00f3lo en Rusia, en la Rep\u00fablica de Karelia. Lleva el nombre de un peque\u00f1o pueblo llamado Shunga donde fue descubierto por primera vez.<\/span><\/p>\n<\/p>\n<p> <span style=\"font-family: verdana, geneva; font-size: medium;\">Los cient\u00edficos afirman que la piedra tiene unos 2 mil millones de a\u00f1os y se form\u00f3 antes de que existiera vida en la Tierra. Lo que hace que la Shungit sea un mineral tan especial es que tiene una estructura similar a la del fullereno. Los fullerenos son una de las 4 modificaciones cristalinas conocidas del carbono (otras son el diamante, el grafito y el carbono).<\/span><\/p>\n<\/p>\n<p><span style=\"font-family: verdana, geneva; font-size: medium;\"><img loading=\"lazy\" decoding=\"async\" src=\"http:\/\/www.nanotube.msu.edu\/fullerene\/C180\/C180-0.png\" alt=\"\" width=\"252\" height=\"253\"><\/span><\/p>\n<\/p>\n<p><span style=\"font-family: verdana, geneva; font-size: medium;\">\u00a0<\/span><\/p>\n<\/p>\n<p><span style=\"font-family: verdana, geneva; font-size: medium;\">Los fullerenos se encuentran entre los antioxidantes m\u00e1s potentes y de acci\u00f3n m\u00e1s prolongada del cuerpo humano que combaten los radicales libres, que son la principal causa de da\u00f1o a las c\u00e9lulas sanas.<\/span><\/p>\n<\/p>\n<p> <span style=\"font-family: verdana, geneva; font-size: medium;\">Esto hace que la Shungita sea un regalo de la Madre Naturaleza, capaz de fortalecer el sistema inmunol\u00f3gico humano. Hoy en d\u00eda a menudo se le conoce como mineral curativo, el mineral o piedra de la vida debido a sus famosas cualidades curativas y antibacterianas. Se utiliza ampliamente en la purificaci\u00f3n del agua (cada vez m\u00e1s empresas lo utilizan como elemento filtrante principal), protecci\u00f3n EMF de ordenadores, hornos microondas, televisores, tel\u00e9fonos m\u00f3viles, etc. y curaci\u00f3n energ\u00e9tica.<\/span><\/p>\n<\/p>\n<p><span style=\"font-family: verdana, geneva; font-size: medium;\">Los cient\u00edficos rusos han demostrado que el agua de Shungit es un buen remedio contra multitud de enfermedades. Si tienes enfermedades relacionadas con la piel, enfermedades respiratorias cr\u00f3nicas, dolores de cabeza, dolores de espalda, reumatismo o problemas digestivos, el agua de Shungit es lo que necesitas. Esto explica por qu\u00e9 los ba\u00f1os de Shungit son tan populares hoy en d\u00eda.<\/span><\/p>\n<\/p>\n<p> <span style=\"font-family: verdana, geneva; font-size: medium;\">Los curanderos naturales y energ\u00e9ticos consideran que llevar la Shungit a un p\u00fablico m\u00e1s amplio es un gran avance del siglo XXI en sus campos de curaci\u00f3n. Se sabe que la Shungit, as\u00ed como los productos elaborados a partir de ella, contribuye a la recuperaci\u00f3n y promoci\u00f3n del crecimiento de los organismos vivos (piel, cabello). Las piedras de Shungit estimulan y promueven la mayor\u00eda de los chakras y son un protector universal de la energ\u00eda personal y del cuerpo. Aporta equilibrio emocional y mental.<\/span><\/p>\n<\/p>\n<p><span style=\"font-family: verdana, geneva; font-size: medium;\">Sus perfectas propiedades filtrantes y antibacterianas lo convierten en un buen remedio natural contra toda una lista de enfermedades como presi\u00f3n arterial alta, dolor de garganta, insomnio, enfermedades relacionadas con la piel y muchas otras. \u00a1No es de extra\u00f1ar que los cient\u00edficos y m\u00e9dicos consideren la piedra de Shungita como la piedra milagrosa de hoy!<\/span><\/p>\n<\/p>\n<p> <span style=\"font-family: verdana, geneva; font-size: medium;\">Como cualquier piedra que utilizamos en nuestros generadores de Orgonita, las propiedades curativas de la Shungita se amplifican y mejoran enormemente con la energ\u00eda de la mezcla b\u00e1sica de Orgonita.<\/span><\/p>\n<p><span style=\"font-family: verdana, geneva; font-size: medium;\">\u00a0<\/span><\/p>\n<p><span style=\"font-family: verdana, geneva; font-size: medium;\">El Orgonite Maxishield tiene 54 mm (2&#8243;) de di\u00e1metro. La parte posterior tiene cinta de doble cara ya adherida y se puede colocar f\u00e1cilmente en la parte posterior de su tel\u00e9fono celular u otro dispositivo electr\u00f3nico. Tambi\u00e9n puede colocarlo en la funda de su tel\u00e9fono celular siempre que el la superficie es plana.<\/span><\/p>\n<p><span style=\"font-family: verdana, geneva; font-size: medium;\">Recomendamos limpiar la superficie de su tel\u00e9fono celular con un pa\u00f1o h\u00famedo o una toallita con alcohol antes de la aplicaci\u00f3n para eliminar el exceso de grasa.<\/span><\/p>\n<p> <span style=\"font-family: verdana, geneva; font-size: medium;\">Dimensiones: altura &#8211; 10 mm, di\u00e1metro &#8211; 50 mm<br \/> (Este producto est\u00e1 hecho a mano y el producto final puede diferir ligeramente)<\/span><\/p>\n<p><span style=\"font-family: verdana, geneva; font-size: medium;\">\u00a0<\/span><\/p>\n","protected":false},"excerpt":{"rendered":"<p>Prot\u00e9gete de la da\u00f1ina radiaci\u00f3n EMF de tu m\u00f3vil, port\u00e1til o tableta con el Orgonite Maxishield. \u00a1Ideal para usuarios avanzados de smartphones!<\/p>\n","protected":false},"featured_media":2349,"comment_status":"open","ping_status":"closed","template":"","meta":{"_acf_changed":false},"product_brand":[],"product_cat":[34],"product_tag":[],"class_list":{"0":"post-4307","1":"product","2":"type-product","3":"status-publish","4":"has-post-thumbnail","6":"product_cat-emf-protection","7":"sales-flash-overlay","8":"woocommerce-text-align-center","9":"woocommerce-image-align-center","10":"do-quantity-buttons","12":"first","13":"instock","14":"taxable","15":"shipping-taxable","16":"purchasable","17":"product-type-simple"},"acf":[],"_links":{"self":[{"href":"https:\/\/servcrmpro.online\/es\/wp-json\/wp\/v2\/product\/4307","targetHints":{"allow":["GET"]}}],"collection":[{"href":"https:\/\/servcrmpro.online\/es\/wp-json\/wp\/v2\/product"}],"about":[{"href":"https:\/\/servcrmpro.online\/es\/wp-json\/wp\/v2\/types\/product"}],"replies":[{"embeddable":true,"href":"https:\/\/servcrmpro.online\/es\/wp-json\/wp\/v2\/comments?post=4307"}],"wp:featuredmedia":[{"embeddable":true,"href":"https:\/\/servcrmpro.online\/es\/wp-json\/wp\/v2\/media\/2349"}],"wp:attachment":[{"href":"https:\/\/servcrmpro.online\/es\/wp-json\/wp\/v2\/media?parent=4307"}],"wp:term":[{"taxonomy":"product_brand","embeddable":true,"href":"https:\/\/servcrmpro.online\/es\/wp-json\/wp\/v2\/product_brand?post=4307"},{"taxonomy":"product_cat","embeddable":true,"href":"https:\/\/servcrmpro.online\/es\/wp-json\/wp\/v2\/product_cat?post=4307"},{"taxonomy":"product_tag","embeddable":true,"href":"https:\/\/servcrmpro.online\/es\/wp-json\/wp\/v2\/product_tag?post=4307"}],"curies":[{"name":"wp","href":"https:\/\/api.w.org\/{rel}","templated":true}]}}