{"id":4310,"date":"2026-02-05T08:47:49","date_gmt":"2026-02-05T08:47:49","guid":{"rendered":""},"modified":"2026-04-08T21:03:18","modified_gmt":"2026-04-08T19:03:18","slug":"pink-keshe-brick-es","status":"publish","type":"product","link":"https:\/\/servcrmpro.online\/es\/producto\/pink-keshe-brick-es\/","title":{"rendered":"Ladrillo Keshe Rosa"},"content":{"rendered":"<h1> Ladrillo de orgonita Keshe rosa<\/h1>\n<p> La botellita contiene GANS adecuados con s\u00f3lidos. Puedes observarlos como una nube blanca, que se posa en el fondo cuando est\u00e1 quieta y se agita cuando mueves el ladrillo.<\/p>\n<p> El Cuarzo Aguja se coloca junto a la botella de la Orgonita (no siempre visible). Las puntas apuntan en direcciones opuestas, una hacia arriba y otra hacia abajo para crear un brillo de energ\u00eda similar a un v\u00f3rtice.<\/p>\n<p> Las cualidades de apertura del coraz\u00f3n de esta Orgonita Keshe son abundantes y est\u00e1n simbolizadas en la hermosa forma de coraz\u00f3n.<\/p>\n<p> Lea m\u00e1s en <a title=\"kfwiki\" href=\"http:\/\/en.kfwiki.org\/index.php\/KF_Wiki\" target=\"_blank\" rel=\"noopener\">www.kfwiki.org<\/a> o www.keshefoundation.org<\/p>\n<h2> Ingredientes:<\/h2>\n<p> &#8211; Orgonita<\/p>\n<p> &#8211; Vial de 10ml con agua Co2 GANS (agua de plasma)<\/p>\n<p> &#8211; 2 cristales de cuarzo con aguja S\/T<\/p>\n<p> &#8211; rodocrosita<\/p>\n<p>&#8211; Incrustaci\u00f3n de metal en forma de flor<\/p>\n<p> Dimensiones: largo &#8211; 85 mm, ancho &#8211; 48 mm, alto &#8211; 29 mm<br \/> (Este producto est\u00e1 hecho a mano y el producto final puede diferir ligeramente)<\/p>\n","protected":false},"excerpt":{"rendered":"<p>Este peque\u00f1o ladrillo es una potencia de materiales preciosos y tecnolog\u00eda revolucionaria.<\/p>\n","protected":false},"featured_media":2348,"comment_status":"open","ping_status":"closed","template":"","meta":{"_acf_changed":false},"product_brand":[],"product_cat":[34],"product_tag":[],"class_list":{"0":"post-4310","1":"product","2":"type-product","3":"status-publish","4":"has-post-thumbnail","6":"product_cat-emf-protection","7":"sales-flash-overlay","8":"woocommerce-text-align-center","9":"woocommerce-image-align-center","10":"do-quantity-buttons","12":"first","13":"instock","14":"taxable","15":"shipping-taxable","16":"purchasable","17":"product-type-simple"},"acf":[],"_links":{"self":[{"href":"https:\/\/servcrmpro.online\/es\/wp-json\/wp\/v2\/product\/4310","targetHints":{"allow":["GET"]}}],"collection":[{"href":"https:\/\/servcrmpro.online\/es\/wp-json\/wp\/v2\/product"}],"about":[{"href":"https:\/\/servcrmpro.online\/es\/wp-json\/wp\/v2\/types\/product"}],"replies":[{"embeddable":true,"href":"https:\/\/servcrmpro.online\/es\/wp-json\/wp\/v2\/comments?post=4310"}],"wp:featuredmedia":[{"embeddable":true,"href":"https:\/\/servcrmpro.online\/es\/wp-json\/wp\/v2\/media\/2348"}],"wp:attachment":[{"href":"https:\/\/servcrmpro.online\/es\/wp-json\/wp\/v2\/media?parent=4310"}],"wp:term":[{"taxonomy":"product_brand","embeddable":true,"href":"https:\/\/servcrmpro.online\/es\/wp-json\/wp\/v2\/product_brand?post=4310"},{"taxonomy":"product_cat","embeddable":true,"href":"https:\/\/servcrmpro.online\/es\/wp-json\/wp\/v2\/product_cat?post=4310"},{"taxonomy":"product_tag","embeddable":true,"href":"https:\/\/servcrmpro.online\/es\/wp-json\/wp\/v2\/product_tag?post=4310"}],"curies":[{"name":"wp","href":"https:\/\/api.w.org\/{rel}","templated":true}]}}