{"id":4322,"date":"2026-02-05T08:48:38","date_gmt":"2026-02-05T08:48:38","guid":{"rendered":""},"modified":"2026-04-13T10:56:07","modified_gmt":"2026-04-13T08:56:07","slug":"silver-shungite-orgone-pyramid-es","status":"publish","type":"product","link":"https:\/\/servcrmpro.online\/es\/producto\/silver-shungite-orgone-pyramid-es\/","title":{"rendered":"Pir\u00e1mide de Plata y Shungit"},"content":{"rendered":"<h2> Pir\u00e1mide de Plata y Shungit<\/h2>\n<p> Esta pir\u00e1mide est\u00e1 extraordinariamente bien elaborada y ser\u00e1 un punto focal en cualquier lugar de su hogar o lugar de trabajo.<\/p>\n<p> La Pir\u00e1mide de Plata y Shungita es un producto muy elaborado con tecnolog\u00eda de doble capa.<\/p>\n<p> El n\u00facleo es de orgonita recubierta con pan de plata compuesto y limaduras de plata en el fondo. La capa exterior es de resina transparente con escamas flotantes de pan de plata.<\/p>\n<p> La energ\u00eda se canaliza a trav\u00e9s de la \u00abpiedra angular\u00bb, que contiene Shungit pura y densa.<\/p>\n<p> Este Generador de Org\u00f3n brindar\u00e1 una protecci\u00f3n superior contra los campos electromagn\u00e9ticos y otras radiaciones e infundir\u00e1 a su entorno energ\u00eda de limpieza, purificaci\u00f3n y conexi\u00f3n a tierra.<\/p>\n<p> Dimensiones: largo &#8211; 100 mm, ancho &#8211; 100 mm, alto &#8211; 100 mm <br \/>(Este producto est\u00e1 hecho a mano y el producto final puede diferir ligeramente)<\/p>\n<p> Peso aprox. 400g.<\/p>\n<h3> Toda nuestra Orgonita:<\/h3>\n<p> &#8211; fortalece tu campo bioenerg\u00e9tico (Aura) \u2013 esto te ayudar\u00e1 contra las enfermedades y la negatividad que irrumpen en tu vida.<\/p>\n<p> &#8211; revitaliza su cuerpo \u2013 cualquier enfermedad o trastorno que ya est\u00e9 presente puede eliminarse.<\/p>\n<p> &#8211; le protege de influencias nocivas como la radiaci\u00f3n electromagn\u00e9tica (EMF) o las energ\u00edas negativas<\/p>\n<h3> Ingredientes:<\/h3>\n<p> <strong>Mezcla de orgonita:<\/strong> revitaliza y eleva el campo energ\u00e9tico, neutraliza los campos electromagn\u00e9ticos y la radiaci\u00f3n.<\/p>\n<p> <strong>Shungit:<\/strong> Protecci\u00f3n superior EMF, protecci\u00f3n ps\u00edquica, conexi\u00f3n a tierra, purificaci\u00f3n y limpieza, calmante y relajaci\u00f3n.<\/p>\n<p> <strong>Limaduras de plata y hojas de plata:<\/strong> tiene propiedades antibacterianas, antivirales y antif\u00fangicas, potente purificador, calmante y curativo, refleja la negatividad del usuario, amplifica las cualidades de otras piedras preciosas.<\/p>\n<p><strong>Turmalina Negra:<\/strong> Talism\u00e1n de protecci\u00f3n, protege contra la radiaci\u00f3n y la contaminaci\u00f3n ambiental, conexi\u00f3n a tierra y calmante.<\/p>\n<p> <strong>Galenita:<\/strong> contrarresta los efectos de los campos electromagn\u00e9ticos, ayuda en la transformaci\u00f3n personal, aumenta el poder personal y aporta coraje en tiempos dif\u00edciles.<\/p>\n<p> <strong>Cuarzo Ahumado:<\/strong> promueve la fuerza y \u200b\u200bla resiliencia f\u00edsica y mental, especialmente contra la radiaci\u00f3n. Ayuda a curar el da\u00f1o por radiaci\u00f3n.<\/p>\n<p> <strong>Cuarzo Rosa:<\/strong> piedra del amor incondicional, paz, tranquilidad y bondad. Calma, reduce el estr\u00e9s y la tensi\u00f3n, promueve la crianza.<\/p>\n<p> <strong>Amatista:<\/strong> piedra de crecimiento espiritual, mejora la salud de muchas maneras, protege de la ansiedad, las radiaciones terrestres y las energ\u00edas extra\u00f1as.<\/p>\n<p> <strong>Mica:<\/strong> Blinda y protege, claridad y flexibilidad.<\/p><\/p>\n","protected":false},"excerpt":{"rendered":"<p>Esta pir\u00e1mide est\u00e1 extraordinariamente bien construida y ser\u00e1 un punto focal en cualquier parte de tu hogar o en tu lugar de trabajo.<\/p>\n","protected":false},"featured_media":2345,"comment_status":"open","ping_status":"closed","template":"","meta":{"_acf_changed":false},"product_brand":[],"product_cat":[20],"product_tag":[],"class_list":{"0":"post-4322","1":"product","2":"type-product","3":"status-publish","4":"has-post-thumbnail","6":"product_cat-orgonite-pyramids","7":"sales-flash-overlay","8":"woocommerce-text-align-center","9":"woocommerce-image-align-center","10":"do-quantity-buttons","12":"first","13":"instock","14":"taxable","15":"shipping-taxable","16":"purchasable","17":"product-type-simple"},"acf":[],"_links":{"self":[{"href":"https:\/\/servcrmpro.online\/es\/wp-json\/wp\/v2\/product\/4322","targetHints":{"allow":["GET"]}}],"collection":[{"href":"https:\/\/servcrmpro.online\/es\/wp-json\/wp\/v2\/product"}],"about":[{"href":"https:\/\/servcrmpro.online\/es\/wp-json\/wp\/v2\/types\/product"}],"replies":[{"embeddable":true,"href":"https:\/\/servcrmpro.online\/es\/wp-json\/wp\/v2\/comments?post=4322"}],"wp:featuredmedia":[{"embeddable":true,"href":"https:\/\/servcrmpro.online\/es\/wp-json\/wp\/v2\/media\/2345"}],"wp:attachment":[{"href":"https:\/\/servcrmpro.online\/es\/wp-json\/wp\/v2\/media?parent=4322"}],"wp:term":[{"taxonomy":"product_brand","embeddable":true,"href":"https:\/\/servcrmpro.online\/es\/wp-json\/wp\/v2\/product_brand?post=4322"},{"taxonomy":"product_cat","embeddable":true,"href":"https:\/\/servcrmpro.online\/es\/wp-json\/wp\/v2\/product_cat?post=4322"},{"taxonomy":"product_tag","embeddable":true,"href":"https:\/\/servcrmpro.online\/es\/wp-json\/wp\/v2\/product_tag?post=4322"}],"curies":[{"name":"wp","href":"https:\/\/api.w.org\/{rel}","templated":true}]}}