{"id":4325,"date":"2026-02-05T08:48:47","date_gmt":"2026-02-05T08:48:47","guid":{"rendered":""},"modified":"2026-04-13T04:10:17","modified_gmt":"2026-04-13T02:10:17","slug":"orgone-zapper-el-silverado-es","status":"publish","type":"product","link":"https:\/\/servcrmpro.online\/es\/producto\/orgone-zapper-el-silverado-es\/","title":{"rendered":"El SilveradoZapper"},"content":{"rendered":"<h1>Orgone zapper con plata pura<\/h1>\n<p>Todos los componentes son id\u00e9nticos al <strong>Orgone Zapper<\/strong> Standard, solo que los electrodos est\u00e1n hechos de <strong>plata fina .9999.<\/strong><br \/> Esto puede tener el beneficio adicional de inducir trazas de <strong>plata coloidal<\/strong> a trav\u00e9s de la piel.<br \/> Muchos usuarios tambi\u00e9n han notado una <strong>cualidad vibratoria positiva<\/strong> de la plata.<\/p>\n<p> <strong>Especificaciones:<\/strong><\/p>\n<p> Frecuencia: CC pulsada de 15 Hz<br \/> Bater\u00eda: 9V PP3 <em>debido a restricciones de las aerol\u00edneas no podemos enviar la bater\u00eda de 9v con el zapper<\/em><br \/> Electrodos: Plata fina .9999<br \/> Correa de velcro extra\u00edble<br \/> Microconector de 2,5 mm para dispositivos externos<br \/> Im\u00e1n de Neodimio 10,3 x 3 mm <br \/>Bobina de Mobius, protegida por cable delimitador<br \/> bloque de orgonita<br \/> Cristal de amatista enrollado en un cable de \u00abcola\u00bb<br \/> Cristal granate enrollado en un cable de \u00abcabeza\u00bb<br \/> LED para mostrar el estado de encendido\/apagado<\/p>\n<p><img decoding=\"async\" src=\"https:\/\/cdn.shopify.com\/s\/files\/1\/0660\/4419\/8969\/files\/080125NewZapfromabove150.jpg?v=1715946577\" data-mce-fragment=\"1\" data-mce-src=\"https:\/\/cdn.shopify.com\/s\/files\/1\/0660\/4419\/8969\/files\/080125NewZapfromabove150.jpg?v=1715946577\"><img decoding=\"async\" src=\"http:\/\/www.orgoniseafrica.com\/images\/080125NewZapfromabove.jpg\" alt=\"\"><\/p>\n<p>El nuevo Silverado<\/p>\n<p> <em>Tenga en cuenta: La plata pura se oxida f\u00e1cilmente en contacto con la piel, especialmente con el efecto de la corriente el\u00e9ctrica. Esto puede provocar que aparezcan puntos negros en la piel. No se eliminan f\u00e1cilmente con jab\u00f3n, sino que desaparecen por s\u00ed solos al cabo de unos d\u00edas. (sales de plata) No son da\u00f1inas, pero pueden no gustarte por motivos est\u00e9ticos.<\/p>\n<p> Si cree que esto podr\u00eda ser motivo de preocupaci\u00f3n para usted, elija el <a href=\"https:\/\/www.orgoniseafrica.com\/orgone-zapper-standard.html\" target=\"_blank\" rel=\"noopener\">Orgone Zapper Standard<\/a> o el <a href=\"https:\/\/www.orgoniseafrica.com\/orgone-zapper-el-dorado.html\" target=\"_blank\" rel=\"noopener\">Orgone Zapper Eldorado.<\/a><\/em><\/p>\n<p><em>Dimensiones: largo &#8211; 84 mm, ancho &#8211; 50 mm, alto &#8211; 20 mm<br \/> (Este producto est\u00e1 hecho a mano y el producto final puede diferir ligeramente)<\/em><\/p>\n","protected":false},"excerpt":{"rendered":"<p>Todos los componentes son id\u00e9nticos al Orgone Zapper Standard, salvo que los electrodos est\u00e1n hechos de plata fina de 0,9999. Esto puede tener el beneficio a\u00f1adido de inducir trazas de plata coloidal a trav\u00e9s de la piel. Muchos usuarios tambi\u00e9n han notado una cualidad vibracional positiva del&#8230;<\/p>\n","protected":false},"featured_media":196,"comment_status":"open","ping_status":"closed","template":"","meta":{"_acf_changed":false},"product_brand":[],"product_cat":[26],"product_tag":[],"class_list":{"0":"post-4325","1":"product","2":"type-product","3":"status-publish","4":"has-post-thumbnail","6":"product_cat-orgone-zappers","7":"sales-flash-overlay","8":"woocommerce-text-align-center","9":"woocommerce-image-align-center","10":"do-quantity-buttons","12":"first","13":"instock","14":"taxable","15":"shipping-taxable","16":"purchasable","17":"product-type-simple"},"acf":[],"_links":{"self":[{"href":"https:\/\/servcrmpro.online\/es\/wp-json\/wp\/v2\/product\/4325","targetHints":{"allow":["GET"]}}],"collection":[{"href":"https:\/\/servcrmpro.online\/es\/wp-json\/wp\/v2\/product"}],"about":[{"href":"https:\/\/servcrmpro.online\/es\/wp-json\/wp\/v2\/types\/product"}],"replies":[{"embeddable":true,"href":"https:\/\/servcrmpro.online\/es\/wp-json\/wp\/v2\/comments?post=4325"}],"wp:featuredmedia":[{"embeddable":true,"href":"https:\/\/servcrmpro.online\/es\/wp-json\/wp\/v2\/media\/196"}],"wp:attachment":[{"href":"https:\/\/servcrmpro.online\/es\/wp-json\/wp\/v2\/media?parent=4325"}],"wp:term":[{"taxonomy":"product_brand","embeddable":true,"href":"https:\/\/servcrmpro.online\/es\/wp-json\/wp\/v2\/product_brand?post=4325"},{"taxonomy":"product_cat","embeddable":true,"href":"https:\/\/servcrmpro.online\/es\/wp-json\/wp\/v2\/product_cat?post=4325"},{"taxonomy":"product_tag","embeddable":true,"href":"https:\/\/servcrmpro.online\/es\/wp-json\/wp\/v2\/product_tag?post=4325"}],"curies":[{"name":"wp","href":"https:\/\/api.w.org\/{rel}","templated":true}]}}