{"id":4328,"date":"2026-02-05T08:48:55","date_gmt":"2026-02-05T08:48:55","guid":{"rendered":""},"modified":"2026-04-15T17:31:16","modified_gmt":"2026-04-15T15:31:16","slug":"turquoise-orgone-pendant-es","status":"publish","type":"product","link":"https:\/\/servcrmpro.online\/es\/producto\/turquoise-orgone-pendant-es\/","title":{"rendered":"Colgante Turquesa L"},"content":{"rendered":"<h2> <span style=\"font-family: verdana, geneva; font-size: medium;\">Colgante de Orgonita con Turquesa<\/span><br \/>\n<\/h2>\n<p> <span style=\"font-family: verdana, geneva; font-size: medium;\">Este hermoso Colgante de Orgonita es un poderoso protector contra la radiaci\u00f3n electromagn\u00e9tica (EMF) y otras energ\u00edas negativas.<\/span><\/p>\n<p><span style=\"font-family: verdana, geneva; font-size: medium;\">Todos nuestros Colgantes de Orgonita fortalecen tu campo bioenerg\u00e9tico (Aura), revitalizan tu cuerpo y te protegen de influencias nocivas como la radiaci\u00f3n electromagn\u00e9tica (EMF) o las energ\u00edas negativas.<\/span><\/p>\n<p> <span style=\"font-family: verdana, geneva; font-size: medium;\">El Colgante Turquesa Orgone presenta una gran cuenta de Turquesa en una bobina de alambre de cobre. El colgante est\u00e1 adornado con cuentas de hilo de algod\u00f3n encerado, una de madera y otra de metal.<\/span><\/p>\n<p> <span style=\"font-family: verdana, geneva; font-size: medium;\">La turquesa es una piedra excelente para protegerse, especialmente cuando se viaja.<\/span> <span style=\"font-family: verdana, geneva; font-size: medium;\">Los usuarios informan de una sensaci\u00f3n de <strong>inmunidad contra los campos electromagn\u00e9ticos<\/strong> y las malas vibraciones, as\u00ed como de un aumento general de la vitalidad cuando llevan el colgante.<\/span><\/p>\n<p> <span style=\"font-family: verdana, geneva; font-size: medium;\">Propiedades curativas t\u00edpicamente asociadas con las piedras preciosas contenidas en este colgante:<\/span><\/p>\n<\/p>\n<p><span style=\"font-family: verdana, geneva; font-size: medium;\"><strong>&#8211; Chrysokolla:<\/strong> Equilibrante, calmante, desintoxicante<\/span><\/p>\n<p> <span style=\"font-family: verdana, geneva; font-size: medium;\"><strong>&#8211; Mica:<\/strong> Escudos y protege<\/span><\/p>\n<p> <span style=\"font-family: verdana, geneva; font-size: medium;\"><strong>&#8211; Turmalina Negra:<\/strong> Talism\u00e1n de protecci\u00f3n, protege contra la radiaci\u00f3n y la contaminaci\u00f3n ambiental, conexi\u00f3n a tierra y calmante.<\/span><\/p>\n<p> <span style=\"font-family: verdana, geneva; font-size: medium;\"><strong>&#8211; Hematita:<\/strong> Conexi\u00f3n a tierra, aumenta la confianza, ayuda al sistema cardiovascular,<\/span><\/p>\n<p> <span style=\"font-family: verdana, geneva; font-size: medium;\"><strong>&#8211; Polvo de cobre:<\/strong> \u200b\u200bAumenta la energ\u00eda y la agilidad mental, desintoxicaci\u00f3n,<\/span><\/p>\n<p> <span style=\"font-family: verdana, geneva; font-size: medium;\"><strong>&#8211; Cuarzo:<\/strong> Claridad mental, siempre utilizado en Orgonita para amplificar la salida de Org\u00f3n.<\/span><\/p>\n<p><span style=\"font-family: verdana, geneva; font-size: medium;\"><strong>&#8211; Amatista:<\/strong> Favorece la sobriedad y la concentraci\u00f3n, el procesamiento de experiencias y percepciones.<\/span><\/p>\n<\/p>\n<p> <span style=\"font-family: verdana, geneva; font-size: medium;\">Este colgante se puede combinar muy bien con abalorios o integrarse en alguna otra joya.<\/span><\/p>\n<p> Dimensiones: altura &#8211; 10 mm, di\u00e1metro &#8211; 34 mm<br \/> (Este producto est\u00e1 hecho a mano y el producto final puede diferir ligeramente)<\/p>\n","protected":false},"excerpt":{"rendered":"<p>Este hermoso colgante de orgonita es un potente protector contra la radiaci\u00f3n electromagn\u00e9tica (EMF) y otras energ\u00edas negativas.<\/p>\n","protected":false},"featured_media":198,"comment_status":"open","ping_status":"closed","template":"","meta":{"_acf_changed":false},"product_brand":[],"product_cat":[102],"product_tag":[],"class_list":{"0":"post-4328","1":"product","2":"type-product","3":"status-publish","4":"has-post-thumbnail","6":"product_cat-orgone-energy-pendants","7":"sales-flash-overlay","8":"woocommerce-text-align-center","9":"woocommerce-image-align-center","10":"do-quantity-buttons","12":"first","13":"instock","14":"taxable","15":"shipping-taxable","16":"purchasable","17":"product-type-simple"},"acf":[],"_links":{"self":[{"href":"https:\/\/servcrmpro.online\/es\/wp-json\/wp\/v2\/product\/4328","targetHints":{"allow":["GET"]}}],"collection":[{"href":"https:\/\/servcrmpro.online\/es\/wp-json\/wp\/v2\/product"}],"about":[{"href":"https:\/\/servcrmpro.online\/es\/wp-json\/wp\/v2\/types\/product"}],"replies":[{"embeddable":true,"href":"https:\/\/servcrmpro.online\/es\/wp-json\/wp\/v2\/comments?post=4328"}],"wp:featuredmedia":[{"embeddable":true,"href":"https:\/\/servcrmpro.online\/es\/wp-json\/wp\/v2\/media\/198"}],"wp:attachment":[{"href":"https:\/\/servcrmpro.online\/es\/wp-json\/wp\/v2\/media?parent=4328"}],"wp:term":[{"taxonomy":"product_brand","embeddable":true,"href":"https:\/\/servcrmpro.online\/es\/wp-json\/wp\/v2\/product_brand?post=4328"},{"taxonomy":"product_cat","embeddable":true,"href":"https:\/\/servcrmpro.online\/es\/wp-json\/wp\/v2\/product_cat?post=4328"},{"taxonomy":"product_tag","embeddable":true,"href":"https:\/\/servcrmpro.online\/es\/wp-json\/wp\/v2\/product_tag?post=4328"}],"curies":[{"name":"wp","href":"https:\/\/api.w.org\/{rel}","templated":true}]}}