{"id":4331,"date":"2026-02-05T08:49:09","date_gmt":"2026-02-05T08:49:09","guid":{"rendered":""},"modified":"2026-04-12T16:29:30","modified_gmt":"2026-04-12T14:29:30","slug":"st-buster-s-button-es","status":"publish","type":"product","link":"https:\/\/servcrmpro.online\/es\/producto\/st-buster-s-button-es\/","title":{"rendered":"Bot\u00f3n de San Buster"},"content":{"rendered":"<p> <strong><span style=\"font-family: verdana, geneva;\">\u00a1El Bot\u00f3n de San Buster es el cl\u00e1sico absoluto entre las herramientas curativas personales de Orgonita!<\/span><\/strong><\/p>\n<p> <span style=\"font-family: verdana, geneva; font-size: medium;\">El Bot\u00f3n de San Buster tiene una superficie lisa y brillante con bordes redondeados y se adapta de forma natural a la mano. Como complemento a la orgonita normal, incluye hojas de oro, piedras curativas seleccionadas, un im\u00e1n de neodimio y la bobina SBB. Es muy \u00fatil para el trabajo de curaci\u00f3n, ya sea que desee <span style=\"text-decoration: underline;\">mejorar su propio estado energ\u00e9tico<\/span> o trabaje profesionalmente como practicante de curaci\u00f3n.<\/span> <\/p>\n<p><img loading=\"lazy\" decoding=\"async\" src=\"http:\/\/www.orgoniseafrica.com\/images\/060525%20SBB%20from%20below.jpg\" alt=\"Bobina SBB en la parte inferior de la herramienta de curaci\u00f3n de orgonita.\" st buster button width=\"300\" height=\"300\"><\/p>\n<p> bobina SBB<\/p>\n<p><span style=\"font-family: verdana, geneva; font-size: medium;\">La bobina especial desarrollada para este dispositivo desde entonces ha encontrado aplicaci\u00f3n en muchos otros generadores de org\u00f3n bajo el nombre de bobina SBB (de Saint Buster&#8217;s Button). Esta doble espiral de cobre tiene un efecto activador y energizante. Toda la energ\u00eda fluye en forma de v\u00f3rtice; por lo tanto, esta espiral doble en forma de v\u00f3rtice ayudar\u00e1 a activar el flujo de energ\u00eda en todo el cuerpo, particularmente cuando se coloca sobre un \u00e1rea individual, chakra u otro punto de energ\u00eda.<\/span><\/p>\n<p> <span style=\"font-family: verdana, geneva; font-size: medium;\">El im\u00e1n de neodimio tambi\u00e9n tiene propiedades curativas y crea sinergia con la bobina SBB para activar a\u00fan m\u00e1s el flujo de energ\u00eda en el cuerpo.<\/span><\/p>\n<p> <strong><span style=\"font-family: verdana, geneva;\">Aplicaciones y beneficios observados:<\/span><\/strong><\/p>\n<p> <span style=\"font-family: verdana, geneva; font-size: medium;\">&#8211; Estimulaci\u00f3n de los 3 primeros chakras.<\/span><\/p>\n<p><span style=\"font-family: verdana, geneva; font-size: medium;\">&#8211; Aumento de la circulaci\u00f3n sangu\u00ednea despu\u00e9s de un accidente cerebrovascular.<\/span><\/p>\n<p> <span style=\"font-family: verdana, geneva; font-size: medium;\">&#8211; Alivio del dolor<\/span><\/p>\n<p> <span style=\"font-family: verdana, geneva; font-size: medium;\">&#8211; Estimulaci\u00f3n de la regeneraci\u00f3n de tejidos.<\/span><\/p>\n<p> <span style=\"font-family: verdana, geneva; font-size: medium;\">&#8211; Efecto calmante y meditativo.<\/span><\/p>\n<p> <span style=\"font-family: verdana, geneva; font-size: medium;\">&#8211; Puede ayudar con el insomnio y el sue\u00f1o inquieto.<\/span><\/p>\n<\/p>\n<p> <strong><span style=\"font-family: verdana, geneva;\">Beneficios asociados con las piedras preciosas del Bot\u00f3n de San Buster:<\/span><\/strong><\/p>\n<p> <strong><span style=\"font-family: verdana, geneva; font-size: medium;\">&#8211; Turmalina Negra:<\/span><\/strong> <span style=\"font-family: verdana, geneva; font-size: medium;\">Talism\u00e1n de protecci\u00f3n, protege contra la radiaci\u00f3n y la contaminaci\u00f3n ambiental, conexi\u00f3n a tierra y calmante.<\/span><\/p>\n<p><strong><span style=\"font-family: verdana, geneva; font-size: medium;\">&#8211; Cuarzo:<span style=\"font-family: verdana, geneva;\">\u00a0<\/span><\/span><\/strong><span style=\"font-size: medium; font-family: verdana, geneva;\">Claridad mental, siempre utilizada en Orgonita para amplificar la salida de Org\u00f3n.<\/span><\/p>\n<p> <strong><span style=\"font-family: verdana, geneva; font-size: medium;\">&#8211; Lapisl\u00e1zuli:<\/span><\/strong> <span style=\"font-family: verdana, geneva; font-size: medium;\">\u00abPiedra de la Verdad\u00bb &#8211; abre el chakra de la garganta, promueve la honestidad y la autoexpresi\u00f3n<\/span><\/p>\n<p> <strong><span style=\"font-family: verdana, geneva; font-size: medium;\">&#8211; Granate:<\/span><\/strong> <span style=\"font-family: verdana, geneva; font-size: medium;\">Promueve la voluntad de ayuda mutua, el coraje, la confianza y la esperanza. Generalmente revitalizante sobre el metabolismo y la sexualidad sanamente activa.<\/span><\/p>\n<p><strong><span style=\"font-family: verdana, geneva; font-size: medium;\">&#8211; Turquesa:<\/span><\/strong> <span style=\"font-family: verdana, geneva; font-size: medium;\">Fortalecimiento, Claridad, Comunicaci\u00f3n clara<\/span><\/p>\n<p> <strong><span style=\"font-family: verdana, geneva; font-size: medium;\">&#8211; Pan de oro:<\/span><\/strong> <span style=\"font-family: verdana, geneva; font-size: medium;\">Protector, Calmante y c\u00e1lido, Simboliza confianza y riqueza<\/span><\/p>\n<\/p>\n<p> Dimensiones: altura &#8211; 23 mm, di\u00e1metro &#8211; 90 mm<br \/> (Este producto est\u00e1 hecho a mano y el producto final puede diferir ligeramente)<\/p>\n","protected":false},"excerpt":{"rendered":"<p>\u00a1El Bot\u00f3n de San Buster, el cl\u00e1sico absoluto entre las herramientas personales de curaci\u00f3n de Orgonita!<\/p>\n","protected":false},"featured_media":2344,"comment_status":"open","ping_status":"closed","template":"","meta":{"_acf_changed":false},"product_brand":[],"product_cat":[34],"product_tag":[],"class_list":{"0":"post-4331","1":"product","2":"type-product","3":"status-publish","4":"has-post-thumbnail","6":"product_cat-emf-protection","7":"sales-flash-overlay","8":"woocommerce-text-align-center","9":"woocommerce-image-align-center","10":"do-quantity-buttons","12":"first","13":"instock","14":"taxable","15":"shipping-taxable","16":"purchasable","17":"product-type-simple"},"acf":[],"_links":{"self":[{"href":"https:\/\/servcrmpro.online\/es\/wp-json\/wp\/v2\/product\/4331","targetHints":{"allow":["GET"]}}],"collection":[{"href":"https:\/\/servcrmpro.online\/es\/wp-json\/wp\/v2\/product"}],"about":[{"href":"https:\/\/servcrmpro.online\/es\/wp-json\/wp\/v2\/types\/product"}],"replies":[{"embeddable":true,"href":"https:\/\/servcrmpro.online\/es\/wp-json\/wp\/v2\/comments?post=4331"}],"wp:featuredmedia":[{"embeddable":true,"href":"https:\/\/servcrmpro.online\/es\/wp-json\/wp\/v2\/media\/2344"}],"wp:attachment":[{"href":"https:\/\/servcrmpro.online\/es\/wp-json\/wp\/v2\/media?parent=4331"}],"wp:term":[{"taxonomy":"product_brand","embeddable":true,"href":"https:\/\/servcrmpro.online\/es\/wp-json\/wp\/v2\/product_brand?post=4331"},{"taxonomy":"product_cat","embeddable":true,"href":"https:\/\/servcrmpro.online\/es\/wp-json\/wp\/v2\/product_cat?post=4331"},{"taxonomy":"product_tag","embeddable":true,"href":"https:\/\/servcrmpro.online\/es\/wp-json\/wp\/v2\/product_tag?post=4331"}],"curies":[{"name":"wp","href":"https:\/\/api.w.org\/{rel}","templated":true}]}}