{"id":4337,"date":"2026-02-05T08:49:24","date_gmt":"2026-02-05T08:49:24","guid":{"rendered":""},"modified":"2026-04-06T07:31:48","modified_gmt":"2026-04-06T05:31:48","slug":"orgonite-tb-dirty-harry-es","status":"publish","type":"product","link":"https:\/\/servcrmpro.online\/es\/producto\/orgonite-tb-dirty-harry-es\/","title":{"rendered":"Harry el sucio rompetorres"},"content":{"rendered":"<p><strong><span style=\"font-family: verdana, geneva; font-size: medium;\">El Orgonite Towerbuster \u00abDirty Harry\u00bb es el m\u00e1s vers\u00e1til de todos los dispositivos de Orgonite.<\/span><\/strong><span style=\"font-family: verdana, geneva; font-size: medium;\">\u00a0<\/span><\/p>\n<p><span style=\"font-family: verdana, geneva; font-size: medium;\">Es la herramienta de Orgonita perfecta para sus expediciones de campo de donaci\u00f3n de Org\u00f3n o cualquier otra aplicaci\u00f3n de curaci\u00f3n de Org\u00f3n al aire libre donde \u00abla apariencia no importa\u00bb.<\/span><\/p>\n<p> <span style=\"font-family: verdana, geneva; font-size: medium;\">Un solo Towerbuster de Orgonita como este puede ser suficiente para convertir una torre de telefon\u00eda celular de un transmisor de fuerza mortal en un generador de Org\u00f3n. Los Towerbusters pueden utilizarse para mejorar la energ\u00eda pr\u00e1cticamente en todas partes. Hemos rodeado granjas con ellos para aumentar el rendimiento de los cultivos y la salud animal y los hemos arrojado a r\u00edos contaminados, por nombrar s\u00f3lo algunas aplicaciones.<\/span><\/p>\n<p><span style=\"font-family: verdana, geneva; font-size: medium;\">Consulte nuestra <a title=\"D\u00f3nde colocar la orgonita\" href=\"https:\/\/www.orgoniseafrica.com\/orgonite-around-the-house\/?___store=en\" target=\"_blank\" rel=\"noopener\">Gu\u00eda de orgonita para principiantes<\/a> para obtener m\u00e1s inspiraci\u00f3n sobre d\u00f3nde colocar sus Towerbusters de orgonita.<\/span><\/p>\n<p> <span style=\"font-family: verdana, geneva; font-size: medium;\">El verdadero donante de Orgone los compra al por mayor y ahorra mucho: los producimos en grandes cantidades y los hacemos tan baratos que pr\u00e1cticamente no puedes hacerlos t\u00fa mismo por ese precio.<\/span><\/p>\n<p> <span style=\"font-family: verdana, geneva; font-size: medium;\">Colores: principalmente marr\u00f3n y verde para camuflarse.<\/span><\/p>\n<p><span style=\"font-family: verdana, geneva; font-size: medium;\">Tenga en cuenta:<\/span> <span style=\"font-family: verdana, geneva; font-size: medium;\">Los \u00abDirty Harries\u00bb de orgonita son la variante absolutamente tosca de los Towerbusters. De ah\u00ed el nombre \u00abHarry el Sucio\u00bb. Est\u00e1n destinados a ser comprados y distribuidos <em>en masa<\/em> . \u00a1No son objetos decorativos! Espere que las limaduras sobresalgan y las esquinas se desconecten. Todo esto no disminuye su poder en lo m\u00e1s m\u00ednimo.<\/span><\/p>\n<p> <span style=\"font-family: verdana, geneva; font-size: medium;\">Para nuestros Towerbusters pulidos y coloridos que est\u00e1n destinados a decorar su hogar, consulte, por ejemplo, nuestros <a title=\"Slick Jim Orgonita Towerbuster\" href=\"https:\/\/www.orgoniseafrica.com\/orgonite-tb-slick-jim\/?___store=en\" target=\"_blank\" rel=\"noopener\">Towerbusters \u00abSlick Jim\u00bb<\/a> .<\/span><\/p>\n<p> Dimensiones: altura &#8211; 23 mm, di\u00e1metro &#8211; 64 mm<br \/> (Este producto est\u00e1 hecho a mano y el producto final puede diferir ligeramente)<\/p>\n","protected":false},"excerpt":{"rendered":"<p>El Towerbuster de Orgonita \u00abHarry Sucio\u00bb es el dispositivo m\u00e1s vers\u00e1til de todos los de Orgonita.<\/p>\n","protected":false},"featured_media":2343,"comment_status":"open","ping_status":"closed","template":"","meta":{"_acf_changed":false},"product_brand":[],"product_cat":[70],"product_tag":[],"class_list":{"0":"post-4337","1":"product","2":"type-product","3":"status-publish","4":"has-post-thumbnail","6":"product_cat-tactical-orgonite","7":"sales-flash-overlay","8":"woocommerce-text-align-center","9":"woocommerce-image-align-center","10":"do-quantity-buttons","12":"first","13":"instock","14":"taxable","15":"shipping-taxable","16":"purchasable","17":"product-type-simple"},"acf":[],"_links":{"self":[{"href":"https:\/\/servcrmpro.online\/es\/wp-json\/wp\/v2\/product\/4337","targetHints":{"allow":["GET"]}}],"collection":[{"href":"https:\/\/servcrmpro.online\/es\/wp-json\/wp\/v2\/product"}],"about":[{"href":"https:\/\/servcrmpro.online\/es\/wp-json\/wp\/v2\/types\/product"}],"replies":[{"embeddable":true,"href":"https:\/\/servcrmpro.online\/es\/wp-json\/wp\/v2\/comments?post=4337"}],"wp:featuredmedia":[{"embeddable":true,"href":"https:\/\/servcrmpro.online\/es\/wp-json\/wp\/v2\/media\/2343"}],"wp:attachment":[{"href":"https:\/\/servcrmpro.online\/es\/wp-json\/wp\/v2\/media?parent=4337"}],"wp:term":[{"taxonomy":"product_brand","embeddable":true,"href":"https:\/\/servcrmpro.online\/es\/wp-json\/wp\/v2\/product_brand?post=4337"},{"taxonomy":"product_cat","embeddable":true,"href":"https:\/\/servcrmpro.online\/es\/wp-json\/wp\/v2\/product_cat?post=4337"},{"taxonomy":"product_tag","embeddable":true,"href":"https:\/\/servcrmpro.online\/es\/wp-json\/wp\/v2\/product_tag?post=4337"}],"curies":[{"name":"wp","href":"https:\/\/api.w.org\/{rel}","templated":true}]}}