{"id":4349,"date":"2026-02-05T08:50:25","date_gmt":"2026-02-05T08:50:25","guid":{"rendered":""},"modified":"2026-04-12T11:44:34","modified_gmt":"2026-04-12T09:44:34","slug":"happy-family-pyramid-es","status":"publish","type":"product","link":"https:\/\/servcrmpro.online\/es\/producto\/happy-family-pyramid-es\/","title":{"rendered":"Pir\u00e1mide Familiar Feliz"},"content":{"rendered":"<p>Pir\u00e1mide \u00abFamilia Feliz\u00bb para una vida familiar armoniosa y una convivencia pac\u00edfica.<\/p>\n<p>Esta hermosa y relajante pir\u00e1mide utiliza cuarzo rosa, turmalina negra y cobre por sus propiedades estabilizadoras, liberadoras y unificadoras. La mezcla de orgonita contiene los cl\u00e1sicos cristales de cuarzo y, para darle un brillo extra, la pir\u00e1mide est\u00e1 acabada con un barniz de PU duro. Soporte extraestable gracias a las patas de silicona.<\/p>\n<p>Echa un vistazo a las propiedades de las estrellas energ\u00e9ticas de esta pir\u00e1mide:<\/p>\n<p>Cuarzo rosa para desbloquear el amor, los sentimientos y la liberaci\u00f3n: el cuarzo rosa fomenta el sentido de la belleza y alivia r\u00e1pidamente el estr\u00e9s emocional. Despierta el amor y la amistad y ayuda a descubrir las causas fundamentales de los problemas, como la autoimagen negativa. Este es un elemento clave para la energ\u00eda relajante y estimulante de la Pir\u00e1mide de la Familia Feliz.<\/p>\n<p>Turmalina negra \/ Schorl para unas fuertes propiedades de conexi\u00f3n a tierra, protecci\u00f3n y alineaci\u00f3n: con su fuerte conexi\u00f3n con la energ\u00eda de la Tierra, la turmalina negra tiene un efecto equilibrador sobre el cuerpo. Te estabiliza y te conecta a tierra, ayudando a evitar el da\u00f1o y protegi\u00e9ndote contra las fuerzas negativas. Est\u00e1 estrechamente relacionada con el chakra ra\u00edz y promueve la conciencia del presente y la conexi\u00f3n con la realidad.\u00a0<\/p>\n<p>El cobre aporta un impulso antiinflamatorio, calmante y unificador. Este metal fomenta la armon\u00eda emocional y favorece la resoluci\u00f3n de conflictos. En el cuerpo, alivia la inflamaci\u00f3n y mejora la funci\u00f3n cerebral. Tambi\u00e9n alivia la tensi\u00f3n y ayuda a combatir la frustraci\u00f3n.<\/p>\n<p>En resumen, este tr\u00edo de piedras preciosas y metal permite que las personas se unan de una manera productiva y positiva, y ayuda a aliviar la tensi\u00f3n y la agresividad interpersonales que son tan frecuentes hoy en d\u00eda.<\/p>\n<div class=\"shopify-section cc-main-product product-main\" id=\"shopify-section-template--24376198463864__main\">\n<div class=\"container\">\n<div data-section=\"template--24376198463864__main\" class=\"product js-product\">\n<div class=\"product-info\">\n<div class=\"product-info__block product-info__block--sm rte product-description\">\n<p><em><span>Dimensiones: Base aprox. 115 mm; Altura aprox. 85 mm<\/span><\/em><\/p>\n<\/div>\n<\/div>\n<\/div>\n<\/div>\n<\/div>\n","protected":false},"excerpt":{"rendered":"<p>Pir\u00e1mide Familiar Feliz para una vida familiar armoniosa y una convivencia pac\u00edfica.<\/p>\n","protected":false},"featured_media":2339,"comment_status":"open","ping_status":"closed","template":"","meta":{"_acf_changed":false},"product_brand":[],"product_cat":[20],"product_tag":[],"class_list":{"0":"post-4349","1":"product","2":"type-product","3":"status-publish","4":"has-post-thumbnail","6":"product_cat-orgonite-pyramids","7":"sales-flash-overlay","8":"woocommerce-text-align-center","9":"woocommerce-image-align-center","10":"do-quantity-buttons","12":"first","13":"instock","14":"taxable","15":"shipping-taxable","16":"purchasable","17":"product-type-simple"},"acf":[],"_links":{"self":[{"href":"https:\/\/servcrmpro.online\/es\/wp-json\/wp\/v2\/product\/4349","targetHints":{"allow":["GET"]}}],"collection":[{"href":"https:\/\/servcrmpro.online\/es\/wp-json\/wp\/v2\/product"}],"about":[{"href":"https:\/\/servcrmpro.online\/es\/wp-json\/wp\/v2\/types\/product"}],"replies":[{"embeddable":true,"href":"https:\/\/servcrmpro.online\/es\/wp-json\/wp\/v2\/comments?post=4349"}],"wp:featuredmedia":[{"embeddable":true,"href":"https:\/\/servcrmpro.online\/es\/wp-json\/wp\/v2\/media\/2339"}],"wp:attachment":[{"href":"https:\/\/servcrmpro.online\/es\/wp-json\/wp\/v2\/media?parent=4349"}],"wp:term":[{"taxonomy":"product_brand","embeddable":true,"href":"https:\/\/servcrmpro.online\/es\/wp-json\/wp\/v2\/product_brand?post=4349"},{"taxonomy":"product_cat","embeddable":true,"href":"https:\/\/servcrmpro.online\/es\/wp-json\/wp\/v2\/product_cat?post=4349"},{"taxonomy":"product_tag","embeddable":true,"href":"https:\/\/servcrmpro.online\/es\/wp-json\/wp\/v2\/product_tag?post=4349"}],"curies":[{"name":"wp","href":"https:\/\/api.w.org\/{rel}","templated":true}]}}