{"id":4355,"date":"2026-02-05T08:50:39","date_gmt":"2026-02-05T08:50:39","guid":{"rendered":""},"modified":"2026-04-18T14:52:34","modified_gmt":"2026-04-18T12:52:34","slug":"small-turquoise-pendant-es","status":"publish","type":"product","link":"https:\/\/servcrmpro.online\/es\/producto\/small-turquoise-pendant-es\/","title":{"rendered":"Colgante Turquesa S"},"content":{"rendered":"<ul>\n<li> Colgante peque\u00f1o de orgonita turquesa<\/li>\n<\/ul>\n<p> Este hermoso y peque\u00f1o Colgante de Orgonita es el protector de viaje ideal.<\/p>\n<p> Todos nuestros Colgantes de Orgonita fortalecen tu campo bioenerg\u00e9tico (Aura), revitalizan tu cuerpo y te protegen de influencias nocivas como la radiaci\u00f3n electromagn\u00e9tica (EMF) o las energ\u00edas negativas.<\/p>\n<p> Adem\u00e1s del motivo decorativo del delf\u00edn, la espiral de cobre SBB y la orgonita, este colgante contiene varios cristales y piedras preciosas. Est\u00e1 adornado con cuentas de algod\u00f3n encerado y cuentas decorativas.<\/p>\n<h3> Aplicaciones:<\/h3>\n<ul>\n<li> Estimulaci\u00f3n general del chakra del coraz\u00f3n para aumentar la energ\u00eda.<\/li>\n<li> Protecci\u00f3n contra los campos electromagn\u00e9ticos<\/li>\n<li> Protecci\u00f3n contra ataques ps\u00edquicos (\u00abvampiros de energ\u00eda\u00bb)<\/li>\n<li> Tradicionalmente se cree que la turquesa es una piedra que nos protege de contratiempos mientras viajamos.<\/li>\n<li> La turquesa promueve el fortalecimiento, la claridad y la comunicaci\u00f3n clara.<\/li>\n<\/ul>\n<h3>Propiedades curativas t\u00edpicamente asociadas con las otras piedras preciosas contenidas en este colgante:<\/h3>\n<ul>\n<li>\n<p> <strong>Cuarzo:<\/strong> Claridad mental, siempre usado en orgonita para amplificar la salida de org\u00f3n.<\/li>\n<li>\n<p> <strong>Shungit:<\/strong> protecci\u00f3n EMF, protecci\u00f3n ps\u00edquica, conexi\u00f3n a tierra, purificaci\u00f3n y limpieza, calmante y relajaci\u00f3n.<\/li>\n<li>\n<p> <strong>Turmalina Negra:<\/strong> Talism\u00e1n de protecci\u00f3n, protege contra la radiaci\u00f3n y la contaminaci\u00f3n ambiental, conexi\u00f3n a tierra y calmante.<\/li>\n<li>\n<p> <strong>Labradorita:<\/strong> Piedra de poder y magia, levanta las inseguridades, alinea el cuerpo f\u00edsico con el ser superior.<\/li>\n<li>\n<p> <strong>Crisocolo:<\/strong> Equilibrante, calmante, desintoxicante<\/li>\n<li>\n<p> <strong>Mica:<\/strong> Escudos y protege, Claridad y Flexibilidad<\/li>\n<\/ul>\n<p> Este colgante se puede combinar muy bien con abalorios o integrarse en alguna otra joya.<\/p>\n<p> Dimensiones: altura &#8211; 10 mm, di\u00e1metro &#8211; 28 mm<br \/> (Este producto est\u00e1 hecho a mano y el producto final puede diferir ligeramente)<\/p>\n","protected":false},"excerpt":{"rendered":"<p>Este precioso peque\u00f1o colgante de orgonita es el protector de viaje ideal<\/p>\n","protected":false},"featured_media":210,"comment_status":"open","ping_status":"closed","template":"","meta":{"_acf_changed":false},"product_brand":[],"product_cat":[102],"product_tag":[],"class_list":{"0":"post-4355","1":"product","2":"type-product","3":"status-publish","4":"has-post-thumbnail","6":"product_cat-orgone-energy-pendants","7":"sales-flash-overlay","8":"woocommerce-text-align-center","9":"woocommerce-image-align-center","10":"do-quantity-buttons","12":"first","13":"instock","14":"taxable","15":"shipping-taxable","16":"purchasable","17":"product-type-simple"},"acf":[],"_links":{"self":[{"href":"https:\/\/servcrmpro.online\/es\/wp-json\/wp\/v2\/product\/4355","targetHints":{"allow":["GET"]}}],"collection":[{"href":"https:\/\/servcrmpro.online\/es\/wp-json\/wp\/v2\/product"}],"about":[{"href":"https:\/\/servcrmpro.online\/es\/wp-json\/wp\/v2\/types\/product"}],"replies":[{"embeddable":true,"href":"https:\/\/servcrmpro.online\/es\/wp-json\/wp\/v2\/comments?post=4355"}],"wp:featuredmedia":[{"embeddable":true,"href":"https:\/\/servcrmpro.online\/es\/wp-json\/wp\/v2\/media\/210"}],"wp:attachment":[{"href":"https:\/\/servcrmpro.online\/es\/wp-json\/wp\/v2\/media?parent=4355"}],"wp:term":[{"taxonomy":"product_brand","embeddable":true,"href":"https:\/\/servcrmpro.online\/es\/wp-json\/wp\/v2\/product_brand?post=4355"},{"taxonomy":"product_cat","embeddable":true,"href":"https:\/\/servcrmpro.online\/es\/wp-json\/wp\/v2\/product_cat?post=4355"},{"taxonomy":"product_tag","embeddable":true,"href":"https:\/\/servcrmpro.online\/es\/wp-json\/wp\/v2\/product_tag?post=4355"}],"curies":[{"name":"wp","href":"https:\/\/api.w.org\/{rel}","templated":true}]}}