{"id":4361,"date":"2026-02-05T08:50:57","date_gmt":"2026-02-05T08:50:57","guid":{"rendered":""},"modified":"2026-04-13T10:56:07","modified_gmt":"2026-04-13T08:56:07","slug":"orgonite-pyramid-l-es","status":"publish","type":"product","link":"https:\/\/servcrmpro.online\/es\/producto\/orgonite-pyramid-l-es\/","title":{"rendered":"Pir\u00e1mide de Orgonita L"},"content":{"rendered":"<p> <span style=\"font-family: verdana, geneva; font-size: medium;\"><strong>Gran pir\u00e1mide de orgonita para energizar tu hogar y espacio personal.<\/strong><\/span><\/p>\n<p> <span style=\"font-family: verdana, geneva; font-size: medium;\">Este es un enorme Orgone Energy y tambi\u00e9n un gran adorno decorativo para su hogar.<\/span><\/p>\n<p> <span style=\"font-family: verdana, geneva; font-size: medium;\">Todas nuestras Pir\u00e1mides de Orgonita contienen 5 puntas de cristal de Cuarzo. Estos se colocan en la punta de la pir\u00e1mide, y en su base apuntando en las 4 direcciones. Las puntas naturales de los cristales ayudan a crear un campo de Energ\u00eda Org\u00f3n mucho m\u00e1s potente, en comparaci\u00f3n con la rotura de Cuarzo que utilizamos en nuestros Towerbusters o Colgantes (que crea un campo de energ\u00eda m\u00e1s difuso).<\/span><\/p>\n<p><span style=\"font-family: verdana, geneva; font-size: medium;\">Las Pir\u00e1mides y los GHH tienen as\u00ed un flujo de energ\u00eda mucho m\u00e1s fuerte y dirigido y un radio de efecto m\u00e1s amplio. Los ps\u00edquicos y las personas sensibles a la energ\u00eda a menudo observar\u00e1n un rayo de energ\u00eda que sale de la cima de la Pir\u00e1mide o HHG; la mayor\u00eda de las personas pueden sentir esto al pasar la mano por el aire sobre la Pir\u00e1mide y lo describen como una sensaci\u00f3n c\u00e1lida u hormigueo o una presi\u00f3n en la palma de la mano.<\/span><\/p>\n<p> Dimensiones: largo &#8211; 115 mm, ancho &#8211; 115 mm, alto &#8211; 115 mm<br \/> (Este producto est\u00e1 hecho a mano y el producto final puede diferir ligeramente)<\/p>\n<p> <em><span style=\"font-family: verdana, geneva; font-size: medium;\">Coloreados en varios hermosos tonos transl\u00facidos: todos los productos est\u00e1n hechos a mano y pueden diferir ligeramente de la imagen.<\/span><\/em><\/p>\n<p> <em><span style=\"font-family: verdana, geneva; font-size: medium;\">Dimensiones: Base aproximadamente 115 mm;<\/span> <span style=\"font-family: verdana, geneva; font-size: medium;\">Altura aproximadamente 85 mm<\/span><\/em><\/p>\n<p><span style=\"font-family: verdana, geneva; font-size: medium;\"><br \/><\/span><\/p>\n<p>Pir\u00e1mide de orgonita<\/p>\n","protected":false},"excerpt":{"rendered":"<p>Gran Pir\u00e1mide de Orgonita para revitalizar tu hogar y tu espacio personal.<\/p>\n","protected":false},"featured_media":2336,"comment_status":"open","ping_status":"closed","template":"","meta":{"_acf_changed":false},"product_brand":[],"product_cat":[20],"product_tag":[],"class_list":{"0":"post-4361","1":"product","2":"type-product","3":"status-publish","4":"has-post-thumbnail","6":"product_cat-orgonite-pyramids","7":"sales-flash-overlay","8":"woocommerce-text-align-center","9":"woocommerce-image-align-center","10":"do-quantity-buttons","12":"first","13":"outofstock","14":"taxable","15":"shipping-taxable","16":"purchasable","17":"product-type-simple"},"acf":[],"_links":{"self":[{"href":"https:\/\/servcrmpro.online\/es\/wp-json\/wp\/v2\/product\/4361","targetHints":{"allow":["GET"]}}],"collection":[{"href":"https:\/\/servcrmpro.online\/es\/wp-json\/wp\/v2\/product"}],"about":[{"href":"https:\/\/servcrmpro.online\/es\/wp-json\/wp\/v2\/types\/product"}],"replies":[{"embeddable":true,"href":"https:\/\/servcrmpro.online\/es\/wp-json\/wp\/v2\/comments?post=4361"}],"wp:featuredmedia":[{"embeddable":true,"href":"https:\/\/servcrmpro.online\/es\/wp-json\/wp\/v2\/media\/2336"}],"wp:attachment":[{"href":"https:\/\/servcrmpro.online\/es\/wp-json\/wp\/v2\/media?parent=4361"}],"wp:term":[{"taxonomy":"product_brand","embeddable":true,"href":"https:\/\/servcrmpro.online\/es\/wp-json\/wp\/v2\/product_brand?post=4361"},{"taxonomy":"product_cat","embeddable":true,"href":"https:\/\/servcrmpro.online\/es\/wp-json\/wp\/v2\/product_cat?post=4361"},{"taxonomy":"product_tag","embeddable":true,"href":"https:\/\/servcrmpro.online\/es\/wp-json\/wp\/v2\/product_tag?post=4361"}],"curies":[{"name":"wp","href":"https:\/\/api.w.org\/{rel}","templated":true}]}}