{"id":4370,"date":"2026-02-05T08:51:27","date_gmt":"2026-02-05T08:51:27","guid":{"rendered":""},"modified":"2026-04-18T16:25:51","modified_gmt":"2026-04-18T14:25:51","slug":"small-sugilite-pendant-es","status":"publish","type":"product","link":"https:\/\/servcrmpro.online\/es\/producto\/small-sugilite-pendant-es\/","title":{"rendered":"Colgante Sugilita"},"content":{"rendered":"<p> <strong><span style=\"font-family: verdana, geneva; font-size: medium;\">Este peque\u00f1o y encantador colgante de orgonita es emocionalmente reconfortante y edificante.<\/span><\/strong><\/p>\n<\/p>\n<p><strong><span style=\"font-family: verdana, geneva; font-size: medium;\">Todos nuestros Colgantes de Orgonita:<\/span><\/strong><\/p>\n<p> <span style=\"font-family: verdana, geneva; font-size: medium;\">&#8211; Fortalece tu campo bioenerg\u00e9tico (Aura): esto te ayudar\u00e1 a evitar que las enfermedades y la negatividad<\/span> <span style=\"font-family: verdana, geneva; font-size: medium;\">irrumpan en tu vida.<\/span><\/p>\n<p> <span style=\"font-family: verdana, geneva; font-size: medium;\">&#8211; revitalizar su cuerpo \u2013 cualquier enfermedad o trastorno que ya est\u00e9 presente, puede eliminarse.<\/span><\/p>\n<p> <span style=\"font-family: verdana, geneva; font-size: medium;\">&#8211; le protege de influencias nocivas como la radiaci\u00f3n electromagn\u00e9tica (EMF) o<\/span> <span style=\"font-family: verdana, geneva; font-size: medium;\">las energ\u00edas<\/span> negativas<\/p>\n<\/p>\n<p> <span style=\"font-family: verdana, geneva; font-size: medium;\">La sugilita es uno de los minerales de piedras preciosas m\u00e1s raros y descubiertos m\u00e1s recientemente conocidos por el hombre. es rico<\/span><\/p>\n<p><span style=\"font-family: verdana, geneva; font-size: medium;\">Los tonos de p\u00farpura la convirtieron instant\u00e1neamente en una piedra preciosa muy buscada y venerada. S\u00f3lo se encuentra cerca<\/span><\/p>\n<p> <span style=\"font-family: verdana, geneva; font-size: medium;\">Kuruman en el semidesierto del Kalahari (cada vez m\u00e1s exuberante y verde gracias a nuestras continuas donaciones)<\/span><\/p>\n<p> <span style=\"font-family: verdana, geneva; font-size: medium;\">esfuerzos).<\/span><\/p>\n<\/p>\n<p> <span style=\"font-family: verdana, geneva; font-size: medium;\">Recibimos algunos bloques grandes de nuestro amigo, el poeta y coleccionista de minerales Donald Rikiert.<\/span><\/p>\n<p> <span style=\"font-family: verdana, geneva; font-size: medium;\">La sugilita puede ayudar a despejar la mente, abriendo el camino para el aumento de la conciencia. Tambi\u00e9n es beneficioso<\/span><\/p>\n<p> <span style=\"font-family: verdana, geneva; font-size: medium;\">en abrir y centrar su Chakra del Coraz\u00f3n.<\/span><\/p>\n<\/p>\n<p><span style=\"font-family: verdana, geneva; font-size: medium;\">El Colgante de Orgonita Sugilita tiene una bobina SBB de alambre de cobre recubierto de plata y peque\u00f1as migajas de .9999<\/span><\/p>\n<p> <span style=\"font-family: verdana, geneva; font-size: medium;\">plata fina y otras piedras curativas en la mezcla de Orgonita. Est\u00e1 adornado con cuentas en un cord\u00f3n de algod\u00f3n encerado con<\/span><\/p>\n<p> <span style=\"font-family: verdana, geneva; font-size: medium;\">cuentas de vidrio decorativas.<\/span><\/p>\n<p><span style=\"font-family: verdana, geneva; font-size: medium;\">\u00a0<\/span><\/p>\n<p><strong><span style=\"font-family: verdana, geneva; font-size: medium;\">Propiedades curativas t\u00edpicamente asociadas con las piedras preciosas y otros ingredientes contenidos en este<\/span><\/strong><\/p>\n<p> <strong><span style=\"font-family: verdana, geneva; font-size: medium;\">colgante:<\/span><\/strong><\/p>\n<p><span style=\"font-family: verdana, geneva; font-size: medium;\">\u00a0<\/span><\/p>\n<p><span style=\"font-family: verdana, geneva; font-size: medium;\">&#8211; <strong>Motivo de rosa de 6 hojas en papel decorativo plateado:<\/strong> s\u00edmbolo del amor<\/span><\/p>\n<p><span style=\"font-family: verdana, geneva; font-size: medium;\">&#8211; <strong>Migas de sugilita:<\/strong> claridad mental, chakra del coraz\u00f3n abierto, aumento de la conciencia<\/span><\/p>\n<p> <span style=\"font-family: verdana, geneva; font-size: medium;\">&#8211; <strong>Plata fina .9999:<\/strong> libera tus emociones, flexibilidad y empat\u00eda<\/span><\/p>\n<p> <span style=\"font-family: verdana, geneva; font-size: medium;\">&#8211; <strong>Copos de mica:<\/strong> te ayudan a concentrarte durante tus momentos de autorreflexi\u00f3n y comprensi\u00f3n; te protege<\/span> <span style=\"font-family: verdana, geneva; font-size: medium;\">contra la radiaci\u00f3n<\/span><\/p>\n<p> <span style=\"font-family: verdana, geneva; font-size: medium;\">&#8211; <strong>Bobina SBB de alambre plateado:<\/strong> revitalizante, especialmente cuando se lleva en el chakra del coraz\u00f3n.<\/span><\/p>\n<p> <span style=\"font-family: verdana, geneva; font-size: medium;\">&#8211; <strong>Migas de Cuarzo:<\/strong> amplifica la energ\u00eda generada por la Orgonita<\/span><\/p>\n<p><span style=\"font-family: verdana, geneva; font-size: medium;\">&#8211; <strong>Migas de amatista:<\/strong> sobriedad, capacidad de concentraci\u00f3n, estado de alerta.<\/span><\/p>\n<p><span style=\"font-family: verdana, geneva; font-size: medium;\">\u00a0<\/span><\/p>\n<p><span style=\"font-family: verdana, geneva; font-size: medium;\">Este colgante se puede combinar muy bien con abalorios o integrarse en alguna otra joya.<\/span><\/p>\n<p> Dimensiones: altura &#8211; 10 mm, di\u00e1metro &#8211; 28 mm<br \/> (Este producto est\u00e1 hecho a mano y el producto final puede diferir ligeramente)<\/p>\n","protected":false},"excerpt":{"rendered":"<p>Este precioso peque\u00f1o colgante de orgonita es emocionalmente reconfortante y inspirador.<\/p>\n","protected":false},"featured_media":2334,"comment_status":"open","ping_status":"closed","template":"","meta":{"_acf_changed":false},"product_brand":[],"product_cat":[102],"product_tag":[],"class_list":{"0":"post-4370","1":"product","2":"type-product","3":"status-publish","4":"has-post-thumbnail","6":"product_cat-orgone-energy-pendants","7":"sales-flash-overlay","8":"woocommerce-text-align-center","9":"woocommerce-image-align-center","10":"do-quantity-buttons","12":"first","13":"instock","14":"taxable","15":"shipping-taxable","16":"purchasable","17":"product-type-simple"},"acf":[],"_links":{"self":[{"href":"https:\/\/servcrmpro.online\/es\/wp-json\/wp\/v2\/product\/4370","targetHints":{"allow":["GET"]}}],"collection":[{"href":"https:\/\/servcrmpro.online\/es\/wp-json\/wp\/v2\/product"}],"about":[{"href":"https:\/\/servcrmpro.online\/es\/wp-json\/wp\/v2\/types\/product"}],"replies":[{"embeddable":true,"href":"https:\/\/servcrmpro.online\/es\/wp-json\/wp\/v2\/comments?post=4370"}],"wp:featuredmedia":[{"embeddable":true,"href":"https:\/\/servcrmpro.online\/es\/wp-json\/wp\/v2\/media\/2334"}],"wp:attachment":[{"href":"https:\/\/servcrmpro.online\/es\/wp-json\/wp\/v2\/media?parent=4370"}],"wp:term":[{"taxonomy":"product_brand","embeddable":true,"href":"https:\/\/servcrmpro.online\/es\/wp-json\/wp\/v2\/product_brand?post=4370"},{"taxonomy":"product_cat","embeddable":true,"href":"https:\/\/servcrmpro.online\/es\/wp-json\/wp\/v2\/product_cat?post=4370"},{"taxonomy":"product_tag","embeddable":true,"href":"https:\/\/servcrmpro.online\/es\/wp-json\/wp\/v2\/product_tag?post=4370"}],"curies":[{"name":"wp","href":"https:\/\/api.w.org\/{rel}","templated":true}]}}