{"id":4373,"date":"2026-02-05T08:51:43","date_gmt":"2026-02-05T08:51:43","guid":{"rendered":""},"modified":"2026-04-08T21:03:18","modified_gmt":"2026-04-08T19:03:18","slug":"5g-equalizer-es","status":"publish","type":"product","link":"https:\/\/servcrmpro.online\/es\/producto\/5g-equalizer-es\/","title":{"rendered":"ecualizador 5g"},"content":{"rendered":"<h1> Potente Orgonita para mitigar los efectos de la radiaci\u00f3n de 5g.<\/h1>\n<p> Potente rompetorres de orgonita especialmente formulado para contrarrestar la amenaza de 5g.<\/p>\n<p> Se han dicho muchas cosas sobre los peligros de la radiaci\u00f3n generalizada de 5 g para la salud y el bienestar. Por eso hemos formulado este Towerbuster de orgonita ecualizador especial de 5 g especialmente para una m\u00e1xima protecci\u00f3n contra la radiaci\u00f3n.<\/p>\n<p>El principal ingrediente mineral junto a la mezcla est\u00e1ndar de orgonita con cristal de cuarzo es la galenita, un cristal pesado de sulfato de plomo y aproximadamente un 2% de plata. La galenita absorbe mucho la radiaci\u00f3n. \u00bfRecuerda los delantales de plomo que usan las enfermeras o los m\u00e9dicos cuando le toman una radiograf\u00eda?<\/p>\n<p> Otros minerales a\u00f1adidos:<\/p>\n<ul>\n<li> Turmalina Negra<\/li>\n<li> Shungit<\/li>\n<li> Cuarzo ahumado<\/li>\n<li> Malaquita<\/li>\n<li> Chorro<\/li>\n<li> Cristales a base de \u00f3xido de hierro de Kuruman<\/li>\n<\/ul>\n<p> Todo esto proporciona una protecci\u00f3n muy potente contra 5 gy otras radiaciones de microondas similares.<\/p>\n<p> Te recomendamos esto en tu espacio personal, especialmente si eres muy electrosensible. Un buen lugar ser\u00eda cerca o cerca de su enrutador wifi.<\/p>\n<p> Para obtener el m\u00e1ximo beneficio, \u00faselo en todos los transmisores 5g cercanos, enrutadores WIFI potentes en su casa u oficina y en cualquier antena de telefon\u00eda celular. (5 g o menos dentro de 500 m, mejor a 5 km, de su casa o lugar de trabajo) De lo contrario, las torres de telefon\u00eda celular comunes a\u00fan pueden recibir TB de \u00abHarry el Sucio\u00bb. Esto significa que lo escondes cerca de la antena, no s\u00f3lo en tu propiedad.<\/p>\n<p> Dimensiones: altura &#8211; 24 mm, di\u00e1metro &#8211; 60 mm <br \/>(Este producto est\u00e1 hecho a mano y el producto final puede diferir ligeramente)<\/p>\n","protected":false},"excerpt":{"rendered":"<p>Un potente destructor de torres de orgonita, especialmente formulado para contrarrestar la amenaza del 5G.<\/p>\n","protected":false},"featured_media":218,"comment_status":"open","ping_status":"closed","template":"","meta":{"_acf_changed":false},"product_brand":[],"product_cat":[34],"product_tag":[],"class_list":{"0":"post-4373","1":"product","2":"type-product","3":"status-publish","4":"has-post-thumbnail","6":"product_cat-emf-protection","7":"sales-flash-overlay","8":"woocommerce-text-align-center","9":"woocommerce-image-align-center","10":"do-quantity-buttons","12":"first","13":"instock","14":"sale","15":"taxable","16":"shipping-taxable","17":"purchasable","18":"product-type-simple"},"acf":[],"_links":{"self":[{"href":"https:\/\/servcrmpro.online\/es\/wp-json\/wp\/v2\/product\/4373","targetHints":{"allow":["GET"]}}],"collection":[{"href":"https:\/\/servcrmpro.online\/es\/wp-json\/wp\/v2\/product"}],"about":[{"href":"https:\/\/servcrmpro.online\/es\/wp-json\/wp\/v2\/types\/product"}],"replies":[{"embeddable":true,"href":"https:\/\/servcrmpro.online\/es\/wp-json\/wp\/v2\/comments?post=4373"}],"wp:featuredmedia":[{"embeddable":true,"href":"https:\/\/servcrmpro.online\/es\/wp-json\/wp\/v2\/media\/218"}],"wp:attachment":[{"href":"https:\/\/servcrmpro.online\/es\/wp-json\/wp\/v2\/media?parent=4373"}],"wp:term":[{"taxonomy":"product_brand","embeddable":true,"href":"https:\/\/servcrmpro.online\/es\/wp-json\/wp\/v2\/product_brand?post=4373"},{"taxonomy":"product_cat","embeddable":true,"href":"https:\/\/servcrmpro.online\/es\/wp-json\/wp\/v2\/product_cat?post=4373"},{"taxonomy":"product_tag","embeddable":true,"href":"https:\/\/servcrmpro.online\/es\/wp-json\/wp\/v2\/product_tag?post=4373"}],"curies":[{"name":"wp","href":"https:\/\/api.w.org\/{rel}","templated":true}]}}