{"id":4382,"date":"2026-02-05T08:53:05","date_gmt":"2026-02-05T08:53:05","guid":{"rendered":""},"modified":"2026-04-06T07:31:50","modified_gmt":"2026-04-06T05:31:50","slug":"orgonite-pendant-silver-heart-selenite-es","status":"publish","type":"product","link":"https:\/\/servcrmpro.online\/es\/producto\/orgonite-pendant-silver-heart-selenite-es\/","title":{"rendered":"Coraz\u00f3n de plata selenita"},"content":{"rendered":"<h2> <strong>Orgonita Arte Coraz\u00f3n de Plata<\/strong><br \/>\n<\/h2>\n<p> Este colgante sobrio y elegante es perfecto en estos tiempos turbulentos y exigentes. La selenita promueve la claridad mental. Mantener la calma y la serenidad y mantener la cabeza fr\u00eda.<\/p>\n<p> Una rica mezcla de otros minerales curativos a\u00f1ade vitalidad. La adici\u00f3n de los aceites b\u00edblicos Incienso y Mirra le confieren una vibraci\u00f3n espiritual muy alta.<\/p>\n<h3> Ingredientes:<\/h3>\n<p> <strong>Frente<\/strong><\/p>\n<ul>\n<li> <strong>Selenita<\/strong>\n<\/li>\n<li> <strong>cianita<\/strong>\n<\/li>\n<\/ul>\n<p> <strong>Atr\u00e1s<\/strong><\/p>\n<ul>\n<li> <strong>Mezcla de orgonita con limaduras de bronce.<\/strong>\n<\/li>\n<li> <strong>Labradorita<\/strong>\n<\/li>\n<li> <strong>cianita<\/strong>\n<\/li>\n<li> <strong>Incienso<\/strong>\n<\/li>\n<li> <strong>mirhh<\/strong>\n<\/li>\n<li> <strong>Cuarzo rosa<\/strong>\n<\/li>\n<li> <strong>Amatista<\/strong>\n<\/li>\n<li> <strong>Rastros de Shungit y Selenita<\/strong>\n<\/li>\n<\/ul>\n<p> Dimensiones: espesor &#8211; 10 mm, di\u00e1metro &#8211; 50 mm<br \/> Este producto est\u00e1 hecho a mano, cada uno se ver\u00e1 ligeramente diferente.<\/p>\n","protected":false},"excerpt":{"rendered":"<p>Este elegante colgante discreto es perfecto en estos tiempos turbulentos y exigentes. La selenita fomenta la claridad mental. Mantener la calma y la compostura y mantener la calma.<\/p>\n","protected":false},"featured_media":2333,"comment_status":"open","ping_status":"closed","template":"","meta":{"_acf_changed":false},"product_brand":[],"product_cat":[102],"product_tag":[],"class_list":{"0":"post-4382","1":"product","2":"type-product","3":"status-publish","4":"has-post-thumbnail","6":"product_cat-orgone-energy-pendants","7":"sales-flash-overlay","8":"woocommerce-text-align-center","9":"woocommerce-image-align-center","10":"do-quantity-buttons","12":"first","13":"instock","14":"taxable","15":"shipping-taxable","16":"purchasable","17":"product-type-simple"},"acf":[],"_links":{"self":[{"href":"https:\/\/servcrmpro.online\/es\/wp-json\/wp\/v2\/product\/4382","targetHints":{"allow":["GET"]}}],"collection":[{"href":"https:\/\/servcrmpro.online\/es\/wp-json\/wp\/v2\/product"}],"about":[{"href":"https:\/\/servcrmpro.online\/es\/wp-json\/wp\/v2\/types\/product"}],"replies":[{"embeddable":true,"href":"https:\/\/servcrmpro.online\/es\/wp-json\/wp\/v2\/comments?post=4382"}],"wp:featuredmedia":[{"embeddable":true,"href":"https:\/\/servcrmpro.online\/es\/wp-json\/wp\/v2\/media\/2333"}],"wp:attachment":[{"href":"https:\/\/servcrmpro.online\/es\/wp-json\/wp\/v2\/media?parent=4382"}],"wp:term":[{"taxonomy":"product_brand","embeddable":true,"href":"https:\/\/servcrmpro.online\/es\/wp-json\/wp\/v2\/product_brand?post=4382"},{"taxonomy":"product_cat","embeddable":true,"href":"https:\/\/servcrmpro.online\/es\/wp-json\/wp\/v2\/product_cat?post=4382"},{"taxonomy":"product_tag","embeddable":true,"href":"https:\/\/servcrmpro.online\/es\/wp-json\/wp\/v2\/product_tag?post=4382"}],"curies":[{"name":"wp","href":"https:\/\/api.w.org\/{rel}","templated":true}]}}