{"id":4391,"date":"2026-02-05T08:54:12","date_gmt":"2026-02-05T08:54:12","guid":{"rendered":""},"modified":"2026-04-16T20:22:05","modified_gmt":"2026-04-16T18:22:05","slug":"massive-orgone-starter-es","status":"publish","type":"product","link":"https:\/\/servcrmpro.online\/es\/producto\/massive-orgone-starter-es\/","title":{"rendered":"Arrancador de org\u00f3n masivo"},"content":{"rendered":"<h3> \u00a1Comienza tu vida como un guerrero org\u00f3n con impacto!<\/h3>\n<p> Si realmente quieres llegar al plano del don de org\u00f3n con una gran explosi\u00f3n, \u00a1esto es para ti!<\/p>\n<p>Un <a title=\"Rompenubes de orgonita\" href=\"http:\/\/www.orgoniseafrica.com\/orgonite-cloudbuster-28.html\" target=\"_blank\" rel=\"noopener\">destructor de nubes de orgonita est\u00e1ndar<\/a> de tama\u00f1o completo, 100 <a title=\"\" href=\"http:\/\/www.orgoniseafrica.com\/orgonite-towerbuster.html\" target=\"_blank\" dirty harry orgonite towerbuster rel=\"noopener\">destructores de torres \u00abHarry el Sucio\u00bb<\/a> , 10 <a title=\"Tubo de tierra de orgonita\" href=\"http:\/\/www.orgoniseafrica.com\/orgonite-earthpipe.html\" target=\"_blank\" rel=\"noopener\">tubos de tierra de orgonita<\/a> y 5 <a title=\"Orgonita HHG\" href=\"http:\/\/www.orgoniseafrica.com\/orgonite-hhg.html\" target=\"_blank\" rel=\"noopener\">HHG de orgonita est\u00e1ndar<\/a> definitivamente deber\u00edan ordenar energ\u00e9ticamente una ciudad de tama\u00f1o mediano.<\/p>\n<p>Como sabr\u00e1, un <a title=\"Rompenubes de orgonita\" href=\"http:\/\/www.orgoniseafrica.com\/orgonite-cloudbuster-28.html\" target=\"_blank\" rel=\"noopener\">CB<\/a> necesita la propagaci\u00f3n de <a title=\"\" href=\"http:\/\/www.orgoniseafrica.com\/orgonite-towerbuster.html\" target=\"_blank\" dirty harry orgonite towerbuster rel=\"noopener\">TB<\/a> y la neutralizaci\u00f3n efectiva de las torres de telefon\u00eda celular y otros emisores DOR que modifican el clima en sus alrededores para poder ser completamente efectivo.<\/p>\n<p> <a title=\"Tubo de tierra de orgonita\" href=\"http:\/\/www.orgoniseafrica.com\/orgonite-earthpipe.html\" target=\"_blank\" rel=\"noopener\">Los Earthpipes de Org\u00f3n<\/a> est\u00e1n dise\u00f1ados espec\u00edficamente para infundir energ\u00eda positiva a la Tierra. Dondequiera que sientas l\u00edneas de energ\u00eda negativa, cosas subterr\u00e1neas, ya sea et\u00e9rica o parte de la infraestructura secreta del Nuevo Orden Mundial: ah\u00ed es donde las clavas.<\/p>\n<p><a title=\"Orgonita HHG\" href=\"http:\/\/www.orgoniseafrica.com\/orgonite-hhg.html\" target=\"_blank\" rel=\"noopener\">Los HHG<\/a> son potentes generadores de org\u00f3n y pueden usarse para orgonizar su casa y su jard\u00edn o neutralizar fuentes realmente potentes de energ\u00edas negativas, como conjuntos de antenas particularmente masivas.<\/p>\n<p> Siga los informes de obsequios sobre <a href=\"\" http:>Etheric Warriors<\/a> o lea <a href=\"\" http:>el compendio de obsequios<\/a> de Don aqu\u00ed en este sitio para obtener m\u00e1s pistas sobre c\u00f3mo desplegar este \u00abpoder de fuego\u00bb positivo en su rinc\u00f3n del mundo.<\/p>\n<h4> \u00a1T\u00fa vida no volver\u00e1 a ser la misma de nuevo!<\/h4>\n<h3> Lo que lo hace a\u00fan m\u00e1s caliente:<\/h3>\n<p> En este paquete de orgonita, ahorra un 15% en lugar de comprar los art\u00edculos por separado, donde los art\u00edculos ya est\u00e1n calculados a precios al por mayor cuando corresponda.<\/p>\n<p><span style=\"font-size: 12px;\"><br \/><\/span><\/p>\n","protected":false},"excerpt":{"rendered":"<p>Si realmente quieres llegar al plano de regalar orgones con un gran estruendo, \u00a1esto es para ti! Un Destructor de Nube de Orgonita Est\u00e1ndar de tama\u00f1o completo, 100 Towerbuster \u00abHarry Sucio\u00bb, 10 Tuber\u00edas de Tierra de Orgonita y 5 HHG de Orgonita Est\u00e1ndar deber\u00edan resolver energ\u00e9ticamente un pueblo de tama\u00f1o medio. Como sabr\u00e1s, un&#8230;<\/p>\n","protected":false},"featured_media":2331,"comment_status":"open","ping_status":"closed","template":"","meta":{"_acf_changed":false},"product_brand":[],"product_cat":[48],"product_tag":[],"class_list":{"0":"post-4391","1":"product","2":"type-product","3":"status-publish","4":"has-post-thumbnail","6":"product_cat-bundles-kits","7":"sales-flash-overlay","8":"woocommerce-text-align-center","9":"woocommerce-image-align-center","10":"do-quantity-buttons","12":"first","13":"outofstock","14":"taxable","15":"shipping-taxable","16":"purchasable","17":"product-type-simple"},"acf":[],"_links":{"self":[{"href":"https:\/\/servcrmpro.online\/es\/wp-json\/wp\/v2\/product\/4391","targetHints":{"allow":["GET"]}}],"collection":[{"href":"https:\/\/servcrmpro.online\/es\/wp-json\/wp\/v2\/product"}],"about":[{"href":"https:\/\/servcrmpro.online\/es\/wp-json\/wp\/v2\/types\/product"}],"replies":[{"embeddable":true,"href":"https:\/\/servcrmpro.online\/es\/wp-json\/wp\/v2\/comments?post=4391"}],"wp:featuredmedia":[{"embeddable":true,"href":"https:\/\/servcrmpro.online\/es\/wp-json\/wp\/v2\/media\/2331"}],"wp:attachment":[{"href":"https:\/\/servcrmpro.online\/es\/wp-json\/wp\/v2\/media?parent=4391"}],"wp:term":[{"taxonomy":"product_brand","embeddable":true,"href":"https:\/\/servcrmpro.online\/es\/wp-json\/wp\/v2\/product_brand?post=4391"},{"taxonomy":"product_cat","embeddable":true,"href":"https:\/\/servcrmpro.online\/es\/wp-json\/wp\/v2\/product_cat?post=4391"},{"taxonomy":"product_tag","embeddable":true,"href":"https:\/\/servcrmpro.online\/es\/wp-json\/wp\/v2\/product_tag?post=4391"}],"curies":[{"name":"wp","href":"https:\/\/api.w.org\/{rel}","templated":true}]}}