{"id":4394,"date":"2026-02-05T08:54:30","date_gmt":"2026-02-05T08:54:30","guid":{"rendered":""},"modified":"2026-04-13T23:50:55","modified_gmt":"2026-04-13T21:50:55","slug":"coeur-d-or-orgonite-pendant-es","status":"publish","type":"product","link":"https:\/\/servcrmpro.online\/es\/producto\/coeur-d-or-orgonite-pendant-es\/","title":{"rendered":"Orgonita Coeur d&#8217;Or"},"content":{"rendered":"<h1> Compasi\u00f3n, amor y autoaceptaci\u00f3n.<\/h1>\n<p>As\u00ed es el colgante de orgonita del amor de una forma sencilla y a la moda. \u00ab\u00c1mate a ti mismo como amas a tu pr\u00f3jimo\u00bb es el mensaje de este precioso colgante de orgonita. Como toda orgonita, por supuesto, te protege de los efectos negativos de la omnipresente radiaci\u00f3n emf, la sopa electromagn\u00e9tica que causa el estancamiento de la energ\u00eda vital o DOR.<\/p>\n<p> <strong>Ingredientes:<\/strong><\/p>\n<ul>\n<li> Matriz de orgonita<\/li>\n<li> Cuarzo<\/li>\n<li> Aventurina Roja<\/li>\n<li> Rodonita<\/li>\n<li> rodocrosita<\/li>\n<li> Hoja de oro<\/li>\n<\/ul>\n<p> Dimensiones: espesor &#8211; 6 mm, di\u00e1metro &#8211; 35 mm<br \/> (Este producto est\u00e1 hecho a mano y el producto final puede diferir ligeramente)<\/p>\n","protected":false},"excerpt":{"rendered":"<p>Este es el colgante de orgonita del amor de una manera sencilla y a la moda. \u00ab\u00c1mate a ti mismo como amas a tu pr\u00f3jimo\u00bb es el mensaje de este hermoso colgante de orgonita. Como toda la orgonita, por supuesto te protege de los efectos negativos de la omnipresente radiaci\u00f3n electromagn\u00e9tica, la sopa electromagn\u00e9tica&#8230;<\/p>\n","protected":false},"featured_media":231,"comment_status":"open","ping_status":"closed","template":"","meta":{"_acf_changed":false},"product_brand":[],"product_cat":[102,20],"product_tag":[],"class_list":{"0":"post-4394","1":"product","2":"type-product","3":"status-publish","4":"has-post-thumbnail","6":"product_cat-orgone-energy-pendants","7":"product_cat-orgonite-pyramids","8":"sales-flash-overlay","9":"woocommerce-text-align-center","10":"woocommerce-image-align-center","11":"do-quantity-buttons","13":"first","14":"instock","15":"taxable","16":"shipping-taxable","17":"purchasable","18":"product-type-simple"},"acf":[],"_links":{"self":[{"href":"https:\/\/servcrmpro.online\/es\/wp-json\/wp\/v2\/product\/4394","targetHints":{"allow":["GET"]}}],"collection":[{"href":"https:\/\/servcrmpro.online\/es\/wp-json\/wp\/v2\/product"}],"about":[{"href":"https:\/\/servcrmpro.online\/es\/wp-json\/wp\/v2\/types\/product"}],"replies":[{"embeddable":true,"href":"https:\/\/servcrmpro.online\/es\/wp-json\/wp\/v2\/comments?post=4394"}],"wp:featuredmedia":[{"embeddable":true,"href":"https:\/\/servcrmpro.online\/es\/wp-json\/wp\/v2\/media\/231"}],"wp:attachment":[{"href":"https:\/\/servcrmpro.online\/es\/wp-json\/wp\/v2\/media?parent=4394"}],"wp:term":[{"taxonomy":"product_brand","embeddable":true,"href":"https:\/\/servcrmpro.online\/es\/wp-json\/wp\/v2\/product_brand?post=4394"},{"taxonomy":"product_cat","embeddable":true,"href":"https:\/\/servcrmpro.online\/es\/wp-json\/wp\/v2\/product_cat?post=4394"},{"taxonomy":"product_tag","embeddable":true,"href":"https:\/\/servcrmpro.online\/es\/wp-json\/wp\/v2\/product_tag?post=4394"}],"curies":[{"name":"wp","href":"https:\/\/api.w.org\/{rel}","templated":true}]}}