{"id":4406,"date":"2026-02-05T08:56:40","date_gmt":"2026-02-05T08:56:40","guid":{"rendered":""},"modified":"2026-04-06T07:31:51","modified_gmt":"2026-04-06T05:31:51","slug":"orgonite-gifting-starter-bundle-es","status":"publish","type":"product","link":"https:\/\/servcrmpro.online\/es\/producto\/orgonite-gifting-starter-bundle-es\/","title":{"rendered":"Paquete inicial de regalos de orgonita"},"content":{"rendered":"<p>Este pack de regalo de orgonita incluye<\/p>\n<p>&#8211; 50 \u00abDirty Harry\u00bb (towerbusters de orgonita)<\/p>\n<p>&#8211; 5 ecualizadores de 5 g<\/p>\n<p>&#8211; 1 HHG de orgonita<\/p>\n<p>&#8211; 3 agujas de tierra<\/p>\n<p>Los \u00abtowerbusters\u00bb sirven para tratar con orgonita todas las torres de telefon\u00eda m\u00f3vil y antenas 5G situadas en los tejados de tu zona. Es mejor tratar m\u00e1s emplazamientos con menos orgonita que saturar de tratamiento los emplazamientos individuales. 1-2 \u00abtowerbusters\u00bb por cada torre de telefon\u00eda m\u00f3vil normal es un buen comienzo. En las inmediaciones de tu casa, es posible que quieras hacer m\u00e1s. Para las torres m\u00e1s cercanas a tu casa, yo reservar\u00eda los ecualizadores 5G. Uno de ellos tambi\u00e9n se puede utilizar para neutralizar tu m\u00f3dem.<\/p>\n<p>El HHG va en tu casa, si a\u00fan no tienes all\u00ed un generador de org\u00f3n potente, y las agujas de tierra sirven para neutralizar las energ\u00edas negativas del suelo.<\/p>\n<p>Por supuesto, un radiestesista experimentado sabr\u00e1 d\u00f3nde est\u00e1, pero como no puedes hacer ning\u00fan da\u00f1o, sigue tu intuici\u00f3n. \u00a1No le des demasiadas vueltas! Ayuda aprender a usar un p\u00e9ndulo. <a title=\"how to ask your pendulum simple yes-no questions\" href=\"https:\/\/askyourpendulum.com\/pages\/how-to-use-a-pendulum\" rel=\"noopener\" target=\"_blank\">Aqu\u00ed encontrar\u00e1s un sencillo tutorial<\/a> sobre c\u00f3mo radiestetizar con un p\u00e9ndulo. No hace falta que compres sus p\u00e9ndulos sofisticados. Cualquiera de nuestros amuletos de orgonita servir\u00e1. Incluso es \u00fatil usar algo que lleves puesto a diario, ya que estar\u00e1 en sinton\u00eda con tu energ\u00eda. Cualquier peso colgado de un cord\u00f3n funcionar\u00e1 como p\u00e9ndulo.<\/p>\n<p>Consulta nuestros <a title=\"orgonite gifting tips\" href=\"https:\/\/www.orgoniseafrica.com\/en\/what-is-orgonite\/orgonite-wiki\/tactical-orgonite-gifting-tips\" rel=\"noopener\" target=\"_blank\">consejos<\/a> para <a title=\"orgonite gifting tips\" href=\"https:\/\/www.orgoniseafrica.com\/en\/what-is-orgonite\/orgonite-wiki\/tactical-orgonite-gifting-tips\" rel=\"noopener\" target=\"_blank\">regalar orgonita<\/a> si quieres m\u00e1s ideas sobre estrategias b\u00e1sicas para regalar orgonita.<\/p>\n<p>Tambi\u00e9n hemos desarrollado algunas ideas b\u00e1sicas sobre c\u00f3mo regalar a tu casa y jard\u00edn que complementan esto. Echa un <a title=\"Orgonite gifting around the house\" href=\"https:\/\/www.orgoniseafrica.com\/en\/what-is-orgonite\/orgonite-for-beginners\/orgonite-around-the-house\" rel=\"noopener\" target=\"_blank\">vistazo aqu\u00ed<\/a><\/p>\n<p>En general, no puedo insistir lo suficiente en que no hay nada correcto o incorrecto en el regalo de orgonita. Todos los que regalan desarrollan su estilo personal de acuerdo con sus sensibilidades y prioridades espec\u00edficas. Eso es lo incre\u00edble de esta comunidad.<\/p>\n<p>Quiz\u00e1 te interese leer un poco en nuestra secci\u00f3n de informes <a title=\"Orgonise Africa orgonite gifting safaris\" href=\"https:\/\/www.orgoniseafrica.com\/en\/orgonite-gifting-safaris\" rel=\"noopener\" target=\"_blank\">de expediciones de obsequios de orgonita<\/a>. No solo te mostrar\u00e1 c\u00f3mo lo hemos estado haciendo, sino tambi\u00e9n la evoluci\u00f3n de nuestro enfoque a lo largo del tiempo.<\/p>\n","protected":false},"excerpt":{"rendered":"<p>Este paquete de regalo de orgonita contiene<\/p>\n","protected":false},"featured_media":2329,"comment_status":"open","ping_status":"closed","template":"","meta":{"_acf_changed":false},"product_brand":[],"product_cat":[48,107],"product_tag":[],"class_list":{"0":"post-4406","1":"product","2":"type-product","3":"status-publish","4":"has-post-thumbnail","6":"product_cat-bundles-kits","7":"product_cat-orgonite-gifts","8":"sales-flash-overlay","9":"woocommerce-text-align-center","10":"woocommerce-image-align-center","11":"do-quantity-buttons","13":"first","14":"instock","15":"sale","16":"taxable","17":"shipping-taxable","18":"purchasable","19":"product-type-simple"},"acf":[],"_links":{"self":[{"href":"https:\/\/servcrmpro.online\/es\/wp-json\/wp\/v2\/product\/4406","targetHints":{"allow":["GET"]}}],"collection":[{"href":"https:\/\/servcrmpro.online\/es\/wp-json\/wp\/v2\/product"}],"about":[{"href":"https:\/\/servcrmpro.online\/es\/wp-json\/wp\/v2\/types\/product"}],"replies":[{"embeddable":true,"href":"https:\/\/servcrmpro.online\/es\/wp-json\/wp\/v2\/comments?post=4406"}],"wp:featuredmedia":[{"embeddable":true,"href":"https:\/\/servcrmpro.online\/es\/wp-json\/wp\/v2\/media\/2329"}],"wp:attachment":[{"href":"https:\/\/servcrmpro.online\/es\/wp-json\/wp\/v2\/media?parent=4406"}],"wp:term":[{"taxonomy":"product_brand","embeddable":true,"href":"https:\/\/servcrmpro.online\/es\/wp-json\/wp\/v2\/product_brand?post=4406"},{"taxonomy":"product_cat","embeddable":true,"href":"https:\/\/servcrmpro.online\/es\/wp-json\/wp\/v2\/product_cat?post=4406"},{"taxonomy":"product_tag","embeddable":true,"href":"https:\/\/servcrmpro.online\/es\/wp-json\/wp\/v2\/product_tag?post=4406"}],"curies":[{"name":"wp","href":"https:\/\/api.w.org\/{rel}","templated":true}]}}