{"id":4409,"date":"2026-02-05T08:56:54","date_gmt":"2026-02-05T08:56:54","guid":{"rendered":""},"modified":"2026-04-18T17:55:26","modified_gmt":"2026-04-18T15:55:26","slug":"orgonite-money-fest-pendant-es","status":"publish","type":"product","link":"https:\/\/servcrmpro.online\/es\/producto\/orgonite-money-fest-pendant-es\/","title":{"rendered":"Colgante Moneyfest"},"content":{"rendered":"<p> La atracci\u00f3n es, al mismo tiempo, la base de la homeopat\u00eda y la magia. As\u00ed, de la misma manera que ponemos agua en un rompe nubes o en las tuber\u00edas, agregamos una representaci\u00f3n de la energ\u00eda del dinero, una moneda, para atraer un saludable flujo de abundancia a tu vida.<\/p>\n<p> El dinero incluido procede del Banco de la Reserva de Sud\u00e1frica, ya retirado de la circulaci\u00f3n.<\/p>\n<p> Dimensiones: espesor &#8211; 10 mm, di\u00e1metro &#8211; 20 mm<br \/> (Este producto est\u00e1 hecho a mano y el producto final puede diferir ligeramente)<\/p>\n","protected":false},"excerpt":{"rendered":"<p>La atracci\u00f3n es, al mismo tiempo, la base de la homeopat\u00eda y la magia. As\u00ed, de la misma manera que ponemos agua en un cloudbuster o en las tuber\u00edas, a\u00f1adimos una representaci\u00f3n de la energ\u00eda del dinero, una moneda, para atraer un flujo saludable de abundancia a tu vida. El dinero incluido proviene de la Reserva Sudafricana&#8230;<\/p>\n","protected":false},"featured_media":239,"comment_status":"open","ping_status":"closed","template":"","meta":{"_acf_changed":false},"product_brand":[],"product_cat":[102],"product_tag":[],"class_list":{"0":"post-4409","1":"product","2":"type-product","3":"status-publish","4":"has-post-thumbnail","6":"product_cat-orgone-energy-pendants","7":"sales-flash-overlay","8":"woocommerce-text-align-center","9":"woocommerce-image-align-center","10":"do-quantity-buttons","12":"first","13":"instock","14":"taxable","15":"shipping-taxable","16":"purchasable","17":"product-type-simple"},"acf":[],"_links":{"self":[{"href":"https:\/\/servcrmpro.online\/es\/wp-json\/wp\/v2\/product\/4409","targetHints":{"allow":["GET"]}}],"collection":[{"href":"https:\/\/servcrmpro.online\/es\/wp-json\/wp\/v2\/product"}],"about":[{"href":"https:\/\/servcrmpro.online\/es\/wp-json\/wp\/v2\/types\/product"}],"replies":[{"embeddable":true,"href":"https:\/\/servcrmpro.online\/es\/wp-json\/wp\/v2\/comments?post=4409"}],"wp:featuredmedia":[{"embeddable":true,"href":"https:\/\/servcrmpro.online\/es\/wp-json\/wp\/v2\/media\/239"}],"wp:attachment":[{"href":"https:\/\/servcrmpro.online\/es\/wp-json\/wp\/v2\/media?parent=4409"}],"wp:term":[{"taxonomy":"product_brand","embeddable":true,"href":"https:\/\/servcrmpro.online\/es\/wp-json\/wp\/v2\/product_brand?post=4409"},{"taxonomy":"product_cat","embeddable":true,"href":"https:\/\/servcrmpro.online\/es\/wp-json\/wp\/v2\/product_cat?post=4409"},{"taxonomy":"product_tag","embeddable":true,"href":"https:\/\/servcrmpro.online\/es\/wp-json\/wp\/v2\/product_tag?post=4409"}],"curies":[{"name":"wp","href":"https:\/\/api.w.org\/{rel}","templated":true}]}}