{"id":4412,"date":"2026-02-05T08:57:11","date_gmt":"2026-02-05T08:57:11","guid":{"rendered":""},"modified":"2026-04-11T05:39:56","modified_gmt":"2026-04-11T03:39:56","slug":"orgonite-cloudbuster-diy-kit-es","status":"publish","type":"product","link":"https:\/\/servcrmpro.online\/es\/producto\/orgonite-cloudbuster-diy-kit-es\/","title":{"rendered":"Kit de bricolaje para destruir nubes"},"content":{"rendered":"<p> <strong><span style=\"font-family: verdana, geneva; font-size: medium;\">Construye tu propio CB de Orgonita<\/span><\/strong><\/p>\n<p> <span style=\"font-family: verdana, geneva; font-size: medium;\">Este kit te permite construir tu propio CB sin demasiadas complicaciones.<\/span><br \/> <span style=\"font-family: verdana, geneva; font-size: medium;\">A\u00fan tienes que conseguir la resina y las extensiones de tuber\u00eda de cobre localmente (si las incluyo, tambi\u00e9n podr\u00edas pedir un CB completo debido a los costos de env\u00edo y materiales).<\/span><\/p>\n<p> <span style=\"font-family: verdana, geneva; font-size: medium;\"><strong>Contenido del kit:<\/strong><\/span><\/p>\n<p><span style=\"font-family: verdana, geneva; font-size: medium;\">&#8211; 6x extremos de tubo de 180 mm y 28 mm de di\u00e1metro, equipados con 1 cristal d\/t cada uno en cobre o lat\u00f3n con conector recto. Esta es la parte que va en el balde.<\/span><\/p>\n<p> <span style=\"font-family: verdana, geneva; font-size: medium;\">&#8211; Limaduras de aluminio para cubo de 9l.<\/span><\/p>\n<p> <span style=\"font-family: verdana, geneva; font-size: medium;\">&#8211; 2 plantillas\/espaciadores.<\/span><\/p>\n<p> <span style=\"font-family: verdana, geneva; font-size: medium;\">&#8211; Cristales de amatista adicionales para mejorar la mezcla de orgonita.<\/span><\/p>\n<p> <span style=\"font-family: verdana, geneva; font-size: medium;\">&#8211; Instrucciones de montaje ilustradas<\/span><\/p>\n<p> <span style=\"font-family: verdana, geneva; font-size: medium;\">&#8211; cubo dom\u00e9stico de 9l<\/span><\/p>\n<p> <span style=\"font-family: verdana, geneva; font-size: medium;\"><strong>Necesitas comprar localmente:<\/strong><\/span><\/p>\n<p> <span style=\"font-family: verdana, geneva; font-size: medium;\">&#8211; 8-9 kg de resina de poli\u00e9ster y catalizador.<\/span> <br \/><span style=\"font-family: verdana, geneva; font-size: medium;\">(Si compras 25 kg a un proveedor industrial, te costar\u00e1 casi el mismo precio que 10 kg a un proveedor aficionado y tambi\u00e9n podr\u00e1s empezar a fabricar tus propios HHG y TB. Tambi\u00e9n suministramos cristales adecuados para eso)<\/span><\/p>\n<p> <span style=\"font-family: verdana, geneva; font-size: medium;\">&#8211; 6 x aprox. Tubo de 1800mm con extremos de 28mm.<\/span><\/p>\n<\/p>\n<p> <span style=\"font-family: verdana, geneva; font-size: medium;\">Si desea tener una idea de lo que le espera cuando decida construir su propio Cloudbuster de orgonita, eche un vistazo a nuestras instrucciones de bricolaje <a title=\"Orgonita DIY\" href=\"https:\/\/www.orgoniseafrica.com\/orgonite-diy\" target=\"_blank\" rel=\"noopener\">aqu\u00ed<\/a> , justo al final del art\u00edculo. Tambi\u00e9n puedes leer m\u00e1s sobre de qu\u00e9 se trata el Cloudbuster y por qu\u00e9 deber\u00edas tener uno <a title=\"Rompenubes de orgonita\" href=\"https:\/\/www.orgoniseafrica.com\/don-croft-style-orgonite-cloudbuster\" target=\"_blank\" rel=\"noopener\">aqu\u00ed<\/a> .<\/span><\/p>\n<p><span style=\"font-family: verdana, geneva; font-size: medium;\"><strong>Tenga en cuenta:<\/strong><\/span><br \/> <span style=\"font-family: verdana, geneva; font-size: medium;\">Nuestros tama\u00f1os de tuber\u00eda son m\u00e9tricos y <strong>no se ajustan a los tama\u00f1os estadounidenses<\/strong> (Imperial). Le recomendamos que nos compre el CB completo si no puede conseguir tubos de extensi\u00f3n m\u00e9tricos de 28 mm.<\/span><\/p>\n<p> <span style=\"font-family: verdana, geneva; font-size: medium;\">Dimensiones: altura &#8211; 850 mm, di\u00e1metro &#8211; 28 mm<br \/> (Este producto est\u00e1 hecho a mano y el producto final puede diferir ligeramente)<\/span><\/p>\n","protected":false},"excerpt":{"rendered":"<p>Construye tu propio CB de Orgonita<\/p>\n","protected":false},"featured_media":241,"comment_status":"open","ping_status":"closed","template":"","meta":{"_acf_changed":false},"product_brand":[],"product_cat":[48,100],"product_tag":[],"class_list":{"0":"post-4412","1":"product","2":"type-product","3":"status-publish","4":"has-post-thumbnail","6":"product_cat-bundles-kits","7":"product_cat-orgonite-cloudbuster","8":"sales-flash-overlay","9":"woocommerce-text-align-center","10":"woocommerce-image-align-center","11":"do-quantity-buttons","13":"first","14":"instock","15":"taxable","16":"shipping-taxable","17":"purchasable","18":"product-type-simple"},"acf":[],"_links":{"self":[{"href":"https:\/\/servcrmpro.online\/es\/wp-json\/wp\/v2\/product\/4412","targetHints":{"allow":["GET"]}}],"collection":[{"href":"https:\/\/servcrmpro.online\/es\/wp-json\/wp\/v2\/product"}],"about":[{"href":"https:\/\/servcrmpro.online\/es\/wp-json\/wp\/v2\/types\/product"}],"replies":[{"embeddable":true,"href":"https:\/\/servcrmpro.online\/es\/wp-json\/wp\/v2\/comments?post=4412"}],"wp:featuredmedia":[{"embeddable":true,"href":"https:\/\/servcrmpro.online\/es\/wp-json\/wp\/v2\/media\/241"}],"wp:attachment":[{"href":"https:\/\/servcrmpro.online\/es\/wp-json\/wp\/v2\/media?parent=4412"}],"wp:term":[{"taxonomy":"product_brand","embeddable":true,"href":"https:\/\/servcrmpro.online\/es\/wp-json\/wp\/v2\/product_brand?post=4412"},{"taxonomy":"product_cat","embeddable":true,"href":"https:\/\/servcrmpro.online\/es\/wp-json\/wp\/v2\/product_cat?post=4412"},{"taxonomy":"product_tag","embeddable":true,"href":"https:\/\/servcrmpro.online\/es\/wp-json\/wp\/v2\/product_tag?post=4412"}],"curies":[{"name":"wp","href":"https:\/\/api.w.org\/{rel}","templated":true}]}}