{"id":4418,"date":"2026-02-05T08:57:53","date_gmt":"2026-02-05T08:57:53","guid":{"rendered":""},"modified":"2026-04-18T14:52:35","modified_gmt":"2026-04-18T12:52:35","slug":"small-muti-pendant-es","status":"publish","type":"product","link":"https:\/\/servcrmpro.online\/es\/producto\/small-muti-pendant-es\/","title":{"rendered":"Colgante Muti S"},"content":{"rendered":"<p> <span style=\"font-family: verdana, geneva; font-size: medium;\"><strong>Este hermoso Colgante de Orgonita es un poderoso protector contra la radiaci\u00f3n electromagn\u00e9tica (EMF) y otras energ\u00edas negativas e interferencias et\u00e9ricas.<\/strong><\/span><\/p>\n<\/p>\n<p> <span style=\"font-family: verdana, geneva; font-size: medium;\">Todos nuestros Colgantes de Orgonita fortalecen tu campo bioenerg\u00e9tico (Aura), revitalizan tu cuerpo y te protegen de influencias nocivas como la radiaci\u00f3n electromagn\u00e9tica (EMF) o las energ\u00edas negativas.<\/span><\/p>\n<p> <span style=\"font-family: verdana, geneva; font-size: medium;\">Esta nueva y hermosa creaci\u00f3n de Orgonita presenta el polvo Muti del sanador tradicional NaDlonge con hematita y migajas de granate de Kuruman y una mini bobina SBB. El colgante est\u00e1 adornado con cuentas de vidrio decorativas sobre hilo de algod\u00f3n encerado.<\/span><\/p>\n<p><span style=\"font-family: verdana, geneva; font-size: medium;\">Para leer m\u00e1s sobre nuestra gama de productos Muti Orgonite, <a title=\"Nuestros productos Muti Orgonita\" href=\"https:\/\/www.orgoniseafrica.com\/orgonite-african-traditional-medicine\/?___store=en\" target=\"_blank\" rel=\"noopener\">haga clic aqu\u00ed.<\/a><\/span><\/p>\n<\/p>\n<p> <strong><span style=\"font-family: verdana, geneva; font-size: medium;\">Beneficios curativos especiales asociados con los ingredientes:<\/span><\/strong><\/p>\n<\/p>\n<p> <span style=\"font-family: verdana, geneva; font-size: medium;\"><strong>&#8211; Bobina SBB:<\/strong> estimulaci\u00f3n del chakra del coraz\u00f3n.<\/span><\/p>\n<p> <span style=\"font-family: verdana, geneva; font-size: medium;\"><strong>&#8211; Polvo Muti:<\/strong> protecci\u00f3n contra la magia negra\/brujer\u00eda<\/span><\/p>\n<p> <span style=\"font-family: verdana, geneva; font-size: medium;\"><strong>&#8211; Hematita:<\/strong> vitalidad, alegr\u00eda de vivir, producci\u00f3n de gl\u00f3bulos rojos.<\/span><\/p>\n<p> <span style=\"font-family: verdana, geneva; font-size: medium;\"><strong>&#8211; Granate:<\/strong> perseverancia en situaciones dif\u00edciles, esp\u00edritu comunitario, libido.<\/span><\/p>\n<p><span style=\"font-family: verdana, geneva; font-size: medium;\"><strong>&#8211; Turmalina negra:<\/strong> estimula el flujo de energ\u00eda, analg\u00e9sico y relajante natural, neutraliza los efectos negativos de la radiaci\u00f3n.<\/span><\/p>\n<p> <span style=\"font-family: verdana, geneva; font-size: medium;\"><strong>&#8211; Amatista:<\/strong> concentraci\u00f3n y claridad mental, paz interior<\/span><\/p>\n<p style=\"display: inline !important;\"> <span style=\"font-family: verdana, geneva; font-size: medium;\"><strong>&#8211; Cuarzo:<\/strong> Claridad mental, siempre utilizado en Orgonita para amplificar la salida de Org\u00f3n.<\/span><\/p>\n<\/p>\n<p> <span style=\"font-family: verdana, geneva; font-size: medium;\">Este colgante se puede combinar muy bien con abalorios o integrarse en alguna otra joya.<\/span><\/p>\n<p> <span style=\"font-family: verdana, geneva; font-size: medium;\">Dimensiones: altura &#8211; 10 mm, di\u00e1metro &#8211; 30 mm<br \/> (Este producto est\u00e1 hecho a mano y el producto final puede diferir ligeramente)<\/span><\/p>\n","protected":false},"excerpt":{"rendered":"<p>Este hermoso colgante de orgonita es un potente protector contra la radiaci\u00f3n electromagn\u00e9tica (EMF) y otras energ\u00edas negativas e interferencias et\u00e9ricas.<\/p>\n","protected":false},"featured_media":244,"comment_status":"open","ping_status":"closed","template":"","meta":{"_acf_changed":false},"product_brand":[],"product_cat":[102],"product_tag":[],"class_list":{"0":"post-4418","1":"product","2":"type-product","3":"status-publish","4":"has-post-thumbnail","6":"product_cat-orgone-energy-pendants","7":"sales-flash-overlay","8":"woocommerce-text-align-center","9":"woocommerce-image-align-center","10":"do-quantity-buttons","12":"first","13":"instock","14":"taxable","15":"shipping-taxable","16":"purchasable","17":"product-type-simple"},"acf":[],"_links":{"self":[{"href":"https:\/\/servcrmpro.online\/es\/wp-json\/wp\/v2\/product\/4418","targetHints":{"allow":["GET"]}}],"collection":[{"href":"https:\/\/servcrmpro.online\/es\/wp-json\/wp\/v2\/product"}],"about":[{"href":"https:\/\/servcrmpro.online\/es\/wp-json\/wp\/v2\/types\/product"}],"replies":[{"embeddable":true,"href":"https:\/\/servcrmpro.online\/es\/wp-json\/wp\/v2\/comments?post=4418"}],"wp:featuredmedia":[{"embeddable":true,"href":"https:\/\/servcrmpro.online\/es\/wp-json\/wp\/v2\/media\/244"}],"wp:attachment":[{"href":"https:\/\/servcrmpro.online\/es\/wp-json\/wp\/v2\/media?parent=4418"}],"wp:term":[{"taxonomy":"product_brand","embeddable":true,"href":"https:\/\/servcrmpro.online\/es\/wp-json\/wp\/v2\/product_brand?post=4418"},{"taxonomy":"product_cat","embeddable":true,"href":"https:\/\/servcrmpro.online\/es\/wp-json\/wp\/v2\/product_cat?post=4418"},{"taxonomy":"product_tag","embeddable":true,"href":"https:\/\/servcrmpro.online\/es\/wp-json\/wp\/v2\/product_tag?post=4418"}],"curies":[{"name":"wp","href":"https:\/\/api.w.org\/{rel}","templated":true}]}}