{"id":4421,"date":"2026-02-05T08:58:14","date_gmt":"2026-02-05T08:58:14","guid":{"rendered":""},"modified":"2026-04-08T21:46:23","modified_gmt":"2026-04-08T19:46:23","slug":"clark-zapper-essential-es","status":"publish","type":"product","link":"https:\/\/servcrmpro.online\/es\/producto\/clark-zapper-essential-es\/","title":{"rendered":"Clark Zapper esencial"},"content":{"rendered":"<h2> Clark Zapper sin complicaciones<\/h2>\n<p> Este sencillo <strong>Clark Zapper<\/strong> hace todo lo que esperas de un Hulda Clark Zapper con la comodidad adicional de que se puede usar alrededor del brazo o la pierna. Los Clark Zappers son efectivos dentro de un rango de frecuencia de 10 a 30 000 Hz, pero descubrimos que los 15 Hz m\u00e1s bajos nos brindan una penetraci\u00f3n m\u00e1s profunda y matan los par\u00e1sitos en los intestinos de manera m\u00e1s confiable. <\/p>\n<\/p>\n<p><img loading=\"lazy\" decoding=\"async\" title=\"Clark Zapper sin complicaciones: no se necesitan electrodos port\u00e1tiles\" src=\"http:\/\/www.orgoniseafrica.com\/images\/050722%20zapper%20on%20arm300.jpg\" alt=\"clark zapper - easy to wear \" width=\"300\" height=\"407\"><\/p>\n<p> Como todos nuestros zappers, este peque\u00f1o y sencillo zapper para par\u00e1sitos se puede llevar c\u00f3modamente en el brazo o la pierna.<\/p>\n<p> <strong>Especificaciones del eliminador de par\u00e1sitos simple:<\/strong><\/p>\n<ul>\n<li> Corriente continua pulsada de 15 Hz.<\/li>\n<li> 2 electrodos de cobre de contacto con la piel conectados a la caja (no se necesitan electrodos de zapper manuales engorrosos)<\/li>\n<li> Bater\u00eda rectangular de 9V (PP3) <em>debido a restricciones de las aerol\u00edneas no podemos enviar la bater\u00eda de 9v con el zapper<\/em>\n<\/li>\n<li>La entrada de CC ( <strong>hasta<\/strong> 12 V) se puede operar desde un transformador de pared (opcional)<\/li>\n<li> Conector de micr\u00f3fono de 2,5 mm para salida de CC pulsada para controlar su <a title=\"Ob\u00fas de orgonita\" href=\"http:\/\/www.orgoniseafrica.com\/orgone-howitzer.html\" target=\"_blank\" rel=\"noopener\">ob\u00fas de org\u00f3n<\/a> o <a title=\"Varita de poder de org\u00f3n Deluxe\" href=\"http:\/\/www.orgoniseafrica.com\/orgone-pw-deluxe.html\" target=\"_blank\" rel=\"noopener\">varita de org\u00f3n<\/a> (o electrodos de mano si realmente insiste)<\/li>\n<\/ul>\n<p> Dimensiones: largo &#8211; 84 mm, ancho &#8211; 50 mm, alto &#8211; 20 mm<br \/> (Este producto est\u00e1 hecho a mano y el producto final puede diferir ligeramente)<\/p>\n","protected":false},"excerpt":{"rendered":"<p>Este sencillo Clark Zapper hace todo lo que esperas de un Hulda Clark Zapper con la comodidad a\u00f1adida de que puede llevarse alrededor del brazo o la pierna. Los Clark Zapper son efectivos en un rango de frecuencias de 10 a 30.000 Hz, pero descubrimos que los bajos 15Hz nos dan una penetraci\u00f3n m\u00e1s profunda y eliminan&#8230;<\/p>\n","protected":false},"featured_media":2327,"comment_status":"open","ping_status":"closed","template":"","meta":{"_acf_changed":false},"product_brand":[],"product_cat":[26],"product_tag":[],"class_list":{"0":"post-4421","1":"product","2":"type-product","3":"status-publish","4":"has-post-thumbnail","6":"product_cat-orgone-zappers","7":"sales-flash-overlay","8":"woocommerce-text-align-center","9":"woocommerce-image-align-center","10":"do-quantity-buttons","12":"first","13":"instock","14":"taxable","15":"shipping-taxable","16":"purchasable","17":"product-type-simple"},"acf":[],"_links":{"self":[{"href":"https:\/\/servcrmpro.online\/es\/wp-json\/wp\/v2\/product\/4421","targetHints":{"allow":["GET"]}}],"collection":[{"href":"https:\/\/servcrmpro.online\/es\/wp-json\/wp\/v2\/product"}],"about":[{"href":"https:\/\/servcrmpro.online\/es\/wp-json\/wp\/v2\/types\/product"}],"replies":[{"embeddable":true,"href":"https:\/\/servcrmpro.online\/es\/wp-json\/wp\/v2\/comments?post=4421"}],"wp:featuredmedia":[{"embeddable":true,"href":"https:\/\/servcrmpro.online\/es\/wp-json\/wp\/v2\/media\/2327"}],"wp:attachment":[{"href":"https:\/\/servcrmpro.online\/es\/wp-json\/wp\/v2\/media?parent=4421"}],"wp:term":[{"taxonomy":"product_brand","embeddable":true,"href":"https:\/\/servcrmpro.online\/es\/wp-json\/wp\/v2\/product_brand?post=4421"},{"taxonomy":"product_cat","embeddable":true,"href":"https:\/\/servcrmpro.online\/es\/wp-json\/wp\/v2\/product_cat?post=4421"},{"taxonomy":"product_tag","embeddable":true,"href":"https:\/\/servcrmpro.online\/es\/wp-json\/wp\/v2\/product_tag?post=4421"}],"curies":[{"name":"wp","href":"https:\/\/api.w.org\/{rel}","templated":true}]}}