{"id":4424,"date":"2026-02-05T08:58:35","date_gmt":"2026-02-05T08:58:35","guid":{"rendered":""},"modified":"2026-04-12T22:14:12","modified_gmt":"2026-04-12T20:14:12","slug":"orgonite-earthpipe-es","status":"publish","type":"product","link":"https:\/\/servcrmpro.online\/es\/producto\/orgonite-earthpipe-es\/","title":{"rendered":"Tubo de tierra de orgonita"},"content":{"rendered":"<p> <strong><span style=\"font-family: verdana, geneva; font-size: medium;\">\u00a1El Orgonite Earthpipe es una herramienta esencial en el kit del Orgone Gifter!<\/span><\/strong><\/p>\n<p> <span style=\"font-family: verdana, geneva; font-size: medium;\">El tubo de tierra de orgonita es un tubo de cobre de 28 cm de largo, lleno de orgonita hasta aprox. 1\/3 de su longitud. Un cristal puntiagudo est\u00e1 incrustado en la Orgonita, dirigido hacia el extremo hueco del Earthpipe que apunta hacia la tierra.<\/span><\/p>\n<p> <span style=\"font-family: verdana, geneva; font-size: medium;\">El cristal est\u00e1 enrollado para que la energ\u00eda penetre m\u00e1s profundamente en el subsuelo y neutralice toda actividad negativa.<\/span><\/p>\n<p><span style=\"font-family: verdana, geneva; font-size: medium;\">Hemos utilizado estos tubos terrestres de orgonita para neutralizar con \u00e9xito varias bases militares subterr\u00e1neas, algunas de las cuales son de conocimiento com\u00fan, otras nos las se\u00f1alaron amigos ps\u00edquicos.<\/span><\/p>\n<p> <span style=\"font-family: verdana, geneva; font-size: medium;\">Muy a menudo, estas bases subterr\u00e1neas ser\u00e1n el \u00abojo de la tormenta\u00bb cuando se trata de modificaci\u00f3n del clima y las resultantes sequ\u00edas fabricadas, y son una parte vital para dotar al medio ambiente de restaurar su vitalidad natural y ORGONizada.<\/span><\/p>\n<p> <span style=\"font-family: verdana, geneva; font-size: medium;\">Normalmente usamos un martillo para golpear los tubos de tierra de orgonita en el suelo alrededor de estas bases. Tambi\u00e9n puede utilizarlos para neutralizar eficazmente l\u00edneas Ley, estr\u00e9s geop\u00e1tico, cruce de l\u00edneas de agua, etc.<\/span><\/p>\n<p> <strong><span style=\"font-family: verdana, geneva; font-size: medium;\">Aqu\u00ed te recomendamos algunas lecturas:<\/span><\/strong><\/p>\n<p><span style=\"font-family: verdana, geneva; font-size: medium;\"><a title=\"Orgonita y estr\u00e9s geop\u00e1tico\" href=\"https:\/\/www.orgoniseafrica.com\/orgonite-dowsing\/?___store=en\" target=\"_blank\" rel=\"noopener\">Orgonita y estr\u00e9s geop\u00e1tico<\/a> &#8211; por nuestro buen amigo Tino Puthego<\/span><\/p>\n<p> <span style=\"font-family: verdana, geneva; font-size: medium;\"><a title=\"Orgonita y el Nuevo Orden Mundial\" href=\"https:\/\/www.orgoniseafrica.com\/orgone-nwo\/?___store=en\" target=\"_blank\" rel=\"noopener\">Orgonita y el Nuevo Orden Mundial (NOM)<\/a> : de nuestros archivos y uno de los elementos b\u00e1sicos para el aspirante a donante de Org\u00f3n.<\/span><\/p>\n<p> <span style=\"font-family: verdana, geneva; font-size: medium;\">Dimensiones: altura &#8211; 280 mm, di\u00e1metro &#8211; 28 mm<br \/> (Este producto est\u00e1 hecho a mano y el producto final puede diferir ligeramente)<\/span><\/p>\n","protected":false},"excerpt":{"rendered":"<p>\u00a1La Orgonita Earthpipe es una herramienta esencial en el kit del Regalador de Orgones!<\/p>\n","protected":false},"featured_media":247,"comment_status":"open","ping_status":"closed","template":"","meta":{"_acf_changed":false},"product_brand":[],"product_cat":[70],"product_tag":[],"class_list":{"0":"post-4424","1":"product","2":"type-product","3":"status-publish","4":"has-post-thumbnail","6":"product_cat-tactical-orgonite","7":"sales-flash-overlay","8":"woocommerce-text-align-center","9":"woocommerce-image-align-center","10":"do-quantity-buttons","12":"first","13":"instock","14":"taxable","15":"shipping-taxable","16":"purchasable","17":"product-type-simple"},"acf":[],"_links":{"self":[{"href":"https:\/\/servcrmpro.online\/es\/wp-json\/wp\/v2\/product\/4424","targetHints":{"allow":["GET"]}}],"collection":[{"href":"https:\/\/servcrmpro.online\/es\/wp-json\/wp\/v2\/product"}],"about":[{"href":"https:\/\/servcrmpro.online\/es\/wp-json\/wp\/v2\/types\/product"}],"replies":[{"embeddable":true,"href":"https:\/\/servcrmpro.online\/es\/wp-json\/wp\/v2\/comments?post=4424"}],"wp:featuredmedia":[{"embeddable":true,"href":"https:\/\/servcrmpro.online\/es\/wp-json\/wp\/v2\/media\/247"}],"wp:attachment":[{"href":"https:\/\/servcrmpro.online\/es\/wp-json\/wp\/v2\/media?parent=4424"}],"wp:term":[{"taxonomy":"product_brand","embeddable":true,"href":"https:\/\/servcrmpro.online\/es\/wp-json\/wp\/v2\/product_brand?post=4424"},{"taxonomy":"product_cat","embeddable":true,"href":"https:\/\/servcrmpro.online\/es\/wp-json\/wp\/v2\/product_cat?post=4424"},{"taxonomy":"product_tag","embeddable":true,"href":"https:\/\/servcrmpro.online\/es\/wp-json\/wp\/v2\/product_tag?post=4424"}],"curies":[{"name":"wp","href":"https:\/\/api.w.org\/{rel}","templated":true}]}}