{"id":4427,"date":"2026-02-05T08:58:54","date_gmt":"2026-02-05T08:58:54","guid":{"rendered":""},"modified":"2026-04-06T07:47:58","modified_gmt":"2026-04-06T05:47:58","slug":"moneyfest-orgonite-hhg-es","status":"publish","type":"product","link":"https:\/\/servcrmpro.online\/es\/producto\/moneyfest-orgonite-hhg-es\/","title":{"rendered":"Festival de dinero HHG"},"content":{"rendered":"<h2> Crea abundancia con orgonita<\/h2>\n<p> El Moneyfest HHG es un potente generador de org\u00f3n positivo, destinado a atraer el flujo de dinero a tu vida. Todos los dispositivos radi\u00f3nicos para manifestar un prop\u00f3sito tienen esto en com\u00fan:<br \/> Una fuente de energ\u00eda positiva (la orgonita, en este caso) y una se\u00f1al de un prop\u00f3sito a alcanzar o presenciar (billetes triturados del Banco de la Reserva de Sud\u00e1frica, en este caso).<\/p>\n<p> Col\u00f3calo donde guardas tus contratos u otros documentos relacionados con el dinero, como tus extractos bancarios, o incluso junto a una foto tuya, porque ser\u00e1s el feliz destinatario del nuevo flujo de abundancia.<\/p>\n<p> Dimensiones: altura &#8211; 110 mm, di\u00e1metro &#8211; 100 mm<br \/> (Este producto est\u00e1 hecho a mano y el producto final puede diferir ligeramente)<\/p>\n","protected":false},"excerpt":{"rendered":"<p>El Moneyfest HHG es un potente generador positivo de org\u00f3n, destinado a atraer el flujo de dinero a tu vida. Todos los dispositivos radi\u00f3nicos para manifestar un prop\u00f3sito tienen esto en com\u00fan: una fuente de energ\u00eda positiva (la orgonita, en este caso) y una se\u00f1al de prop\u00f3sito que debe alcanzarse o presenciar, (triturado&#8230;<\/p>\n","protected":false},"featured_media":249,"comment_status":"open","ping_status":"closed","template":"","meta":{"_acf_changed":false},"product_brand":[],"product_cat":[70],"product_tag":[],"class_list":{"0":"post-4427","1":"product","2":"type-product","3":"status-publish","4":"has-post-thumbnail","6":"product_cat-tactical-orgonite","7":"sales-flash-overlay","8":"woocommerce-text-align-center","9":"woocommerce-image-align-center","10":"do-quantity-buttons","12":"first","13":"instock","14":"taxable","15":"shipping-taxable","16":"purchasable","17":"product-type-simple"},"acf":[],"_links":{"self":[{"href":"https:\/\/servcrmpro.online\/es\/wp-json\/wp\/v2\/product\/4427","targetHints":{"allow":["GET"]}}],"collection":[{"href":"https:\/\/servcrmpro.online\/es\/wp-json\/wp\/v2\/product"}],"about":[{"href":"https:\/\/servcrmpro.online\/es\/wp-json\/wp\/v2\/types\/product"}],"replies":[{"embeddable":true,"href":"https:\/\/servcrmpro.online\/es\/wp-json\/wp\/v2\/comments?post=4427"}],"wp:featuredmedia":[{"embeddable":true,"href":"https:\/\/servcrmpro.online\/es\/wp-json\/wp\/v2\/media\/249"}],"wp:attachment":[{"href":"https:\/\/servcrmpro.online\/es\/wp-json\/wp\/v2\/media?parent=4427"}],"wp:term":[{"taxonomy":"product_brand","embeddable":true,"href":"https:\/\/servcrmpro.online\/es\/wp-json\/wp\/v2\/product_brand?post=4427"},{"taxonomy":"product_cat","embeddable":true,"href":"https:\/\/servcrmpro.online\/es\/wp-json\/wp\/v2\/product_cat?post=4427"},{"taxonomy":"product_tag","embeddable":true,"href":"https:\/\/servcrmpro.online\/es\/wp-json\/wp\/v2\/product_tag?post=4427"}],"curies":[{"name":"wp","href":"https:\/\/api.w.org\/{rel}","templated":true}]}}