{"id":4433,"date":"2026-02-05T15:22:12","date_gmt":"2026-02-05T15:22:12","guid":{"rendered":""},"modified":"2026-04-15T01:22:50","modified_gmt":"2026-04-14T23:22:50","slug":"orgonite-pyramid-m-es","status":"publish","type":"product","link":"https:\/\/servcrmpro.online\/es\/producto\/orgonite-pyramid-m-es\/","title":{"rendered":"Pir\u00e1mide de Orgonita M"},"content":{"rendered":"<p> <span style=\"font-family: verdana, geneva; font-size: medium;\"><strong>Pir\u00e1mide de Orgonita Mediana para energizar tu hogar y espacio personal.<\/strong><\/span><\/p>\n<\/p>\n<p> <span style=\"font-family: verdana, geneva; font-size: medium;\">La Pir\u00e1mide mediana tiene aproximadamente el volumen de un HHG. Innumerables investigadores de todo el mundo han descubierto que la forma de la pir\u00e1mide por s\u00ed sola tiene ciertas propiedades energ\u00e9ticas notables.<\/span><\/p>\n<\/p>\n<p><span style=\"font-family: verdana, geneva; font-size: medium;\">Todas nuestras Pir\u00e1mides de Orgonita contienen 5 puntas de cristal de Cuarzo. Estos se colocan en la punta de la pir\u00e1mide, y en su base apuntando en las 4 direcciones. Las puntas naturales de los cristales ayudan a crear un campo de Energ\u00eda Org\u00f3n mucho m\u00e1s potente, en comparaci\u00f3n con la rotura de Cuarzo que utilizamos en nuestros Towerbusters o Colgantes (que crea un campo de energ\u00eda m\u00e1s difuso).<\/span><\/p>\n<\/p>\n<p> <span style=\"font-family: verdana, geneva; font-size: medium;\">Las Pir\u00e1mides y los GHH tienen as\u00ed un flujo de energ\u00eda mucho m\u00e1s fuerte y dirigido y un radio de efecto m\u00e1s amplio. Los ps\u00edquicos y las personas sensibles a la energ\u00eda a menudo observar\u00e1n un rayo de energ\u00eda que sale de la cima de la Pir\u00e1mide o HHG; la mayor\u00eda de las personas pueden sentir esto al pasar la mano por el aire sobre la Pir\u00e1mide y lo describen como una sensaci\u00f3n c\u00e1lida u hormigueo o una presi\u00f3n en la palma de la mano.<\/span><\/p>\n<p> <span style=\"font-family: verdana, geneva; font-size: medium;\"><em>Coloreado en varios hermosos tonos transl\u00facidos.<\/em><\/span><\/p>\n<p>Dimensiones: largo &#8211; 80 mm, ancho &#8211; 80 mm, alto &#8211; 80 mm<br \/> (Este producto est\u00e1 hecho a mano y el producto final puede diferir ligeramente)<\/p><\/p>\n","protected":false},"excerpt":{"rendered":"<p>Pir\u00e1mide de Orgonita Media para energizar tu hogar y tu espacio personal.<\/p>\n<p>La pir\u00e1mide media tiene aproximadamente el volumen de un HHG. Incontables remates&#8230;<\/p>\n","protected":false},"featured_media":648,"comment_status":"open","ping_status":"closed","template":"","meta":{"_acf_changed":false},"product_brand":[],"product_cat":[20],"product_tag":[],"class_list":{"0":"post-4433","1":"product","2":"type-product","3":"status-publish","4":"has-post-thumbnail","6":"product_cat-orgonite-pyramids","7":"sales-flash-overlay","8":"woocommerce-text-align-center","9":"woocommerce-image-align-center","10":"do-quantity-buttons","12":"first","13":"instock","14":"taxable","15":"shipping-taxable","16":"purchasable","17":"product-type-simple"},"acf":[],"_links":{"self":[{"href":"https:\/\/servcrmpro.online\/es\/wp-json\/wp\/v2\/product\/4433","targetHints":{"allow":["GET"]}}],"collection":[{"href":"https:\/\/servcrmpro.online\/es\/wp-json\/wp\/v2\/product"}],"about":[{"href":"https:\/\/servcrmpro.online\/es\/wp-json\/wp\/v2\/types\/product"}],"replies":[{"embeddable":true,"href":"https:\/\/servcrmpro.online\/es\/wp-json\/wp\/v2\/comments?post=4433"}],"wp:featuredmedia":[{"embeddable":true,"href":"https:\/\/servcrmpro.online\/es\/wp-json\/wp\/v2\/media\/648"}],"wp:attachment":[{"href":"https:\/\/servcrmpro.online\/es\/wp-json\/wp\/v2\/media?parent=4433"}],"wp:term":[{"taxonomy":"product_brand","embeddable":true,"href":"https:\/\/servcrmpro.online\/es\/wp-json\/wp\/v2\/product_brand?post=4433"},{"taxonomy":"product_cat","embeddable":true,"href":"https:\/\/servcrmpro.online\/es\/wp-json\/wp\/v2\/product_cat?post=4433"},{"taxonomy":"product_tag","embeddable":true,"href":"https:\/\/servcrmpro.online\/es\/wp-json\/wp\/v2\/product_tag?post=4433"}],"curies":[{"name":"wp","href":"https:\/\/api.w.org\/{rel}","templated":true}]}}