{"id":4439,"date":"2026-02-05T15:22:20","date_gmt":"2026-02-05T15:22:20","guid":{"rendered":""},"modified":"2026-04-06T07:31:52","modified_gmt":"2026-04-06T05:31:52","slug":"essential-orgonite-es","status":"publish","type":"product","link":"https:\/\/servcrmpro.online\/es\/producto\/essential-orgonite-es\/","title":{"rendered":"Orgonita esencial"},"content":{"rendered":"<h1> \u00a1No busques menos Orgonita!<\/h1>\n<p>Consulta mi peque\u00f1o <a title=\"C\u00f3mo empezar\" href=\"http:\/\/www.orgoniseafrica.com\/info\/orgonite\/orgonite-how-to-start.html\" target=\"_blank\" rel=\"noopener\">art\u00edculo aqu\u00ed<\/a> para obtener algunas recomendaciones b\u00e1sicas sobre c\u00f3mo empezar a organizar tu casa y tu entorno inmediato. Te recomendamos poner una Orgonita &#8211; TB en cada rinc\u00f3n de tu propiedad como primera medida de protecci\u00f3n. Coloque uno directamente conectado a la tuber\u00eda principal de agua por donde ingresa a su casa o al exterior. Se ha descubierto que el agua corriente es un importante portador de energ\u00eda negativa en estos d\u00edas. Lo mismo ocurre con su tablero DB de electricidad principal. Pon una tuberculosis ah\u00ed.<\/p>\n<p>Recomendamos este n\u00famero de 12 TB de orgonita \u00bb <a title=\"\" href=\"http:\/\/www.orgoniseafrica.com\/orgonite-towerbuster.html\" target=\"_blank\" rel=\"noopener\">Dirty Harry<\/a> \u00bb y 4 \u00bb <a title=\"tuberculosis orgonita\" href=\"http:\/\/www.orgoniseafrica.com\/orgonite-towerbusterb-sj.html\" target=\"_blank\" rel=\"noopener\">Slick Jim<\/a> \u00bb para darle algunas opciones. Definitivamente deber\u00edas destruir todas las torres de telefon\u00eda celular en un radio de 5 km alrededor de tu casa para evitar que te hagan da\u00f1o. Para hacer eso, simplemente coloque una TB de orgonita cerca. Si es necesario, sigue siendo eficaz hasta 500 m de la torre. Pueden esconderse en arbustos o follaje denso o excavarse para evitar que los jardineros demasiado entusiastas los eliminen.<\/p>\n<p> La versi\u00f3n \u00abSlick Jim\u00bb no se diferencia en sus efectos energ\u00e9ticos, pero pensamos en incluir 4 para lugares de tu casa donde quieras que sean m\u00e1s atractivos est\u00e9ticamente.<\/p>\n<p>Coloque un TB en su televisor y otro cerca de los monitores de computadora. Si cree que a\u00fan deber\u00eda usar un horno de microondas (no lo haga), coloque uno all\u00ed. \u00a1Ser\u00e1 mejor que prohibas esa mini bomba nuclear de tu esfera vital!<\/p>\n<p> Est\u00e1 convirtiendo su comida en desechos radiactivos.<\/p>\n<p> La <a title=\"Orgonita HHG\" href=\"http:\/\/www.orgoniseafrica.com\/orgonite-hhg.html\" target=\"_blank\" rel=\"noopener\">Orgonita HHG<\/a> es un potente generador de org\u00f3n. Es la pieza central de tu peque\u00f1a asamblea. Col\u00f3quelo en su sala de estar o dormitorio. La decisi\u00f3n es tuya. Es muy poderoso y de todos modos afectar\u00e1 positivamente un \u00e1rea mucho m\u00e1s grande que su casa. As\u00ed que la posici\u00f3n no es demasiado cr\u00edtica.<\/p>\n<p> Sin embargo, algunas personas o zahor\u00edes muy sensibles a la energ\u00eda son capaces de optimizar el efecto colocando orgonita directamente sobre las l\u00edneas de tensi\u00f3n geop\u00e1ticas (l\u00edneas de energ\u00eda negativas). Si tienes esta habilidad o conoces a una persona as\u00ed, puedes lograr mejoras a\u00fan m\u00e1s decisivas. Pero incluso sin ese ajuste tan fino, el efecto de colocar orgonita dentro y alrededor de su casa es tremendo.<\/p>\n<p>Cada familia o persona deber\u00eda tener un <a title=\"tienda de zappers\" href=\"http:\/\/www.orgoniseafrica.com\/clark-zapper-shop.html\" target=\"_blank\" rel=\"noopener\">eliminador de org\u00f3n<\/a> como primera l\u00ednea de defensa contra las enfermedades. El <a title=\"Est\u00e1ndar Orgone Zapper\" href=\"http:\/\/www.orgoniseafrica.com\/orgone-zapper-standard.html\" target=\"_blank\" rel=\"noopener\">Orgone Zapper Standard<\/a> es una opci\u00f3n confiable y rentable. Puedes actualizar para incluir El Silverado Zapper con los electrodos de plata.<\/p>\n<p> Y por \u00faltimo, pero no menos importante, deber\u00edas tener una protecci\u00f3n para tel\u00e9fono m\u00f3vil de orgonita <a title=\"El miniescudo de orgonita\" href=\"http:\/\/www.orgoniseafrica.com\/the-minishield.html\" target=\"_blank\" rel=\"noopener\">Minishield<\/a> en tu tel\u00e9fono. Mira este experimento que hemos realizado sobre c\u00f3mo el miniescudo cambia la influencia de la radiaci\u00f3n de los tel\u00e9fonos m\u00f3viles en el crecimiento de las plantas.<\/p>\n<p>Un <a title=\"Colgante peque\u00f1o de org\u00f3n turquesa\" href=\"http:\/\/www.orgoniseafrica.com\/small-turquoise-pendant.html\" target=\"_blank\" rel=\"noopener\">peque\u00f1o colgante de orgonita<\/a> te brinda protecci\u00f3n contra los campos de energ\u00eda negativos mientras te mueves por la ciudad, ya sean causados \u200b\u200bpor campos electromagn\u00e9ticos o por negatividad emocional o ps\u00edquica. Este peque\u00f1o colgante potencia tu campo bioenerg\u00e9tico personal, tambi\u00e9n conocido como \u00abAura\u00bb.<\/p>\n<p> <strong>Y lo m\u00e1s genial de todo:<\/strong><\/p>\n<p> Al comprar estos elementos esenciales en un solo paquete, est\u00e1 comprando los componentes a un <strong>precio reducido del 15 %<\/strong> en comparaci\u00f3n con comprarlos por separado.<\/p>\n","protected":false},"excerpt":{"rendered":"<h1>\u00a1No optes por menos orgonita!<\/h1>\n<p>Mira mi peque\u00f1o&lt;a t\u00edtulo=&quot;C\u00f3mo empezar&quot; href=&quot;http:\/\/www.orgoniseafrica.com\/info\/orgonite\/orgonite-how-to&#8230;<\/p>\n","protected":false},"featured_media":653,"comment_status":"open","ping_status":"closed","template":"","meta":{"_acf_changed":false},"product_brand":[],"product_cat":[70],"product_tag":[],"class_list":{"0":"post-4439","1":"product","2":"type-product","3":"status-publish","4":"has-post-thumbnail","6":"product_cat-tactical-orgonite","7":"sales-flash-overlay","8":"woocommerce-text-align-center","9":"woocommerce-image-align-center","10":"do-quantity-buttons","12":"first","13":"instock","14":"sale","15":"taxable","16":"shipping-taxable","17":"purchasable","18":"product-type-simple"},"acf":[],"_links":{"self":[{"href":"https:\/\/servcrmpro.online\/es\/wp-json\/wp\/v2\/product\/4439","targetHints":{"allow":["GET"]}}],"collection":[{"href":"https:\/\/servcrmpro.online\/es\/wp-json\/wp\/v2\/product"}],"about":[{"href":"https:\/\/servcrmpro.online\/es\/wp-json\/wp\/v2\/types\/product"}],"replies":[{"embeddable":true,"href":"https:\/\/servcrmpro.online\/es\/wp-json\/wp\/v2\/comments?post=4439"}],"wp:featuredmedia":[{"embeddable":true,"href":"https:\/\/servcrmpro.online\/es\/wp-json\/wp\/v2\/media\/653"}],"wp:attachment":[{"href":"https:\/\/servcrmpro.online\/es\/wp-json\/wp\/v2\/media?parent=4439"}],"wp:term":[{"taxonomy":"product_brand","embeddable":true,"href":"https:\/\/servcrmpro.online\/es\/wp-json\/wp\/v2\/product_brand?post=4439"},{"taxonomy":"product_cat","embeddable":true,"href":"https:\/\/servcrmpro.online\/es\/wp-json\/wp\/v2\/product_cat?post=4439"},{"taxonomy":"product_tag","embeddable":true,"href":"https:\/\/servcrmpro.online\/es\/wp-json\/wp\/v2\/product_tag?post=4439"}],"curies":[{"name":"wp","href":"https:\/\/api.w.org\/{rel}","templated":true}]}}