{"id":4451,"date":"2026-02-05T15:22:55","date_gmt":"2026-02-05T15:22:55","guid":{"rendered":""},"modified":"2026-04-18T17:55:26","modified_gmt":"2026-04-18T15:55:26","slug":"silver-shungite-pendant-es","status":"publish","type":"product","link":"https:\/\/servcrmpro.online\/es\/producto\/silver-shungite-pendant-es\/","title":{"rendered":"Colgante de plata y shungita"},"content":{"rendered":"<h2> <strong>Colgante de plata y shungita<\/strong><br \/>\n<\/h2>\n<p> para protecci\u00f3n y purificaci\u00f3n en movimiento<\/p>\n<p> Todos nuestros colgantes de orgonita fortalecen su campo bioenerg\u00e9tico (Aura); esto le ayudar\u00e1 a evitar que las enfermedades y la negatividad irrumpan en su vida.<\/p>\n<p> Revitalizan su cuerpo: cualquier enfermedad o trastorno que ya est\u00e9 presente se puede eliminar.<\/p>\n<h3> Ingredientes:<\/h3>\n<p><strong>Mezcla de orgonita:<\/strong> revitaliza y eleva el campo energ\u00e9tico, neutraliza los campos electromagn\u00e9ticos y la radiaci\u00f3n.<\/p>\n<p> <strong>Shungit:<\/strong> Protecci\u00f3n superior EMF, protecci\u00f3n ps\u00edquica, conexi\u00f3n a tierra, purificaci\u00f3n y limpieza, calmante y relajaci\u00f3n.<\/p>\n<p> <strong>Limaduras de plata y hojas de plata:<\/strong> tiene propiedades antibacterianas, antivirales y antif\u00fangicas, potente purificador, calmante y curativo, refleja la negatividad del usuario, amplifica las cualidades de otras piedras preciosas.<\/p>\n<p> <strong>Turmalina Negra:<\/strong> Talism\u00e1n de protecci\u00f3n, protege contra la radiaci\u00f3n y la contaminaci\u00f3n ambiental, conexi\u00f3n a tierra y calmante.<\/p>\n<p> <strong>Galenita:<\/strong> contrarresta los efectos de los campos electromagn\u00e9ticos, ayuda en la transformaci\u00f3n personal, aumenta el poder personal y aporta coraje en tiempos dif\u00edciles.<\/p>\n<p> <strong>Cuarzo Ahumado:<\/strong> promueve la fuerza y \u200b\u200bla resiliencia f\u00edsica y mental, especialmente contra la radiaci\u00f3n. Ayuda a curar el da\u00f1o por radiaci\u00f3n.<\/p>\n<p><strong>Cuarzo Rosa:<\/strong> piedra del amor incondicional, paz, tranquilidad y bondad. Calma, reduce el estr\u00e9s y la tensi\u00f3n, promueve la crianza.<\/p>\n<p> <strong>Amatista:<\/strong> piedra de crecimiento espiritual, mejora la salud de muchas maneras, protege de la ansiedad, las radiaciones terrestres y las energ\u00edas extra\u00f1as.<\/p>\n<p> <strong>Mica:<\/strong> Blinda y protege, claridad y flexibilidad.<\/p>\n<\/p>\n<p> Dimensiones: espesor &#8211; 10 mm, di\u00e1metro &#8211; 50 mm<br \/> (Este producto est\u00e1 hecho a mano y el producto final puede diferir ligeramente)<\/p>\n","protected":false},"excerpt":{"rendered":"<h2><strong>Colgante de plata y shungita <\/strong><\/h2>\n<p><strong>Protecci\u00f3n superior combinada con una belleza sublime.<\/strong><\/p>\n<p>La combinaci\u00f3n&#8230;<\/p>\n","protected":false},"featured_media":671,"comment_status":"open","ping_status":"closed","template":"","meta":{"_acf_changed":false},"product_brand":[],"product_cat":[102],"product_tag":[],"class_list":{"0":"post-4451","1":"product","2":"type-product","3":"status-publish","4":"has-post-thumbnail","6":"product_cat-orgone-energy-pendants","7":"sales-flash-overlay","8":"woocommerce-text-align-center","9":"woocommerce-image-align-center","10":"do-quantity-buttons","12":"first","13":"instock","14":"taxable","15":"shipping-taxable","16":"purchasable","17":"product-type-simple"},"acf":[],"_links":{"self":[{"href":"https:\/\/servcrmpro.online\/es\/wp-json\/wp\/v2\/product\/4451","targetHints":{"allow":["GET"]}}],"collection":[{"href":"https:\/\/servcrmpro.online\/es\/wp-json\/wp\/v2\/product"}],"about":[{"href":"https:\/\/servcrmpro.online\/es\/wp-json\/wp\/v2\/types\/product"}],"replies":[{"embeddable":true,"href":"https:\/\/servcrmpro.online\/es\/wp-json\/wp\/v2\/comments?post=4451"}],"wp:featuredmedia":[{"embeddable":true,"href":"https:\/\/servcrmpro.online\/es\/wp-json\/wp\/v2\/media\/671"}],"wp:attachment":[{"href":"https:\/\/servcrmpro.online\/es\/wp-json\/wp\/v2\/media?parent=4451"}],"wp:term":[{"taxonomy":"product_brand","embeddable":true,"href":"https:\/\/servcrmpro.online\/es\/wp-json\/wp\/v2\/product_brand?post=4451"},{"taxonomy":"product_cat","embeddable":true,"href":"https:\/\/servcrmpro.online\/es\/wp-json\/wp\/v2\/product_cat?post=4451"},{"taxonomy":"product_tag","embeddable":true,"href":"https:\/\/servcrmpro.online\/es\/wp-json\/wp\/v2\/product_tag?post=4451"}],"curies":[{"name":"wp","href":"https:\/\/api.w.org\/{rel}","templated":true}]}}