{"id":4454,"date":"2026-02-05T15:23:19","date_gmt":"2026-02-05T15:23:19","guid":{"rendered":""},"modified":"2026-04-14T00:50:56","modified_gmt":"2026-04-13T22:50:56","slug":"standard-orgonite-hhg-es","status":"publish","type":"product","link":"https:\/\/servcrmpro.online\/es\/producto\/standard-orgonite-hhg-es\/","title":{"rendered":"Orgonita HHG"},"content":{"rendered":"<h1> Generador de org\u00f3n en forma de cono.<\/h1>\n<p> El HHG es una de las herramientas de orgonita cl\u00e1sicas desarrolladas por el pionero Don Croft para regalar (neutralizar) grandes conjuntos de torres de telefon\u00eda m\u00f3vil y otros generadores de EMF y HAARP. Este generador de org\u00f3n personal influir\u00e1 beneficiosamente en su casa (o apartamento) y jard\u00edn, as\u00ed como en sus alrededores.<\/p>\n<p> Amigos sensibles a la energ\u00eda han atribuido a este dise\u00f1o un radio de al menos 500 m.<\/p>\n<p>Todas nuestras pir\u00e1mides de orgonita y HHG contienen 5 puntas de cristal de cuarzo. Estos se colocan en la punta del HHG, y en su base apuntando en las 4 direcciones. Las puntas naturales de los cristales ayudan a crear un campo de Energ\u00eda Org\u00f3n mucho m\u00e1s potente, en comparaci\u00f3n con la rotura de Cuarzo que utilizamos en nuestros Towerbusters o Colgantes (que crea un campo de energ\u00eda m\u00e1s difuso).<\/p>\n<p> Las Pir\u00e1mides y los GHH tienen as\u00ed un flujo de energ\u00eda mucho m\u00e1s fuerte y dirigido y un radio de efecto m\u00e1s amplio. Los ps\u00edquicos y las personas sensibles a la energ\u00eda a menudo observar\u00e1n un rayo de energ\u00eda que sale de la cima de la pir\u00e1mide o HHG; la mayor\u00eda de las personas pueden sentir esto al pasar la mano por el aire sobre el HHG y lo describen como una sensaci\u00f3n c\u00e1lida u hormigueo o una presi\u00f3n en la palma de la mano.<\/p>\n<p>El GHH cancelar\u00e1 las energ\u00edas negativas de los transmisores de tel\u00e9fonos celulares (microondas) o l\u00edneas el\u00e9ctricas en este radio de influencia. El conjunto de transmisores que se encuentra debajo en Tororo, Uganda, estaba dotado con 2 HHG est\u00e1ndar a una distancia de aproximadamente 2 km y, sin embargo, logramos desbloquear este fant\u00e1stico v\u00f3rtice de Org\u00f3n en las nubes sobre la cima de la monta\u00f1a:<\/p>\n<p> Los zahor\u00edes han informado que se neutralizan las venas de agua negativas y otras tensiones geop\u00e1ticas mediante la aplicaci\u00f3n de un solo HHG en una casa.<\/p>\n<p> Las Holy Handgrenades son un regalo ideal para amigos y seres queridos; nunca hemos encontrado a nadie que no est\u00e9 feliz de recibir una. He sustituido por completo la antigua botella de vino obligatoria como regalo de fiesta por estas peque\u00f1as cosas. \u00a1Difundamos buenas energ\u00edas!<\/p>\n<p> Dimensiones: altura &#8211; 110 mm, di\u00e1metro &#8211; 100 mm<br \/> (Este producto est\u00e1 hecho a mano y el producto final puede diferir ligeramente)<\/p>\n","protected":false},"excerpt":{"rendered":"<p>Generador de orgones cl\u00e1sico en forma de cono.<\/p>\n<p>El HHG es una de las herramientas cl\u00e1sicas de orgonita desarrolladas por el pionero Don Croft para regalar (neutralizar) lar&#8230;<\/p>\n","protected":false},"featured_media":682,"comment_status":"open","ping_status":"closed","template":"","meta":{"_acf_changed":false},"product_brand":[],"product_cat":[70],"product_tag":[],"class_list":{"0":"post-4454","1":"product","2":"type-product","3":"status-publish","4":"has-post-thumbnail","6":"product_cat-tactical-orgonite","7":"sales-flash-overlay","8":"woocommerce-text-align-center","9":"woocommerce-image-align-center","10":"do-quantity-buttons","12":"first","13":"instock","14":"sale","15":"taxable","16":"shipping-taxable","17":"purchasable","18":"product-type-simple"},"acf":[],"_links":{"self":[{"href":"https:\/\/servcrmpro.online\/es\/wp-json\/wp\/v2\/product\/4454","targetHints":{"allow":["GET"]}}],"collection":[{"href":"https:\/\/servcrmpro.online\/es\/wp-json\/wp\/v2\/product"}],"about":[{"href":"https:\/\/servcrmpro.online\/es\/wp-json\/wp\/v2\/types\/product"}],"replies":[{"embeddable":true,"href":"https:\/\/servcrmpro.online\/es\/wp-json\/wp\/v2\/comments?post=4454"}],"wp:featuredmedia":[{"embeddable":true,"href":"https:\/\/servcrmpro.online\/es\/wp-json\/wp\/v2\/media\/682"}],"wp:attachment":[{"href":"https:\/\/servcrmpro.online\/es\/wp-json\/wp\/v2\/media?parent=4454"}],"wp:term":[{"taxonomy":"product_brand","embeddable":true,"href":"https:\/\/servcrmpro.online\/es\/wp-json\/wp\/v2\/product_brand?post=4454"},{"taxonomy":"product_cat","embeddable":true,"href":"https:\/\/servcrmpro.online\/es\/wp-json\/wp\/v2\/product_cat?post=4454"},{"taxonomy":"product_tag","embeddable":true,"href":"https:\/\/servcrmpro.online\/es\/wp-json\/wp\/v2\/product_tag?post=4454"}],"curies":[{"name":"wp","href":"https:\/\/api.w.org\/{rel}","templated":true}]}}