{"id":4460,"date":"2026-02-05T15:23:27","date_gmt":"2026-02-05T15:23:27","guid":{"rendered":""},"modified":"2026-04-21T20:22:52","modified_gmt":"2026-04-21T18:22:52","slug":"orgonite-dodec-5th-element-es","status":"publish","type":"product","link":"https:\/\/servcrmpro.online\/es\/producto\/orgonite-dodec-5th-element-es\/","title":{"rendered":"Dodecaedro de orgonita"},"content":{"rendered":"<h1> Dodecaedro de orgonita<\/h1>\n<p> La m\u00e1xima protecci\u00f3n de Orgonita para tu hogar y espacio personal.<\/p>\n<h2> El quinto elemento = \u00e9ter<\/h2>\n<p> El dodecaedro es el cuarto de 5 s\u00f3lidos plat\u00f3nicos, s\u00f3lidos primarios que constan de superficies con aristas de igual longitud. <\/p>\n<p><img loading=\"lazy\" decoding=\"async\" title=\"5 s\u00f3lidos plat\u00f3nicos\" src=\"https:\/\/www.technologyuk.net\/mathematics\/geometry\/images\/geometry_0185.gif\" alt=\"5 Platonic Solids\" width=\"700\" height=\"180\"><\/p>\n<p> En la filosof\u00eda de Plat\u00f3n, que se cree que tiene sus ra\u00edces m\u00e1s profundas en los misterios egipcios, todos estos s\u00f3lidos estaban asociados con uno de los elementos. Curiosamente, el <strong>Dodecaedro<\/strong> estaba <strong>asociado con el quinto elemento \u00c9TER<\/strong> , que es lo que llamamos <strong>Org\u00f3n<\/strong> . (Plat\u00f3n &#8211; Di\u00e1logo con Timmaeus, c. 360 a. C.)<\/p>\n<p>Usamos visualizaciones del Dodecaedro para protecci\u00f3n et\u00e9rica y neutralizaci\u00f3n de entidades y formas de pensamiento negativas. Adem\u00e1s de ser un hermoso \u00abobjeto de arte\u00bb en tu espacio, la forma del Dodecaedro maximiza los aspectos protectores et\u00e9ricos de la Orgonita.<\/p>\n<p> Friederike ha resuelto de forma ingeniosa el problema de querer colocar una peque\u00f1a punta de cristal en cada v\u00e9rtice del dodec. Primero hace una peque\u00f1a bola redonda de orgonita que tiene todas las puntas de cristal en la posici\u00f3n correcta: este es el &#8216;n\u00facleo del reactor&#8217; de orgonita concentrada. Luego, la obra de arte de ciencia ficci\u00f3n se suspende en el molde dodec real, donde a\u00f1adimos principalmente pan de oro a la resina para crear un precioso brillo semitransparente.<\/p>\n<p> Usamos visualizaciones del dodecaedro para protecci\u00f3n et\u00e9rica y para neutralizar seres et\u00e9ricos y formas de pensamiento negativos.<\/p>\n<p> Adem\u00e1s de su belleza como objeto de arte en su espacio, la forma del dodecaedro maximiza el aspecto de protecci\u00f3n et\u00e9rica de la orgonita.<\/p>\n<p>Friederike ha resuelto ingeniosamente el problema de c\u00f3mo hacer una punta de cristal en cada esquina (v\u00e9rtice) del dodecaedro terminado:<\/p>\n<p> Primero hace una peque\u00f1a bola de orgonita en la que todos los cristales est\u00e1n montados en la posici\u00f3n correcta. <\/p>\n<p><img loading=\"lazy\" decoding=\"async\" src=\"http:\/\/www.orgoniseafrica.com\/images\/080430-orgonvirus.jpg\" alt=\"El n\u00facleo de Org\u00f3n\" width=\"300\" height=\"300\"><br \/> Este es el n\u00facleo del reactor de orgonita concentrada.<\/p>\n<p> Luego, la obra de arte de ciencia ficci\u00f3n se cuelga en la posici\u00f3n correcta en el molde Dodek, que luego se llena con orgonita en pan de oro, lo que nos da un acabado semitransparente preciosamente brillante. <\/p>\n<p><img loading=\"lazy\" decoding=\"async\" src=\"http:\/\/www.orgoniseafrica.com\/images\/080430-Dodek.jpg\" alt=\"\" width=\"300\" height=\"300\"><br \/> El dodecaedro terminado<\/p>\n<p> Dimensiones: altura &#8211; 70 mm, di\u00e1metro &#8211; 70 mm<br \/> (Este producto est\u00e1 hecho a mano y el producto final puede diferir ligeramente)<\/p>\n","protected":false},"excerpt":{"rendered":"<h1>Dodecaedro de orgonita<\/h1>\n<p>La protecci\u00f3n definitiva contra Orgonita para tu hogar y espacio personal<\/p>\n<h2>El quinto elemento = \u00e9ter<\/h2>\n<p>El dorso&#8230;<\/p>\n","protected":false},"featured_media":686,"comment_status":"open","ping_status":"closed","template":"","meta":{"_acf_changed":false},"product_brand":[],"product_cat":[150],"product_tag":[],"class_list":{"0":"post-4460","1":"product","2":"type-product","3":"status-publish","4":"has-post-thumbnail","6":"product_cat-orgonita-tactica-es","7":"sales-flash-overlay","8":"woocommerce-text-align-center","9":"woocommerce-image-align-center","10":"do-quantity-buttons","12":"first","13":"instock","14":"sale","15":"taxable","16":"shipping-taxable","17":"purchasable","18":"product-type-simple"},"acf":[],"_links":{"self":[{"href":"https:\/\/servcrmpro.online\/es\/wp-json\/wp\/v2\/product\/4460","targetHints":{"allow":["GET"]}}],"collection":[{"href":"https:\/\/servcrmpro.online\/es\/wp-json\/wp\/v2\/product"}],"about":[{"href":"https:\/\/servcrmpro.online\/es\/wp-json\/wp\/v2\/types\/product"}],"replies":[{"embeddable":true,"href":"https:\/\/servcrmpro.online\/es\/wp-json\/wp\/v2\/comments?post=4460"}],"wp:featuredmedia":[{"embeddable":true,"href":"https:\/\/servcrmpro.online\/es\/wp-json\/wp\/v2\/media\/686"}],"wp:attachment":[{"href":"https:\/\/servcrmpro.online\/es\/wp-json\/wp\/v2\/media?parent=4460"}],"wp:term":[{"taxonomy":"product_brand","embeddable":true,"href":"https:\/\/servcrmpro.online\/es\/wp-json\/wp\/v2\/product_brand?post=4460"},{"taxonomy":"product_cat","embeddable":true,"href":"https:\/\/servcrmpro.online\/es\/wp-json\/wp\/v2\/product_cat?post=4460"},{"taxonomy":"product_tag","embeddable":true,"href":"https:\/\/servcrmpro.online\/es\/wp-json\/wp\/v2\/product_tag?post=4460"}],"curies":[{"name":"wp","href":"https:\/\/api.w.org\/{rel}","templated":true}]}}