{"id":4472,"date":"2026-02-05T15:23:51","date_gmt":"2026-02-05T15:23:51","guid":{"rendered":""},"modified":"2026-04-06T07:31:53","modified_gmt":"2026-04-06T05:31:53","slug":"el-dorado-zapper-es","status":"publish","type":"product","link":"https:\/\/servcrmpro.online\/es\/producto\/el-dorado-zapper-es\/","title":{"rendered":"El Dorado Zapper"},"content":{"rendered":"<h2> El Dorado Orgone Zapper &#8211; El Dorado<\/h2>\n<p> Este es claramente el tope de gama: \u00a1electrodos de oro de 24 quilates!<br \/> El oro no se decolorar\u00e1 ni manchar\u00e1, pero tenga cuidado con su pureza y brillo originales con un uso prolongado.<br \/> Hemos encontrado este exterminador de org\u00f3n muy agradable de llevar.<br \/> Si valoras tu salud y tu bienestar, \u00a1puedes descubrir que vale la pena esta inversi\u00f3n!<\/p>\n<p> El zapper org\u00f3n EL DORADO viene en un hermoso estuche, encerrado en una bolsa con cremallera para accesorios. (ver fotos)<\/p>\n<p> <strong>Especificaciones:<\/strong><\/p>\n<p> Frecuencia: CC pulsada de 15 Hz <br \/>Bater\u00eda: 9V PP3 <em>debido a restricciones de las aerol\u00edneas no podemos enviar la bater\u00eda de 9v con el zapper<\/em><br \/> Electrodos: 2 x 1g Oro de 24 quilates<br \/> Correa de velcro extra\u00edble<br \/> Microconector de 2,5 mm para dispositivos externos<br \/> Im\u00e1n de Neodimio 10,3 x 3 mm<br \/> Bobina de Mobius, protegida por cable delimitador<br \/> bloque de orgonita<br \/> Cristal de amatista enrollado en un cable de \u00abcola\u00bb<br \/> Cristal granate enrollado en un cable de \u00abcabeza\u00bb<br \/> LED para mostrar el estado de encendido\/apagado<\/p>\n<p> Dimensiones: largo &#8211; 85 mm, ancho &#8211; 50 mm, alto &#8211; 20 mm<br \/> (Este producto est\u00e1 hecho a mano y el producto final puede diferir ligeramente)<\/p>\n","protected":false},"excerpt":{"rendered":"<h2>El Dorado Orgone Zapper &#8211; El Dorado<\/h2>\n<p>Esto es claramente lo m\u00e1s alto: \u00a1electrodos dorados de 24 ct! <br \/>El oro no se decolorar\u00e1 ni se detiene&#8230;<\/p>\n","protected":false},"featured_media":699,"comment_status":"open","ping_status":"closed","template":"","meta":{"_acf_changed":false},"product_brand":[],"product_cat":[26],"product_tag":[],"class_list":{"0":"post-4472","1":"product","2":"type-product","3":"status-publish","4":"has-post-thumbnail","6":"product_cat-orgone-zappers","7":"sales-flash-overlay","8":"woocommerce-text-align-center","9":"woocommerce-image-align-center","10":"do-quantity-buttons","12":"first","13":"instock","14":"taxable","15":"shipping-taxable","16":"purchasable","17":"product-type-simple"},"acf":[],"_links":{"self":[{"href":"https:\/\/servcrmpro.online\/es\/wp-json\/wp\/v2\/product\/4472","targetHints":{"allow":["GET"]}}],"collection":[{"href":"https:\/\/servcrmpro.online\/es\/wp-json\/wp\/v2\/product"}],"about":[{"href":"https:\/\/servcrmpro.online\/es\/wp-json\/wp\/v2\/types\/product"}],"replies":[{"embeddable":true,"href":"https:\/\/servcrmpro.online\/es\/wp-json\/wp\/v2\/comments?post=4472"}],"wp:featuredmedia":[{"embeddable":true,"href":"https:\/\/servcrmpro.online\/es\/wp-json\/wp\/v2\/media\/699"}],"wp:attachment":[{"href":"https:\/\/servcrmpro.online\/es\/wp-json\/wp\/v2\/media?parent=4472"}],"wp:term":[{"taxonomy":"product_brand","embeddable":true,"href":"https:\/\/servcrmpro.online\/es\/wp-json\/wp\/v2\/product_brand?post=4472"},{"taxonomy":"product_cat","embeddable":true,"href":"https:\/\/servcrmpro.online\/es\/wp-json\/wp\/v2\/product_cat?post=4472"},{"taxonomy":"product_tag","embeddable":true,"href":"https:\/\/servcrmpro.online\/es\/wp-json\/wp\/v2\/product_tag?post=4472"}],"curies":[{"name":"wp","href":"https:\/\/api.w.org\/{rel}","templated":true}]}}