{"id":4475,"date":"2026-02-05T15:23:56","date_gmt":"2026-02-05T15:23:56","guid":{"rendered":""},"modified":"2026-04-06T07:31:53","modified_gmt":"2026-04-06T05:31:53","slug":"orgonite-pyramid-xl-with-pulsed-sp-crystal-es","status":"publish","type":"product","link":"https:\/\/servcrmpro.online\/es\/producto\/orgonite-pyramid-xl-with-pulsed-sp-crystal-es\/","title":{"rendered":"Pir\u00e1mide de Orgonita XL con cristal SP pulsado"},"content":{"rendered":"<h1> Pir\u00e1mide de orgonita extra grande para energizar masivamente tu hogar y tu espacio personal.<\/h1>\n<p> Este es el verdadero gigante de todas las Pir\u00e1mides de Orgonita. \u00a1Pesa aproximadamente 4,5 kg o 9 libras! 230 mm x 230 mm en la base, est\u00e1 hecho con aproximadamente 1 gal\u00f3n o 4 litros de resina. Estoy seguro de que puede destruir una central nuclear por s\u00ed solo. Los cristales en la parte inferior son de aprox. 100 mm (4&#8243;) de largo cada uno.<\/p>\n<p><em>No los mantenemos en stock, pero los fabricamos bajo pedido. Espere unos d\u00edas m\u00e1s para la producci\u00f3n.<\/em><\/p>\n<p> Nuestras pir\u00e1mides de orgonita combinan la composici\u00f3n principal de HHG con las propiedades especiales de la pir\u00e1mide. El poder especial de la pir\u00e1mide se puede experimentar en su forma m\u00e1s beneficiosa cuando la pir\u00e1mide est\u00e1 alineada con el polo norte magn\u00e9tico. Innumerables investigadores de todo el mundo han descubierto que la forma de la pir\u00e1mide por s\u00ed sola tiene ciertas propiedades energ\u00e9ticas notables.<\/p>\n<p> Todas nuestras Pir\u00e1mides de Orgonita contienen 5 puntas de cristal de Cuarzo. Estos se colocan en la punta de la pir\u00e1mide, y en su base apuntando en las 4 direcciones. Las puntas naturales de los cristales ayudan a crear un campo de Energ\u00eda Org\u00f3n mucho m\u00e1s potente, en comparaci\u00f3n con la rotura de Cuarzo que utilizamos en nuestros Towerbusters o Colgantes (que crea un campo de energ\u00eda m\u00e1s difuso).<\/p>\n<p>Las Pir\u00e1mides y los GHH tienen as\u00ed un flujo de energ\u00eda mucho m\u00e1s fuerte y dirigido y un radio de efecto m\u00e1s amplio. Los ps\u00edquicos y las personas sensibles a la energ\u00eda a menudo observar\u00e1n un rayo de energ\u00eda que sale de la cima de la Pir\u00e1mide o HHG; la mayor\u00eda de las personas pueden sentir esto al pasar la mano por el aire sobre la Pir\u00e1mide y lo describen como una sensaci\u00f3n c\u00e1lida u hormigueo o una presi\u00f3n en la palma de la mano.<\/p>\n<\/p>\n<p> <em>Coloreado en varios hermosos tonos transl\u00facidos.<\/em><\/p>\n<p> Dimensiones: largo &#8211; 220 mm, ancho &#8211; 220 mm, alto &#8211; 245 mm<br \/> (Este producto est\u00e1 hecho a mano y el producto final puede diferir ligeramente)<strong><em><br \/><\/em><\/strong><\/p>\n","protected":false},"excerpt":{"rendered":"<h1>Pir\u00e1mide de Orgonita Extra Grande para revitalizar enormemente tu hogar y tu espacio personal<\/h1>\n<p>Este es el verdadero gigante de todas las Pir\u00e1mides Orgonitas. Pesa&#8230;<\/p>\n","protected":false},"featured_media":702,"comment_status":"open","ping_status":"closed","template":"","meta":{"_acf_changed":false},"product_brand":[],"product_cat":[20],"product_tag":[],"class_list":{"0":"post-4475","1":"product","2":"type-product","3":"status-publish","4":"has-post-thumbnail","6":"product_cat-orgonite-pyramids","7":"sales-flash-overlay","8":"woocommerce-text-align-center","9":"woocommerce-image-align-center","10":"do-quantity-buttons","12":"first","13":"instock","14":"taxable","15":"shipping-taxable","16":"purchasable","17":"product-type-simple"},"acf":[],"_links":{"self":[{"href":"https:\/\/servcrmpro.online\/es\/wp-json\/wp\/v2\/product\/4475","targetHints":{"allow":["GET"]}}],"collection":[{"href":"https:\/\/servcrmpro.online\/es\/wp-json\/wp\/v2\/product"}],"about":[{"href":"https:\/\/servcrmpro.online\/es\/wp-json\/wp\/v2\/types\/product"}],"replies":[{"embeddable":true,"href":"https:\/\/servcrmpro.online\/es\/wp-json\/wp\/v2\/comments?post=4475"}],"wp:featuredmedia":[{"embeddable":true,"href":"https:\/\/servcrmpro.online\/es\/wp-json\/wp\/v2\/media\/702"}],"wp:attachment":[{"href":"https:\/\/servcrmpro.online\/es\/wp-json\/wp\/v2\/media?parent=4475"}],"wp:term":[{"taxonomy":"product_brand","embeddable":true,"href":"https:\/\/servcrmpro.online\/es\/wp-json\/wp\/v2\/product_brand?post=4475"},{"taxonomy":"product_cat","embeddable":true,"href":"https:\/\/servcrmpro.online\/es\/wp-json\/wp\/v2\/product_cat?post=4475"},{"taxonomy":"product_tag","embeddable":true,"href":"https:\/\/servcrmpro.online\/es\/wp-json\/wp\/v2\/product_tag?post=4475"}],"curies":[{"name":"wp","href":"https:\/\/api.w.org\/{rel}","templated":true}]}}