{"id":4487,"date":"2026-02-05T15:24:18","date_gmt":"2026-02-05T15:24:18","guid":{"rendered":""},"modified":"2026-04-21T22:56:52","modified_gmt":"2026-04-21T20:56:52","slug":"midi-orgonite-power-wand-es","status":"publish","type":"product","link":"https:\/\/servcrmpro.online\/es\/producto\/midi-orgonite-power-wand-es\/","title":{"rendered":"Varita de energ\u00eda de orgonita"},"content":{"rendered":"<h2>El famoso PW de Orgonite &#8211; Versi\u00f3n Super DeLuxe<\/h2>\n<p><span style=\"font-family: verdana, geneva; font-size: medium;\">El nuevo Orgonite Powerwand es a\u00fan m\u00e1s lujoso que el antiguo.<\/span><br \/><span style=\"font-family: verdana, geneva; font-size: medium;\">El nuevo interruptor en el exterior hace innecesario abrir el revestimiento de cuero para encender o apagar el PW.<\/span><\/p>\n<p>&nbsp;<\/p>\n<p><span style=\"font-family: verdana, geneva; font-size: medium;\">Hemos dotado al PW de una s\u00f3lida base de roble macizo, te\u00f1ida con un maravilloso aceite natural que adem\u00e1s tiene un aroma muy agradable. <\/span><\/p>\n<p><span style=\"font-family: verdana, geneva; font-size: medium;\">Somos conscientes de que la mayor\u00eda de las personas desean colocarlo en su sal\u00f3n para obtener protecci\u00f3n et\u00e9rica, energizar el espacio y facilitar la manifestaci\u00f3n.<br data-mce-fragment=\"1\"><\/span><\/p>\n<p><span style=\"font-family: verdana, geneva; font-size: medium;\">Por supuesto, puedes seguir llev\u00e1ndolo contigo y utilizarlo para la sanaci\u00f3n t\u00f3pica sin la base. <\/span><\/p>\n<p><span style=\"font-family: verdana, geneva; font-size: medium;\">En su interior sigue estando el mismo generador de org\u00f3n pulsado superfuerte, que la gente ha llegado a amar en todo el mundo.<\/span><\/p>\n<h2>Intenci\u00f3n + Energ\u00eda = Manifestaci\u00f3n<\/h2>\n<p><span style=\"font-family: verdana, geneva; font-size: medium;\">Tubo de cobre de 300 mm (76 mm o 3&#8243; de di\u00e1metro) con cristal extra grande enrollado en espiral y moebius<\/span> <span style=\"font-family: verdana, geneva; font-size: medium;\">(160-200 mm), incrustado en<\/span> <span style=\"font-family: verdana, geneva; font-size: medium;\">orgonita de cobre y aluminio.<\/span><\/p>\n<p><span style=\"font-family: verdana, geneva; font-size: medium;\">Impulsado por un generador de frecuencia de 15 Hz (circuito zapper) que est\u00e1 oculto en el fondo de la tuber\u00eda.<\/span><\/p>\n<p><span style=\"font-family: verdana, geneva; font-size: medium;\"><strong>Otros ingredientes:<\/strong><\/span><\/p>\n<p><span style=\"font-family: verdana, geneva; font-size: medium;\">&#8211; 1 cristal de amatista<\/span><br \/> <span style=\"font-family: verdana, geneva; font-size: medium;\">&#8211; 4 granates<\/span><br \/> <span style=\"font-family: verdana, geneva; font-size: medium;\">&#8211; 4 perlas de hematita<\/span><br \/> <span style=\"font-family: verdana, geneva; font-size: medium;\">&#8211; pirita pulverizada<\/span><br \/> <span style=\"font-family: verdana, geneva; font-size: medium;\">&#8211; rotura de amatista<\/span><\/p>\n<p> <span style=\"font-family: verdana, geneva; font-size: medium;\"><strong style=\"font-family: verdana, geneva; font-size: medium;\">\u00a1Esta cosa es realmente fuerte!<\/strong><\/span> <br \/><span style=\"font-family: verdana, geneva; font-size: medium;\">La mayor\u00eda de las personas que prob\u00e9 hasta ahora pueden ver la energ\u00eda de Orgonite Powerwand con sus ojos desnudos y no educados. No me refiero a clarividentes sensibles al aura, sino a personas normales como t\u00fa y como yo&#8230;<\/span><\/p>\n<p> <span style=\"font-family: verdana, geneva; font-size: medium;\">Una funda de cuero ajustada, que antes solo se ofrec\u00eda en la versi\u00f3n de lujo, ahora es est\u00e1ndar.<\/span><br \/> <span style=\"font-family: verdana, geneva; font-size: medium;\">Creemos que hace que la varita de energ\u00eda sea mucho m\u00e1s agradable de manejar y probablemente incluso aumenta la producci\u00f3n de energ\u00eda (debido a la capa org\u00e1nica adicional alrededor del cobre).<\/span><\/p>\n<p><img decoding=\"async\" src=\"https:\/\/cdn.shopify.com\/s\/files\/1\/0660\/4419\/8969\/files\/030218OWdishedup_480x480.jpg?v=1740497029\" alt=\"the mineral ingredients of our PW\" data-mce-fragment=\"1\" data-mce-src=\"https:\/\/cdn.shopify.com\/s\/files\/1\/0660\/4419\/8969\/files\/030218OWdishedup_480x480.jpg?v=1740497029\"><\/p>\n<p>Ingredientes t\u00edpicos<\/p>\n<p><span style=\"font-family: verdana, geneva; font-size: medium;\">La varilla de alimentaci\u00f3n ahora est\u00e1 equipada con una toma de 12 V y un adaptador de enchufe de pared de 12 V si desea utilizarla desde la red el\u00e9ctrica.<\/span><\/p>\n<p><span style=\"font-family: verdana, geneva; font-size: medium;\"><strong style=\"font-family: verdana, geneva; font-size: medium;\">Aplicaciones:<\/strong><\/span><\/p>\n<ul>\n<li><span style=\"font-family: verdana, geneva; font-size: medium;\">Protecci\u00f3n contra ataques espirituales y electromagn\u00e9ticos.<\/span><\/li>\n<li><span style=\"font-family: verdana, geneva; font-size: medium;\">Armonizaci\u00f3n y dinamizaci\u00f3n de su entorno de vida.<\/span><\/li>\n<li><span style=\"font-family: verdana, geneva; font-size: medium;\">Radi\u00f3nica (Env\u00edo de intenciones amplificadas).<\/span><\/li>\n<li><span style=\"font-family: verdana, geneva; font-size: medium;\">Curaci\u00f3n a distancia. Estimulaci\u00f3n de la conciencia energ\u00e9tica y la capacidad de dirigir la energ\u00eda a trav\u00e9s de la intenci\u00f3n.<\/span><\/li>\n<li><span style=\"font-family: verdana, geneva; font-size: medium;\">Aplicaciones de curaci\u00f3n directa. El potente rayo de org\u00f3n se puede utilizar directamente para estimular los procesos de curaci\u00f3n del cuerpo.<\/span><\/li>\n<\/ul>\n<p><span style=\"font-family: verdana, geneva; font-size: medium;\"><strong style=\"font-family: verdana, geneva; font-size: medium;\">\u00a1Esto realmente se ve genial!<\/strong><\/span><\/p>\n<p> <span style=\"font-family: verdana, geneva; font-size: medium;\">Ahora hemos colocado el LED que indica el estado encendido\/apagado del pulsador el\u00e9ctrico directamente cerca del cristal grande para que puedas ver si el PW est\u00e1 encendido o apagado. En la oscuridad, esto le dar\u00e1 un <strong style=\"font-family: verdana, geneva; font-size: medium;\">brillo azul m\u00e1gico<\/strong> a trav\u00e9s del cristal cuando tu PW est\u00e9 encendido.<\/span><\/p>\n<p> <span style=\"font-family: verdana, geneva; font-size: medium;\"><\/span><\/p>\n<p><span style=\"font-family: verdana, geneva; font-size: medium;\"><img decoding=\"async\" src=\"https:\/\/cdn.shopify.com\/s\/files\/1\/0660\/4419\/8969\/files\/New_PW_Nightglow_480x480.jpg?v=1740480632\" alt=\"El PW en la oscuridad\"><\/span><\/p>\n<p>El PW en la oscuridad<\/p>\n<p><span style=\"font-family: verdana, geneva; font-size: medium;\">Lea m\u00e1s sobre nuestros dispositivos de orgonita pulsada y sus usos y aplicaciones <a href=\"https:\/\/www.orgoniseafrica.com\/en\/info\/orgonite\/pulsed-orgonite\" title=\"Dispositivos de orgonita pulsada\" target=\"_blank\" rel=\"noopener\">aqu\u00ed<\/a> .<\/span><\/p>\n<p><span style=\"font-family: verdana, geneva; font-size: medium;\">Adaptador de 12V incluido.<\/span><\/p>\n<p><span style=\"font-family: verdana, geneva; font-size: medium;\">Dimensiones: longitud &#8211; 300 mm, di\u00e1metro &#8211; 75 mm<br \/> (Este producto est\u00e1 hecho a mano y el producto final puede diferir ligeramente)<\/span><\/p>\n","protected":false},"excerpt":{"rendered":"<h2>La nueva varita de potencia de tama\u00f1o medio<\/h2>\n<p><span style=\"font-family: verdana, ginebra;font-size: medium\">Tambi\u00e9n podr\u00edas decir \u00abtama\u00f1o adecuado\u00bb&#8230; <\/span>&#8230;<\/p>\n","protected":false},"featured_media":713,"comment_status":"open","ping_status":"closed","template":"","meta":{"_acf_changed":false},"product_brand":[],"product_cat":[177],"product_tag":[],"class_list":{"0":"post-4487","1":"product","2":"type-product","3":"status-publish","4":"has-post-thumbnail","6":"product_cat-dispositivos-de-orgonita-pulsada-es","7":"sales-flash-overlay","8":"woocommerce-text-align-center","9":"woocommerce-image-align-center","10":"do-quantity-buttons","12":"first","13":"instock","14":"taxable","15":"shipping-taxable","16":"purchasable","17":"product-type-simple"},"acf":[],"_links":{"self":[{"href":"https:\/\/servcrmpro.online\/es\/wp-json\/wp\/v2\/product\/4487","targetHints":{"allow":["GET"]}}],"collection":[{"href":"https:\/\/servcrmpro.online\/es\/wp-json\/wp\/v2\/product"}],"about":[{"href":"https:\/\/servcrmpro.online\/es\/wp-json\/wp\/v2\/types\/product"}],"replies":[{"embeddable":true,"href":"https:\/\/servcrmpro.online\/es\/wp-json\/wp\/v2\/comments?post=4487"}],"wp:featuredmedia":[{"embeddable":true,"href":"https:\/\/servcrmpro.online\/es\/wp-json\/wp\/v2\/media\/713"}],"wp:attachment":[{"href":"https:\/\/servcrmpro.online\/es\/wp-json\/wp\/v2\/media?parent=4487"}],"wp:term":[{"taxonomy":"product_brand","embeddable":true,"href":"https:\/\/servcrmpro.online\/es\/wp-json\/wp\/v2\/product_brand?post=4487"},{"taxonomy":"product_cat","embeddable":true,"href":"https:\/\/servcrmpro.online\/es\/wp-json\/wp\/v2\/product_cat?post=4487"},{"taxonomy":"product_tag","embeddable":true,"href":"https:\/\/servcrmpro.online\/es\/wp-json\/wp\/v2\/product_tag?post=4487"}],"curies":[{"name":"wp","href":"https:\/\/api.w.org\/{rel}","templated":true}]}}