{"id":4496,"date":"2026-02-05T15:24:33","date_gmt":"2026-02-05T15:24:33","guid":{"rendered":""},"modified":"2026-04-06T07:31:54","modified_gmt":"2026-04-06T05:31:54","slug":"silver-and-shungite-bundle-1-es","status":"publish","type":"product","link":"https:\/\/servcrmpro.online\/es\/producto\/silver-and-shungite-bundle-1-es\/","title":{"rendered":"Paquete de plata y shungita"},"content":{"rendered":"<p><strong>Nuestro pack de plata y shungita<\/strong><\/p>\n<p>Disfruta de nuestra nueva gama de productos de plata y shungita, todo en uno. La plata y la shungita son potentes componentes protectores y clarificadores. La plata tiene efectos antivirales, antibacterianos y antif\u00fangicos, refleja la feminidad y potencia la frecuencia de todas las piedras preciosas con las que se combina. La shungita es una potente piedra protectora contra los campos electromagn\u00e9ticos procedente de Rusia, y tambi\u00e9n se utiliza para la desintoxicaci\u00f3n. Potencia la claridad y el poder personal.<\/p>\n<p><em>El precio de este paquete est\u00e1 calculado para que obtengas un 15 % de descuento en nuestra orgonita de plata y shungita en comparaci\u00f3n con la compra de cada art\u00edculo por separado.<\/em><\/p>\n<p><strong>Este paquete contiene:<\/strong><\/p>\n<p><strong>&#8211; Pir\u00e1mide de plata y shungita: <\/strong>esta hermosa pir\u00e1mide revitalizar\u00e1 el espacio de tu hogar y te proporcionar\u00e1 claridad, conexi\u00f3n y liberaci\u00f3n de viejos patrones y relaciones t\u00f3xicas en tu vida.<\/p>\n<p><strong>&#8211; Colgante de plata y shungita: <\/strong>El colgante de plata y shungita es un potente protector para llevar contigo a diario. Protege no solo de los campos electromagn\u00e9ticos, sino tambi\u00e9n de otras fuentes negativas de radiaci\u00f3n, interferencias ps\u00edquicas o influencias c\u00f3smicas.<\/p>\n<p><strong>&#8211; Buster de plata y shungita: <\/strong>Estos peque\u00f1os y pr\u00e1cticos Busters son mucho m\u00e1s lujosos que nuestros cl\u00e1sicos Towerbusters. Est\u00e1n pensados para colocarse a modo de decoraci\u00f3n y proteger\u00e1n tu espacio de los campos electromagn\u00e9ticos (EMF) al tiempo que aportan claridad y vitalidad.<\/p>\n<p><strong>&#8211; Huevo de orgonita de shungita:<\/strong> muy potente para sostenerlo en la mano mientras meditas o simplemente para llevarlo contigo. A m\u00ed me cuesta mucho soltar el m\u00edo&#8230;<\/p>\n","protected":false},"excerpt":{"rendered":"<p><strong>Nuestro paquete de plata y shungita<\/strong><\/p>\n<p>Disfruta de nuestra nueva gama de productos de plata y shungita de una sola vez. La plata y la shungita son p&#8230;<\/p>\n","protected":false},"featured_media":720,"comment_status":"open","ping_status":"closed","template":"","meta":{"_acf_changed":false},"product_brand":[],"product_cat":[48,103],"product_tag":[],"class_list":{"0":"post-4496","1":"product","2":"type-product","3":"status-publish","4":"has-post-thumbnail","6":"product_cat-bundles-kits","7":"product_cat-silver-shungite","8":"sales-flash-overlay","9":"woocommerce-text-align-center","10":"woocommerce-image-align-center","11":"do-quantity-buttons","13":"first","14":"instock","15":"taxable","16":"shipping-taxable","17":"purchasable","18":"product-type-simple"},"acf":[],"_links":{"self":[{"href":"https:\/\/servcrmpro.online\/es\/wp-json\/wp\/v2\/product\/4496","targetHints":{"allow":["GET"]}}],"collection":[{"href":"https:\/\/servcrmpro.online\/es\/wp-json\/wp\/v2\/product"}],"about":[{"href":"https:\/\/servcrmpro.online\/es\/wp-json\/wp\/v2\/types\/product"}],"replies":[{"embeddable":true,"href":"https:\/\/servcrmpro.online\/es\/wp-json\/wp\/v2\/comments?post=4496"}],"wp:featuredmedia":[{"embeddable":true,"href":"https:\/\/servcrmpro.online\/es\/wp-json\/wp\/v2\/media\/720"}],"wp:attachment":[{"href":"https:\/\/servcrmpro.online\/es\/wp-json\/wp\/v2\/media?parent=4496"}],"wp:term":[{"taxonomy":"product_brand","embeddable":true,"href":"https:\/\/servcrmpro.online\/es\/wp-json\/wp\/v2\/product_brand?post=4496"},{"taxonomy":"product_cat","embeddable":true,"href":"https:\/\/servcrmpro.online\/es\/wp-json\/wp\/v2\/product_cat?post=4496"},{"taxonomy":"product_tag","embeddable":true,"href":"https:\/\/servcrmpro.online\/es\/wp-json\/wp\/v2\/product_tag?post=4496"}],"curies":[{"name":"wp","href":"https:\/\/api.w.org\/{rel}","templated":true}]}}