{"id":4499,"date":"2026-02-05T15:24:38","date_gmt":"2026-02-05T15:24:38","guid":{"rendered":""},"modified":"2026-04-06T07:31:54","modified_gmt":"2026-04-06T05:31:54","slug":"towerbuster-dirty-harry-es","status":"publish","type":"product","link":"https:\/\/servcrmpro.online\/es\/producto\/towerbuster-dirty-harry-es\/","title":{"rendered":"Harry el Sucio Abusaltorres"},"content":{"rendered":"<p><strong><span style=\"font-family: verdana, geneva;font-size: medium\">El Orgonite Towerbuster \u00abDirty Harry\u00bb es el m\u00e1s vers\u00e1til de todos los dispositivos de orgonita.<\/span><\/strong><span style=\"font-family: verdana, geneva;font-size: medium\"> <\/span><\/p>\n<p><span style=\"font-family: verdana, geneva;font-size: medium\">Es la herramienta de orgonita perfecta para tus expediciones de campo de donaci\u00f3n de org\u00f3n o cualquier otra aplicaci\u00f3n de sanaci\u00f3n con org\u00f3n al aire libre donde \u00abla apariencia no importa\u00bb.<\/span><\/p>\n<p><span style=\"font-family: verdana, geneva;font-size: medium\">Un solo Towerbuster de orgonita como este puede ser suficiente para convertir una torre de telefon\u00eda m\u00f3vil de transmisor de energ\u00eda letal en un generador de org\u00f3n. Los Towerbusters se pueden utilizar para mejorar la energ\u00eda pr\u00e1cticamente en cualquier lugar. Los hemos colocado alrededor de granjas para aumentar el rendimiento de los cultivos y la salud de los animales, y los hemos arrojado a r\u00edos contaminados, por citar solo algunas aplicaciones.<\/span><\/p>\n<p><span style=\"font-family: verdana, geneva;font-size: medium\">Consulta nuestra <a title=\"Where to Place Orgonite\" href=\"https:\/\/orgoniseafrica.com\/collections\/what-is-orgonite-orgonite-for-beginners-getting-started\" target=\"_blank\" rel=\"noopener\">Gu\u00eda para principiantes en orgonita<\/a> para obtener m\u00e1s inspiraci\u00f3n sobre d\u00f3nde colocar tus Towerbusters de orgonita.<\/span><\/p>\n<p><span style=\"font-family: verdana, geneva;font-size: medium\">El verdadero donante de org\u00f3n los compra al por mayor y ahorra mucho: los producimos en grandes cantidades y los hemos hecho tan baratos que pr\u00e1cticamente no puedes fabricarlos t\u00fa mismo por ese precio.<\/span><\/p>\n<p><span style=\"font-family: verdana, geneva;font-size: medium\">Colores: principalmente marr\u00f3n y verde para camuflaje.<\/span><\/p>\n<p><span style=\"font-family: verdana, geneva;font-size: medium\">Nota: Los \u00abDirty Harries\u00bb de orgonita son la variante absolutamente rudimentaria de los Towerbusters. De ah\u00ed el nombre \u00abDirty Harry\u00bb. Est\u00e1n pensados para comprarse y distribuirse <\/span><span style=\"font-family: verdana, geneva;font-size: medium\"><em>en masa<\/em>. \u00a1No est\u00e1n pensados como objetos decorativos! Es de esperar que sobresalgan limaduras y que las esquinas est\u00e9n astilladas. Todo esto no disminuye su poder en lo m\u00e1s m\u00ednimo.<\/span><\/p>\n<p><span style=\"font-family: verdana, geneva;font-size: medium\">Si buscas nuestros Towerbusters lisos y coloridos, pensados para decorar tu hogar, echa un vistazo, por ejemplo, a nuestros <a title=\"Slick Jim Orgonite Towerbuster\" href=\"https:\/\/orgoniseafrica.com\/collections\/buy-orgonite-tactical-orgonite\/products\/orgonite-tb-slick-jim\" target=\"_blank\" rel=\"noopener\">Towerbusters \u00abSlick Jim<\/a>\u00bb.<\/span><\/p>\n<p>Dimensiones: altura: 23 mm; di\u00e1metro: 64 mm<br \/>(este producto est\u00e1 hecho a mano y el producto final puede variar ligeramente).<\/p>\n","protected":false},"excerpt":{"rendered":"<p><strong><span style=\"font-family: verdana, ginebra;font-size: medium\">El Orgonite Towerbuster \u00abDirty Harry\u00bb es el m\u00e1s vers\u00e1til de todos los Orgonite&#8230;<\/p>\n","protected":false},"featured_media":723,"comment_status":"open","ping_status":"closed","template":"","meta":{"_acf_changed":false},"product_brand":[],"product_cat":[150,159],"product_tag":[],"class_list":{"0":"post-4499","1":"product","2":"type-product","3":"status-publish","4":"has-post-thumbnail","6":"product_cat-orgonita-tactica-es","7":"product_cat-paquetes-y-kits-es","8":"sales-flash-overlay","9":"woocommerce-text-align-center","10":"woocommerce-image-align-center","11":"do-quantity-buttons","13":"first","14":"instock","15":"taxable","16":"shipping-taxable","17":"purchasable","18":"product-type-simple"},"acf":[],"_links":{"self":[{"href":"https:\/\/servcrmpro.online\/es\/wp-json\/wp\/v2\/product\/4499","targetHints":{"allow":["GET"]}}],"collection":[{"href":"https:\/\/servcrmpro.online\/es\/wp-json\/wp\/v2\/product"}],"about":[{"href":"https:\/\/servcrmpro.online\/es\/wp-json\/wp\/v2\/types\/product"}],"replies":[{"embeddable":true,"href":"https:\/\/servcrmpro.online\/es\/wp-json\/wp\/v2\/comments?post=4499"}],"wp:featuredmedia":[{"embeddable":true,"href":"https:\/\/servcrmpro.online\/es\/wp-json\/wp\/v2\/media\/723"}],"wp:attachment":[{"href":"https:\/\/servcrmpro.online\/es\/wp-json\/wp\/v2\/media?parent=4499"}],"wp:term":[{"taxonomy":"product_brand","embeddable":true,"href":"https:\/\/servcrmpro.online\/es\/wp-json\/wp\/v2\/product_brand?post=4499"},{"taxonomy":"product_cat","embeddable":true,"href":"https:\/\/servcrmpro.online\/es\/wp-json\/wp\/v2\/product_cat?post=4499"},{"taxonomy":"product_tag","embeddable":true,"href":"https:\/\/servcrmpro.online\/es\/wp-json\/wp\/v2\/product_tag?post=4499"}],"curies":[{"name":"wp","href":"https:\/\/api.w.org\/{rel}","templated":true}]}}