{"id":4502,"date":"2026-02-05T15:24:41","date_gmt":"2026-02-05T15:24:41","guid":{"rendered":""},"modified":"2026-04-06T07:31:54","modified_gmt":"2026-04-06T05:31:54","slug":"personal-healing-bundle-es","status":"publish","type":"product","link":"https:\/\/servcrmpro.online\/es\/producto\/personal-healing-bundle-es\/","title":{"rendered":"Paquete de Sanaci\u00f3n Personal"},"content":{"rendered":"<h3>\u00a1Herramientas de org\u00f3n para la sanaci\u00f3n y el bienestar personal!<\/h3>\n<p>El kit de sanaci\u00f3n personal con org\u00f3n se centra en tu bienestar personal. El <a href=\"https:\/\/www.orgoniseafrica.com\/silver-sugilite-sbb.html\" target=\"_blank\" rel=\"noopener\">SBB<\/a> o \u00abSaint Buster&#x27;s Button\u00bb es una potente herramienta energizante para estimular y revitalizar tus chakras o cualquier parte del cuerpo afectada por una dolencia.<\/p>\n<h4>Adem\u00e1s, es una hermosa obra de arte org\u00f3nica.<\/h4>\n<p>La <a href=\"https:\/\/www.orgoniseafrica.com\/orgonite-mini-wand-28mm.html\" target=\"_blank\" rel=\"noopener\">Miniwand de 28 mm,<\/a> en combinaci\u00f3n con el zapper de org\u00f3n, crea un campo de org\u00f3n pulsado que te protege de las interferencias electromagn\u00e9ticas y ps\u00edquicas. Tambi\u00e9n se puede utilizar como herramienta de meditaci\u00f3n para \u00abamplificar la intenci\u00f3n\u00bb. La energ\u00eda focalizada se puede utilizar adem\u00e1s para la sanaci\u00f3n directa cuando se dirige hacia partes de tu cuerpo.<\/p>\n<p>Un<a href=\"https:\/\/www.orgoniseafrica.com\/clark-zapper-shop\" target=\"_blank\" rel=\"noopener\"> zapper<\/a> es imprescindible para cualquier persona o familia. Sirve como tu primera l\u00ednea de defensa contra las enfermedades. Muchas personas han informado de grandes \u00e9xitos a la hora de revertir incluso afecciones graves con la ayuda de un zapper. El kit CS a\u00f1ade la capacidad de crear plata coloidal sencilla en tu hogar a bajo coste.<\/p>\n<p>Un kit de sanaci\u00f3n personal no estar\u00eda completo sin el <strong>protector contra la radiaci\u00f3n de tel\u00e9fonos m\u00f3viles <\/strong><a href=\"https:\/\/www.orgoniseafrica.com\/the-minishield.html\" target=\"_blank\" rel=\"noopener\"><strong>Minishield<\/strong><\/a><strong> Orgonite<\/strong> y un <strong>colgante de orgonita<\/strong> para proteger tu campo \u00e1urico. Hemos elegido el <a href=\"https:\/\/www.orgoniseafrica.com\/small-sugilite-pendant.html\" target=\"_blank\" rel=\"noopener\">colgante de sugilita<\/a> para este paquete debido a su alta vibraci\u00f3n y sus cualidades espirituales.<\/p>\n<p><em>Y lo que es a\u00fan m\u00e1s emocionante:<\/em> puedes conseguir los componentes de este paquete de sanaci\u00f3n org\u00f3nica personal con <strong>un 15 % de descuento<\/strong> respecto a los precios de los art\u00edculos individuales pedidos por separado.<\/p>\n<p><span style=\"font-size: 12px\">El kit de sanaci\u00f3n org\u00f3nica personal se puede combinar idealmente con el<\/span> <a style=\"font-size: 12px\" href=\"https:\/\/www.orgoniseafrica.com\/orgonite-jet-set-kit.html\" target=\"_blank\" rel=\"noopener\">Kit de Viajero Jet Set,<\/a> <span style=\"font-size: 12px\">ya que sanar tu entorno inmediato forma parte de tu proceso de sanaci\u00f3n personal.<\/span><\/p>\n","protected":false},"excerpt":{"rendered":"<h3>\u00a1Herramientas de org\u00f3n para la sanaci\u00f3n y el bienestar personal!<\/h3>\n<p>El kit personal de curaci\u00f3n org\u00f3nica se centra en tu bienestar personal. El &lt;a href=&quot;ht&#8230;<\/p>\n","protected":false},"featured_media":726,"comment_status":"open","ping_status":"closed","template":"","meta":{"_acf_changed":false},"product_brand":[],"product_cat":[48,34],"product_tag":[],"class_list":{"0":"post-4502","1":"product","2":"type-product","3":"status-publish","4":"has-post-thumbnail","6":"product_cat-bundles-kits","7":"product_cat-emf-protection","8":"sales-flash-overlay","9":"woocommerce-text-align-center","10":"woocommerce-image-align-center","11":"do-quantity-buttons","13":"first","14":"instock","15":"taxable","16":"shipping-taxable","17":"purchasable","18":"product-type-simple"},"acf":[],"_links":{"self":[{"href":"https:\/\/servcrmpro.online\/es\/wp-json\/wp\/v2\/product\/4502","targetHints":{"allow":["GET"]}}],"collection":[{"href":"https:\/\/servcrmpro.online\/es\/wp-json\/wp\/v2\/product"}],"about":[{"href":"https:\/\/servcrmpro.online\/es\/wp-json\/wp\/v2\/types\/product"}],"replies":[{"embeddable":true,"href":"https:\/\/servcrmpro.online\/es\/wp-json\/wp\/v2\/comments?post=4502"}],"wp:featuredmedia":[{"embeddable":true,"href":"https:\/\/servcrmpro.online\/es\/wp-json\/wp\/v2\/media\/726"}],"wp:attachment":[{"href":"https:\/\/servcrmpro.online\/es\/wp-json\/wp\/v2\/media?parent=4502"}],"wp:term":[{"taxonomy":"product_brand","embeddable":true,"href":"https:\/\/servcrmpro.online\/es\/wp-json\/wp\/v2\/product_brand?post=4502"},{"taxonomy":"product_cat","embeddable":true,"href":"https:\/\/servcrmpro.online\/es\/wp-json\/wp\/v2\/product_cat?post=4502"},{"taxonomy":"product_tag","embeddable":true,"href":"https:\/\/servcrmpro.online\/es\/wp-json\/wp\/v2\/product_tag?post=4502"}],"curies":[{"name":"wp","href":"https:\/\/api.w.org\/{rel}","templated":true}]}}