{"id":4505,"date":"2026-02-05T15:24:43","date_gmt":"2026-02-05T15:24:43","guid":{"rendered":""},"modified":"2026-04-06T07:31:54","modified_gmt":"2026-04-06T05:31:54","slug":"orgone-jet-set-bundle-es","status":"publish","type":"product","link":"https:\/\/servcrmpro.online\/es\/producto\/orgone-jet-set-bundle-es\/","title":{"rendered":"Orgone Jet Set Bundle"},"content":{"rendered":"<h3>\u00a1El aut\u00e9ntico guerrero del org\u00f3n viaja ligero de equipaje!<\/h3>\n<p>Antes de reservar tus pr\u00f3ximas vacaciones en un destino ex\u00f3tico (todos estos lugares necesitan recibir energ\u00eda y muchos para\u00edsos tropicales son, en realidad, infiernos gobernados por el miedo en cuanto te desv\u00edas de las rutas tur\u00edsticas habituales), aseg\u00farate de tener listo el pack del viajero de la jet set.<\/p>\n<p>Ocupa unos 6-7 kg en tu equipaje, que es m\u00e1s o menos el espacio que necesitar\u00e1s para todos esos recuerdos que quieres llevarte a casa.<\/p>\n<p>30 TB, 5 Earth Pipes, 3 HHG y 5 peque\u00f1os Dolphin Busters deber\u00edan marcar la diferencia en los lugares que visites.<\/p>\n<p>Por supuesto, tambi\u00e9n puedes utilizar este surtido de generadores de org\u00f3n en tu ciudad natal. No hay nada de malo en ello. El precio<\/p>\n<p><strong>de<\/strong> este <strong>paquete t\u00e1ctico de orgonita<\/strong> es <strong>un 15 % m\u00e1s barato<\/strong> que comprar todos los componentes por separado.<\/p>\n","protected":false},"excerpt":{"rendered":"<h3>\u00a1El verdadero Guerrero Org\u00f3n viaja ligero!<\/h3>\n<p>Antes de reservar tus pr\u00f3ximas vacaciones a un destino ex\u00f3tico (todos estos lugares necesitan regalos y muchos&#8230;<\/p>\n","protected":false},"featured_media":728,"comment_status":"open","ping_status":"closed","template":"","meta":{"_acf_changed":false},"product_brand":[],"product_cat":[48],"product_tag":[],"class_list":{"0":"post-4505","1":"product","2":"type-product","3":"status-publish","4":"has-post-thumbnail","6":"product_cat-bundles-kits","7":"sales-flash-overlay","8":"woocommerce-text-align-center","9":"woocommerce-image-align-center","10":"do-quantity-buttons","12":"first","13":"instock","14":"taxable","15":"shipping-taxable","16":"purchasable","17":"product-type-simple"},"acf":[],"_links":{"self":[{"href":"https:\/\/servcrmpro.online\/es\/wp-json\/wp\/v2\/product\/4505","targetHints":{"allow":["GET"]}}],"collection":[{"href":"https:\/\/servcrmpro.online\/es\/wp-json\/wp\/v2\/product"}],"about":[{"href":"https:\/\/servcrmpro.online\/es\/wp-json\/wp\/v2\/types\/product"}],"replies":[{"embeddable":true,"href":"https:\/\/servcrmpro.online\/es\/wp-json\/wp\/v2\/comments?post=4505"}],"wp:featuredmedia":[{"embeddable":true,"href":"https:\/\/servcrmpro.online\/es\/wp-json\/wp\/v2\/media\/728"}],"wp:attachment":[{"href":"https:\/\/servcrmpro.online\/es\/wp-json\/wp\/v2\/media?parent=4505"}],"wp:term":[{"taxonomy":"product_brand","embeddable":true,"href":"https:\/\/servcrmpro.online\/es\/wp-json\/wp\/v2\/product_brand?post=4505"},{"taxonomy":"product_cat","embeddable":true,"href":"https:\/\/servcrmpro.online\/es\/wp-json\/wp\/v2\/product_cat?post=4505"},{"taxonomy":"product_tag","embeddable":true,"href":"https:\/\/servcrmpro.online\/es\/wp-json\/wp\/v2\/product_tag?post=4505"}],"curies":[{"name":"wp","href":"https:\/\/api.w.org\/{rel}","templated":true}]}}