{"id":4508,"date":"2026-02-05T15:24:47","date_gmt":"2026-02-05T15:24:47","guid":{"rendered":""},"modified":"2026-04-06T07:31:54","modified_gmt":"2026-04-06T05:31:54","slug":"essential-orgonite-bundle-es","status":"publish","type":"product","link":"https:\/\/servcrmpro.online\/es\/producto\/essential-orgonite-bundle-es\/","title":{"rendered":"Paquete esencial de orgonita"},"content":{"rendered":"<h1>\u00a1No te conformes con menos orgonita!<\/h1>\n<p>Echa un vistazo a mi peque\u00f1o<a title=\"How to get started\" href=\"http:\/\/www.orgoniseafrica.com\/info\/orgonite\/orgonite-how-to-start.html\" rel=\"noopener\" target=\"_blank\"> art\u00edculo aqu\u00ed <\/a>para ver algunas recomendaciones b\u00e1sicas sobre c\u00f3mo empezar a orgonizar tu casa y el entorno inmediato. Te recomendamos que coloques un TB de orgonita en cada esquina de tu propiedad como primera medida de protecci\u00f3n. Coloca uno directamente en la tuber\u00eda principal de agua, donde entra en tu casa o en el exterior. Se ha descubierto que el agua corriente es un importante portador de energ\u00eda negativa hoy en d\u00eda. Lo mismo ocurre con el cuadro el\u00e9ctrico principal. Coloca un TB all\u00ed.<\/p>\n<p>Recomendamos este n\u00famero de 12 TB de orgonita \u00ab<a title=\"\" href=\"http:\/\/www.orgoniseafrica.com\/orgonite-towerbuster.html\" rel=\"noopener\" target=\"_blank\">Dirty Harry<\/a>\u00bb y 4 \u00ab<a title=\"Orgonite TB\" href=\"http:\/\/www.orgoniseafrica.com\/orgonite-towerbusterb-sj.html\" rel=\"noopener\" target=\"_blank\">Slick Jim<\/a>\u00bb para ofrecerte varias opciones. Definitivamente deber\u00edas neutralizar todas las torres de telefon\u00eda m\u00f3vil en un radio de 5 km alrededor de tu casa para evitar que te causen da\u00f1o. Para ello, basta con colocar un solo TB de orgonita cerca. Si es necesario, sigue siendo eficaz hasta a 500 m de la torre. Se pueden ocultar entre matorrales densos o follaje, o enterrarlos para evitar que jardineros demasiado entusiastas los retiren.<\/p>\n<p>La versi\u00f3n \u00abSlick Jim\u00bb no difiere en sus efectos energ\u00e9ticos, pero hemos pensado en incluir 4 para aquellos lugares de tu casa donde desees que sean m\u00e1s est\u00e9ticamente atractivos.<\/p>\n<p>Coloca un TB en tu televisor y otro cerca de los monitores de ordenador. Si crees que a\u00fan debes usar un microondas (no lo hagas), por favor, coloca uno all\u00ed. \u00a1Mejor elimina ese mini reactor nuclear de tu entorno!<\/p>\n<p>Est\u00e1 convirtiendo tu comida en residuos radiactivos.<\/p>\n<p>El <a title=\"Orgonite HHG\" href=\"http:\/\/www.orgoniseafrica.com\/orgonite-hhg.html\" rel=\"noopener\" target=\"_blank\">Orgonite HHG<\/a> es un potente generador de org\u00f3n. Es la pieza central de tu peque\u00f1o conjunto. Col\u00f3calo en tu sal\u00f3n o en tu dormitorio. La elecci\u00f3n es tuya. Es muy potente y, de todos modos, afectar\u00e1 positivamente a un \u00e1rea mucho m\u00e1s grande que tu casa. Por lo tanto, la ubicaci\u00f3n no es excesivamente cr\u00edtica. Sin embargo<\/p>\n<p>, algunas personas muy sensibles a la energ\u00eda o radiestesistas son capaces de optimizar el efecto colocando la orgonita directamente sobre las l\u00edneas de estr\u00e9s geop\u00e1tico (l\u00edneas de energ\u00eda negativa). Si tienes esta habilidad o conoces a alguien as\u00ed, puedes lograr mejoras a\u00fan m\u00e1s decisivas. Pero incluso sin ese ajuste fino, el efecto de colocar orgonita dentro y alrededor de tu casa es tremendo.<\/p>\n<p>Toda familia o persona deber\u00eda tener un <a title=\"Zapper shop\" href=\"http:\/\/www.orgoniseafrica.com\/clark-zapper-shop.html\" rel=\"noopener\" target=\"_blank\">zapper de org\u00f3n<\/a> como primera l\u00ednea de defensa contra las enfermedades. El <a title=\"Orgone Zapper Standard\" href=\"http:\/\/www.orgoniseafrica.com\/orgone-zapper-standard.html\" rel=\"noopener\" target=\"_blank\">Orgone Zapper Standard<\/a> es una opci\u00f3n fiable y rentable. Puedes optar por el modelo superior, el El Silverado Zapper, con electrodos de plata.<\/p>\n<p>Y por \u00faltimo, pero no menos importante, deber\u00edas tener un protector de orgonita <a title=\"The Orgonite Minishield\" href=\"http:\/\/www.orgoniseafrica.com\/the-minishield.html\" rel=\"noopener\" target=\"_blank\">Minishield<\/a> para tu tel\u00e9fono m\u00f3vil. Echa un vistazo a este experimento que hemos realizado sobre c\u00f3mo el Minishield modifica la influencia de la radiaci\u00f3n del m\u00f3vil en el crecimiento de las plantas.<\/p>\n<p>Un <a title=\"Small turquoise orgone pendant\" href=\"http:\/\/www.orgoniseafrica.com\/small-turquoise-pendant.html\" rel=\"noopener\" target=\"_blank\">peque\u00f1o colgante de orgonita<\/a> te protege contra los campos de energ\u00eda negativa mientras te desplazas por la ciudad, ya sean causados por campos electromagn\u00e9ticos o por negatividad emocional o ps\u00edquica. Este peque\u00f1o colgante potencia tu campo de bioenerg\u00eda personal, tambi\u00e9n conocido como \u00abaura\u00bb.<\/p>\n<p><strong>Y lo mejor de todo:<\/strong><\/p>\n<p>al comprar estos productos esenciales en un solo paquete, los adquieres con un<strong> descuento del<\/strong> <strong>15 %<\/strong> en comparaci\u00f3n con comprarlos por separado.<\/p>\n","protected":false},"excerpt":{"rendered":"<h1>\u00a1No optes por menos orgonita!<\/h1>\n<p>Mira mi peque\u00f1o&lt;a t\u00edtulo=&quot;C\u00f3mo empezar&quot; href=&quot;http:\/\/www.orgoniseafrica.com\/info\/orgonite\/orgonite-how-to&#8230;<\/p>\n","protected":false},"featured_media":731,"comment_status":"open","ping_status":"closed","template":"","meta":{"_acf_changed":false},"product_brand":[],"product_cat":[48],"product_tag":[],"class_list":{"0":"post-4508","1":"product","2":"type-product","3":"status-publish","4":"has-post-thumbnail","6":"product_cat-bundles-kits","7":"sales-flash-overlay","8":"woocommerce-text-align-center","9":"woocommerce-image-align-center","10":"do-quantity-buttons","12":"first","13":"instock","14":"taxable","15":"shipping-taxable","16":"purchasable","17":"product-type-simple"},"acf":[],"_links":{"self":[{"href":"https:\/\/servcrmpro.online\/es\/wp-json\/wp\/v2\/product\/4508","targetHints":{"allow":["GET"]}}],"collection":[{"href":"https:\/\/servcrmpro.online\/es\/wp-json\/wp\/v2\/product"}],"about":[{"href":"https:\/\/servcrmpro.online\/es\/wp-json\/wp\/v2\/types\/product"}],"replies":[{"embeddable":true,"href":"https:\/\/servcrmpro.online\/es\/wp-json\/wp\/v2\/comments?post=4508"}],"wp:featuredmedia":[{"embeddable":true,"href":"https:\/\/servcrmpro.online\/es\/wp-json\/wp\/v2\/media\/731"}],"wp:attachment":[{"href":"https:\/\/servcrmpro.online\/es\/wp-json\/wp\/v2\/media?parent=4508"}],"wp:term":[{"taxonomy":"product_brand","embeddable":true,"href":"https:\/\/servcrmpro.online\/es\/wp-json\/wp\/v2\/product_brand?post=4508"},{"taxonomy":"product_cat","embeddable":true,"href":"https:\/\/servcrmpro.online\/es\/wp-json\/wp\/v2\/product_cat?post=4508"},{"taxonomy":"product_tag","embeddable":true,"href":"https:\/\/servcrmpro.online\/es\/wp-json\/wp\/v2\/product_tag?post=4508"}],"curies":[{"name":"wp","href":"https:\/\/api.w.org\/{rel}","templated":true}]}}