{"id":4520,"date":"2026-02-05T17:25:04","date_gmt":"2026-02-05T15:25:04","guid":{"rendered":""},"modified":"2026-04-06T07:31:54","modified_gmt":"2026-04-06T05:31:54","slug":"miniwand-35mm-complete-bundle-es","status":"publish","type":"product","link":"https:\/\/servcrmpro.online\/es\/producto\/miniwand-35mm-complete-bundle-es\/","title":{"rendered":"Miniwand 35mm &#8211; Paquete completo"},"content":{"rendered":"<p><span style=\"font-family: verdana, geneva;font-size: medium\"><strong>Compa\u00f1ero de viaje de orgonita pulsada<\/strong><br \/><\/span><\/p>\n<p><span style=\"font-family: verdana, geneva;font-size: medium\">La mini varita de orgonita es tu compa\u00f1era de viaje ideal para la protecci\u00f3n, la meditaci\u00f3n y la sanaci\u00f3n energ\u00e9tica. Esta mini varita de 35 mm es ligeramente m\u00e1s potente que su compa\u00f1era m\u00e1s peque\u00f1a, la mini varita de 28 mm.<\/span><span style=\"font-family: verdana, geneva;font-size: medium\"><\/span><\/p>\n<p><span style=\"font-family: verdana, geneva;font-size: medium\">Todas nuestras varitas de orgonita tienen un cristal en espiral de M\u00f6bius incrustado en la orgonita. Ese es el principio com\u00fan. La orgonita suaviza y potencia la energ\u00eda erizada de este \u00abcristal SP\u00bb, dependiendo del tama\u00f1o, por supuesto.<\/span><\/p>\n<p><span style=\"font-family: verdana, geneva;font-size: medium\">Esta peque\u00f1a y pr\u00e1ctica varita de orgonita tiene muchas de las caracter\u00edsticas de la gran Powerwand, pero se puede sujetar con una sola mano o llevar en el bolsillo.<\/span><\/p>\n<p><span style=\"font-family: verdana, geneva;font-size: medium\">El cristal mide aproximadamente entre 100 y 130 mm de largo y est\u00e1 enrollado con 4-5 nudos de M\u00f6bius.<\/span><\/p>\n<p><span style=\"font-family: verdana, geneva;font-size: medium\">El cristal est\u00e1 incrustado en una matriz de orgonita dentro de un tubo de cobre de 35 mm cortado a una longitud de 175 mm (proporci\u00f3n arm\u00f3nica de 1:5 entre longitud y di\u00e1metro). Una placa de cobre sella la parte inferior de la Miniwand.<\/span><\/p>\n<p><span style=\"font-family: verdana, geneva;font-size: medium\">Ideal para la \u00abguerrilla org\u00f3nica\u00bb itinerante, ya que cabe f\u00e1cilmente en el bolsillo de un abrigo o una chaqueta.<\/span><\/p>\n<p><span style=\"font-family: verdana, geneva;font-size: medium\"><strong>Utiliza la Miniwand de orgonita para las siguientes aplicaciones:<\/strong><\/span><\/p>\n<p><span style=\"font-family: verdana, geneva;font-size: medium\">-Sanaci\u00f3n-Potenciaci\u00f3n-Manifestaci\u00f3n-Protecci\u00f3n<\/span><\/p>\n<p><\/p>\n<p><strong style=\"font-family: verdana, geneva\">Piedras preciosas adicionales:<br \/><\/strong><\/p>\n<ul>\n<li>\n<span style=\"font-family: verdana, geneva;font-size: medium\">Una amatista de 3-8 mm: fomenta la sobriedad y la concentraci\u00f3n, as\u00ed como el procesamiento de experiencias y percepciones<\/span><span style=\"font-family: verdana, geneva;font-size: medium\"><\/span>\n<\/li>\n<li><span style=\"font-family: verdana, geneva;font-size: medium\">Granate: perseverancia en situaciones dif\u00edciles, esp\u00edritu comunitario, estimula la libido<\/span><\/li>\n<li><span style=\"font-family: verdana, geneva;font-size: medium\">Hematita: Aterrizaje, aumenta la confianza, ayuda al sistema cardiovascular<\/span><\/li>\n<\/ul>\n<p>\u00a0<\/p>\n<p><span style=\"font-family: verdana, geneva;font-size: medium\"><\/span><span style=\"font-family: verdana, geneva;font-size: medium\">La varita est\u00e1 recubierta de cuero para ofrecer un tacto y una sensaci\u00f3n agradables.<\/span><\/p>\n<p><span style=\"font-family: verdana, geneva;font-size: medium\">La Miniwand tiene un cable corto con un conector que encaja en la toma situada en el lateral de todos nuestros Zappers.\u00a0<br \/><\/span><\/p>\n<p><span style=\"font-family: verdana, geneva;font-size: medium\">Por favor, elige arriba la opci\u00f3n que m\u00e1s te convenga. Si ya tienes uno de nuestros Zappers, puedes utilizarlo para alimentar esta Miniwand. Si no quieres usar pilas, puedes optar por a\u00f1adir un Clark Zapper con un adaptador para utilizar la red el\u00e9ctrica (opci\u00f3n europea o estadounidense).<\/span><span style=\"font-family: verdana, geneva;font-size: medium\"><\/span><\/p>\n<p><span style=\"font-family: verdana, geneva;font-size: medium\">Dimensiones: longitud &#8211; 170 mm, di\u00e1metro &#8211; 35 mm<br \/>(Este producto est\u00e1 hecho a mano y el producto final puede variar ligeramente)<\/span><\/p>\n<div class=\"product-trust-enhancement\" style=\"margin-top: 40px;padding-top: 20px;border-top: 2px solid #eaeaea\">\n<h3>\u00bfPor qu\u00e9 elegir orgonita aut\u00e9ntica?<\/h3>\n<ul style=\"margin-bottom: 20px\">\n<li><strong>Protecci\u00f3n continua:<\/strong> proporciona un flujo ininterrumpido de radiaci\u00f3n org\u00f3nica positiva (POR).<\/li>\n<li><strong>Aut\u00e9ntica artesan\u00eda:<\/strong> fabricado con la proporci\u00f3n correcta de 50\/50 de resina y metales, y cristales de cuarzo cargados.<\/li>\n<li><strong>Beneficios probados:<\/strong> Neutraliza los campos electromagn\u00e9ticos locales y favorece un entorno equilibrado.<\/li>\n<\/ul>\n<\/div>\n<div style=\"background: #fdfdfd;padding: 15px;border-radius: 8px\">\n<p><strong>\u00bfQuieres saber m\u00e1s?<\/strong> Echa un vistazo a nuestra <a href=\"\/en\/orgonite-benefits\/\">gu\u00eda completa de ventajas<\/a> o lee nuestra <a href=\"\/en\/orgonite-buying-guide\/\">gu\u00eda de compra<\/a> para obtener m\u00e1s informaci\u00f3n sobre piezas aut\u00e9nticas.<\/p>\n<\/p><\/div>\n<p>{<br \/>\n  &quot;@context&quot;: &quot;https:\/\/schema.org&quot;,<br \/>\n  &quot;@type&quot;: &quot;FAQPage&quot;,<br \/>\n  &quot;mainEntity&quot;: [{<br \/>\n    &quot;@type&quot;: &quot;Question&quot;,<br \/>\n    &quot;name&quot;: &quot;\u00bfC\u00f3mo se realiza el env\u00edo?&quot;,<br \/>\n    &quot;acceptedAnswer&quot;: {<br \/>\n      &quot;@type&quot;: &quot;Answer&quot;,<br \/>\n      &quot;text&quot;: &quot;Realizamos env\u00edos a todo el mundo desde nuestras instalaciones especializadas utilizando servicios con seguimiento.&quot;<br \/>\n    }<br \/>\n  }, {<br \/>\n    &quot;@type&quot;: &quot;Question&quot;,<br \/>\n    &quot;name&quot;: &quot;\u00bfEs este orgonita aut\u00e9ntica?&quot;,<br \/>\n    &quot;acceptedAnswer&quot;: {<br \/>\n      &quot;@type&quot;: &quot;Answer&quot;,<br \/>\n      &quot;text&quot;: &quot;S\u00ed. Nuestra orgonita est\u00e1 meticulosamente elaborada siguiendo los principios originales de Wilhelm Reich y Don Croft, lo que garantiza una proporci\u00f3n precisa de metal y resina que contiene cristales de cuarzo aut\u00e9nticos.&quot;<br \/>\n    }<br \/>\n  }, {<br \/>\n    &quot;@type&quot;: &quot;Question&quot;,<br \/>\n    &quot;name&quot;: &quot;\u00bfOfrecen devoluciones?&quot;,<br \/>\n    &quot;acceptedAnswer&quot;: {<br \/>\n      &quot;@type&quot;: &quot;Answer&quot;,<br \/>\n      &quot;text&quot;: &quot;S\u00ed, respaldamos nuestros productos. Consulte nuestra pol\u00edtica de reembolsos y devoluciones para obtener todos los detalles.&quot;<br \/>\n    }<br \/>\n  }]<br \/>\n}<\/p>\n","protected":false},"excerpt":{"rendered":"<p><span style=\"font-family: verdana, ginebra;font-size: medium\"><strong>Pulsed Orgonite Travel Companion<\/strong><br \/><\/span><\/p>\n<p>&lt;span style=&quot;fon&#8230;<\/p>\n","protected":false},"featured_media":741,"comment_status":"open","ping_status":"closed","template":"","meta":{"_acf_changed":false},"product_brand":[],"product_cat":[48],"product_tag":[],"class_list":{"0":"post-4520","1":"product","2":"type-product","3":"status-publish","4":"has-post-thumbnail","6":"product_cat-bundles-kits","7":"sales-flash-overlay","8":"woocommerce-text-align-center","9":"woocommerce-image-align-center","10":"do-quantity-buttons","12":"first","13":"instock","14":"taxable","15":"shipping-taxable","16":"purchasable","17":"product-type-simple"},"acf":[],"_links":{"self":[{"href":"https:\/\/servcrmpro.online\/es\/wp-json\/wp\/v2\/product\/4520","targetHints":{"allow":["GET"]}}],"collection":[{"href":"https:\/\/servcrmpro.online\/es\/wp-json\/wp\/v2\/product"}],"about":[{"href":"https:\/\/servcrmpro.online\/es\/wp-json\/wp\/v2\/types\/product"}],"replies":[{"embeddable":true,"href":"https:\/\/servcrmpro.online\/es\/wp-json\/wp\/v2\/comments?post=4520"}],"wp:featuredmedia":[{"embeddable":true,"href":"https:\/\/servcrmpro.online\/es\/wp-json\/wp\/v2\/media\/741"}],"wp:attachment":[{"href":"https:\/\/servcrmpro.online\/es\/wp-json\/wp\/v2\/media?parent=4520"}],"wp:term":[{"taxonomy":"product_brand","embeddable":true,"href":"https:\/\/servcrmpro.online\/es\/wp-json\/wp\/v2\/product_brand?post=4520"},{"taxonomy":"product_cat","embeddable":true,"href":"https:\/\/servcrmpro.online\/es\/wp-json\/wp\/v2\/product_cat?post=4520"},{"taxonomy":"product_tag","embeddable":true,"href":"https:\/\/servcrmpro.online\/es\/wp-json\/wp\/v2\/product_tag?post=4520"}],"curies":[{"name":"wp","href":"https:\/\/api.w.org\/{rel}","templated":true}]}}