{"id":4523,"date":"2026-02-05T17:25:06","date_gmt":"2026-02-05T15:25:06","guid":{"rendered":""},"modified":"2026-04-06T07:31:54","modified_gmt":"2026-04-06T05:31:54","slug":"cloud-buster-pipes-es","status":"publish","type":"product","link":"https:\/\/servcrmpro.online\/es\/producto\/cloud-buster-pipes-es\/","title":{"rendered":"Tuber\u00edas Cloud Buster"},"content":{"rendered":"<h2><strong><span style=\"font-family: verdana, geneva;font-size: medium\">Base para el Cloudbuster de orgonita: \u00a1solo tienes que a\u00f1adir los tubos! <\/span><\/strong><\/h2>\n<p><span style=\"font-family: verdana, geneva;font-size: medium\">Puedes ahorrar mucho en el Cloudbuster de orgonita si pides solo la base. Al fin y al cabo, no es dif\u00edcil conseguir 6 trozos de tubo de cobre de 28 mm en una ferreter\u00eda o en un mercado de bricolaje. Puedes pedir que te los corten a una longitud de entre 1,6 y 1,8 m, o comprar 2 tubos completos de 5,5 m y cortarlos en 3 trozos iguales cada uno.<\/span><\/p>\n<p><span style=\"font-family: verdana, geneva;font-size: medium\">Recibir\u00e1s la base totalmente terminada y el disco espaciador para los tubos (6 orificios de 28 mm\/35 mm) en polipropileno blanco. Lo \u00fanico que tienes que hacer es comprar los tubos e insertarlos.<\/span><\/p>\n<p><strong><span style=\"font-family: verdana, geneva;font-size: medium\">Tallas estadounidenses<\/span><\/strong><\/p>\n<p><span style=\"font-family: verdana, geneva;font-size: medium\">Para los clientes de EE. UU., ofrecemos la base est\u00e1ndar con 6 enchufes de 1 1\/8&quot;. Tendr\u00e1s que ensanchar ligeramente los orificios del disco espaciador. La diferencia es de 0,3 mm<\/span><\/p>\n<p><span style=\"font-family: verdana, geneva;font-size: medium\">Este es un Don Croft Orgonite CB totalmente equipado con todos los cristales, listo para usar.<\/span><\/p>\n<p><span style=\"font-family: verdana, geneva;font-size: medium\">Estos Cloudbusters est\u00e1ndar han sido construidos y probados por miles de personas en todo el mundo, con mucha experiencia y comentarios disponibles en diferentes foros. Los consideramos LA herramienta m\u00e1s potente y eficaz para la sanaci\u00f3n ambiental a gran escala mediante orgonita. <\/span><\/p>\n<p><strong><span style=\"font-family: verdana, geneva;font-size: medium\">Los efectos t\u00edpicos descritos son:<\/span><\/strong><\/p>\n<p><span style=\"font-family: verdana, geneva;font-size: medium\">&#8211; aumento de las precipitaciones en zonas de sequ\u00eda<\/span><\/p>\n<p><span style=\"font-family: verdana, geneva;font-size: medium\">&#8211; mayor crecimiento de las plantas<\/span><\/p>\n<p><span style=\"font-family: verdana, geneva;font-size: medium\">&#8211; aumento de la fertilidad y la salud de los animales<\/span><\/p>\n<p><span style=\"font-family: verdana, geneva;font-size: medium\">&#8211; reducci\u00f3n de la contaminaci\u00f3n, incluidas las llamadas \u00abestelas qu\u00edmicas\u00bb<\/span><\/p>\n<p><span style=\"font-family: verdana, geneva;font-size: medium\">&#8211; mejora general del campo energ\u00e9tico et\u00e9rico ambiental con multitud de efectos mentales y sobre la salud<\/span><\/p>\n<p><span style=\"font-family: verdana, geneva;font-size: medium\">Dependiendo de los niveles de contaminaci\u00f3n electromagn\u00e9tica y de las condiciones energ\u00e9ticas generales, se ha informado de que los efectos de los Cloudbusters est\u00e1ndar son perceptibles a distancias de mucho m\u00e1s de 50 km. En combinaci\u00f3n con otros dispositivos de orgonita, unos pocos CB pueden restaurar un campo de org\u00f3n saludable en toda una regi\u00f3n o en un pa\u00eds peque\u00f1o.<\/span><\/p>\n<p><span style=\"font-family: verdana, geneva;font-size: medium\">Nosotros mismos los hemos utilizado en nuestras Expediciones de Regalo de Org\u00f3n (m\u00e1s informaci\u00f3n aqu\u00ed&#8230;), donde solemos combinar un Cloudbuster con varios cientos de Towerbusters. Esto ha demostrado ser el m\u00e9todo m\u00e1s eficaz para energizar pa\u00edses enteros y revertir terribles patrones de sequ\u00eda.<\/span><\/p>\n<p><span style=\"font-family: verdana, geneva;font-size: medium\">Nuestra teor\u00eda es la siguiente: mientras que el Cloudbuster act\u00faa especialmente en los niveles m\u00e1s altos de la atm\u00f3sfera para orgonizar una zona muy amplia, los Towerbusters garantizan la \u00abcobertura del terreno\u00bb necesaria al colocarse cerca de todos los tel\u00e9fonos m\u00f3viles y lugares de energ\u00eda negativa en la zona donde se encuentra el Cloudbuster. <\/span><\/p>\n<p><span style=\"font-family: verdana, geneva;font-size: medium\">Si quieres empezar a regalar a gran escala, echa un vistazo a nuestro Kit de Inicio de Org\u00f3n Masivo para conseguir todo lo esencial para regalar a un precio con descuento.<\/span><\/p>\n<p><span style=\"font-family: verdana, geneva;font-size: medium\">Dimensiones: altura &#8211; 250 mm, di\u00e1metro &#8211; 240 mm<br \/>(Este producto est\u00e1 hecho a mano y el producto final puede variar ligeramente)<\/span><\/p>\n<div class=\"product-trust-enhancement\" style=\"margin-top: 40px;padding-top: 20px;border-top: 2px solid #eaeaea\">\n<h3>\u00bfPor qu\u00e9 elegir orgonita aut\u00e9ntica?<\/h3>\n<ul style=\"margin-bottom: 20px\">\n<li><strong>Protecci\u00f3n continua:<\/strong> proporciona un flujo ininterrumpido de radiaci\u00f3n org\u00f3nica positiva (POR).<\/li>\n<li><strong>Aut\u00e9ntica artesan\u00eda:<\/strong> fabricado con la proporci\u00f3n correcta de 50\/50 de resina y metales, y cristales de cuarzo cargados.<\/li>\n<li><strong>Beneficios probados:<\/strong> Neutraliza los campos electromagn\u00e9ticos locales y favorece un entorno equilibrado.<\/li>\n<\/ul>\n<\/div>\n<div style=\"background: #fdfdfd;padding: 15px;border-radius: 8px\">\n<p><strong>\u00bfQuieres saber m\u00e1s?<\/strong> Echa un vistazo a nuestra <a href=\"\/en\/orgonite-benefits\/\">gu\u00eda completa de ventajas<\/a> o lee nuestra <a href=\"\/en\/orgonite-buying-guide\/\">gu\u00eda de compra<\/a> para obtener m\u00e1s informaci\u00f3n sobre piezas aut\u00e9nticas.<\/p>\n<\/p><\/div>\n<p>{<br \/>\n  &quot;@context&quot;: &quot;https:\/\/schema.org&quot;,<br \/>\n  &quot;@type&quot;: &quot;FAQPage&quot;,<br \/>\n  &quot;mainEntity&quot;: [{<br \/>\n    &quot;@type&quot;: &quot;Question&quot;,<br \/>\n    &quot;name&quot;: &quot;\u00bfC\u00f3mo se realiza el env\u00edo?&quot;,<br \/>\n    &quot;acceptedAnswer&quot;: {<br \/>\n      &quot;@type&quot;: &quot;Answer&quot;,<br \/>\n      &quot;text&quot;: &quot;Realizamos env\u00edos a todo el mundo desde nuestras instalaciones especializadas utilizando servicios con seguimiento.&quot;<br \/>\n    }<br \/>\n  }, {<br \/>\n    &quot;@type&quot;: &quot;Question&quot;,<br \/>\n    &quot;name&quot;: &quot;\u00bfEs este orgonita aut\u00e9ntica?&quot;,<br \/>\n    &quot;acceptedAnswer&quot;: {<br \/>\n      &quot;@type&quot;: &quot;Answer&quot;,<br \/>\n      &quot;text&quot;: &quot;S\u00ed. Nuestra orgonita est\u00e1 meticulosamente elaborada siguiendo los principios originales de Wilhelm Reich y Don Croft, lo que garantiza una proporci\u00f3n precisa de metal y resina que contiene cristales de cuarzo aut\u00e9nticos.&quot;<br \/>\n    }<br \/>\n  }, {<br \/>\n    &quot;@type&quot;: &quot;Question&quot;,<br \/>\n    &quot;name&quot;: &quot;\u00bfOfrecen devoluciones?&quot;,<br \/>\n    &quot;acceptedAnswer&quot;: {<br \/>\n      &quot;@type&quot;: &quot;Answer&quot;,<br \/>\n      &quot;text&quot;: &quot;S\u00ed, respaldamos nuestros productos. Consulte nuestra pol\u00edtica de reembolsos y devoluciones para obtener todos los detalles.&quot;<br \/>\n    }<br \/>\n  }]<br \/>\n}<\/p>\n","protected":false},"excerpt":{"rendered":"<h2><strong><span style=\"font-family: verdana, geneva;font-size: medium\">Orgonite Cloudbuster Base &#8211; \u00a1solo hay que a\u00f1adir tubos! <\/span><\/strong><\/h2>\n<p>&lt; alargado &#8230;<\/p>\n","protected":false},"featured_media":2374,"comment_status":"open","ping_status":"closed","template":"","meta":{"_acf_changed":false},"product_brand":[],"product_cat":[100],"product_tag":[],"class_list":{"0":"post-4523","1":"product","2":"type-product","3":"status-publish","4":"has-post-thumbnail","6":"product_cat-orgonite-cloudbuster","7":"sales-flash-overlay","8":"woocommerce-text-align-center","9":"woocommerce-image-align-center","10":"do-quantity-buttons","12":"first","13":"instock","14":"taxable","15":"shipping-taxable","16":"purchasable","17":"product-type-simple"},"acf":[],"_links":{"self":[{"href":"https:\/\/servcrmpro.online\/es\/wp-json\/wp\/v2\/product\/4523","targetHints":{"allow":["GET"]}}],"collection":[{"href":"https:\/\/servcrmpro.online\/es\/wp-json\/wp\/v2\/product"}],"about":[{"href":"https:\/\/servcrmpro.online\/es\/wp-json\/wp\/v2\/types\/product"}],"replies":[{"embeddable":true,"href":"https:\/\/servcrmpro.online\/es\/wp-json\/wp\/v2\/comments?post=4523"}],"wp:featuredmedia":[{"embeddable":true,"href":"https:\/\/servcrmpro.online\/es\/wp-json\/wp\/v2\/media\/2374"}],"wp:attachment":[{"href":"https:\/\/servcrmpro.online\/es\/wp-json\/wp\/v2\/media?parent=4523"}],"wp:term":[{"taxonomy":"product_brand","embeddable":true,"href":"https:\/\/servcrmpro.online\/es\/wp-json\/wp\/v2\/product_brand?post=4523"},{"taxonomy":"product_cat","embeddable":true,"href":"https:\/\/servcrmpro.online\/es\/wp-json\/wp\/v2\/product_cat?post=4523"},{"taxonomy":"product_tag","embeddable":true,"href":"https:\/\/servcrmpro.online\/es\/wp-json\/wp\/v2\/product_tag?post=4523"}],"curies":[{"name":"wp","href":"https:\/\/api.w.org\/{rel}","templated":true}]}}