{"id":4526,"date":"2026-02-05T17:25:09","date_gmt":"2026-02-05T15:25:09","guid":{"rendered":""},"modified":"2026-04-06T07:31:55","modified_gmt":"2026-04-06T05:31:55","slug":"cb-28mm-es","status":"publish","type":"product","link":"https:\/\/servcrmpro.online\/es\/producto\/cb-28mm-es\/","title":{"rendered":"Cloud Buster 28mm"},"content":{"rendered":"<p><span style=\"font-family: verdana, geneva;font-size: medium\">Este es el cl\u00e1sico <strong>\u00abCloud Buster\u00bb<\/strong> <strong>de orgonita<\/strong>, dise\u00f1ado por Don Croft. Se compone de seis tubos de cobre de 28 x 1800 mm dispuestos en c\u00edrculo. Los tubos est\u00e1n incrustados en una base de orgonita, enriquecida con piedras preciosas adicionales.<\/span><\/p>\n<p><span style=\"font-family: verdana, geneva;font-size: medium\">Cada tubo est\u00e1 taponado en el extremo incrustado y tiene un cristal de doble terminaci\u00f3n colocado en la parte inferior.<\/span><\/p>\n<p><span style=\"font-family: verdana, geneva;font-size: medium\">Estos Cloudbusters est\u00e1ndar han sido construidos y probados por miles de personas en todo el mundo, con gran experiencia y comentarios disponibles en diferentes foros. Los consideramos LA herramienta m\u00e1s potente y eficaz para la sanaci\u00f3n ambiental a gran escala mediante orgonita. <\/span><\/p>\n<p><strong><span style=\"font-family: verdana, geneva;font-size: medium\">Los efectos t\u00edpicos descritos son:<\/span><\/strong><\/p>\n<p><span style=\"font-family: verdana, geneva;font-size: medium\">&#8211; aumento de las precipitaciones en zonas de sequ\u00eda<\/span><\/p>\n<p><span style=\"font-family: verdana, geneva;font-size: medium\">&#8211; mayor crecimiento vegetal<\/span><\/p>\n<p><span style=\"font-family: verdana, geneva;font-size: medium\">&#8211; aumento de la fertilidad y la salud de los animales<\/span><\/p>\n<p><span style=\"font-family: verdana, geneva;font-size: medium\">&#8211; reducci\u00f3n de la contaminaci\u00f3n, incluidas las llamadas \u00abestelas qu\u00edmicas\u00bb<\/span><\/p>\n<p><span style=\"font-family: verdana, geneva;font-size: medium\">&#8211; mejora general del campo energ\u00e9tico et\u00e9rico ambiental con multitud de efectos mentales y sobre la salud<\/span><\/p>\n<p><span style=\"font-family: verdana, geneva;font-size: medium\">Dependiendo de los niveles de contaminaci\u00f3n electromagn\u00e9tica y de las condiciones energ\u00e9ticas generales, se ha informado de que los efectos de los Cloudbusters est\u00e1ndar son perceptibles a distancias de mucho m\u00e1s de 50 km. En combinaci\u00f3n con otros dispositivos de orgonita, unos pocos CB pueden restaurar un campo de org\u00f3n saludable en toda una regi\u00f3n o en un pa\u00eds peque\u00f1o.<\/span><\/p>\n<p><span style=\"font-family: verdana, geneva;font-size: medium\">Nosotros mismos los hemos utilizado en nuestras Expediciones de Regalo de Org\u00f3n (<a title=\"Orgone Gifting Expeditions\" href=\"https:\/\/www.orgoniseafrica.com\/orgonite-gifting-safaris\" target=\"_blank\" rel=\"noopener\">m\u00e1s informaci\u00f3n aqu\u00ed&#8230;<\/a>), donde solemos combinar un Cloudbuster con varios cientos de Towerbusters. Esto ha demostrado ser el m\u00e9todo m\u00e1s eficaz para energizar pa\u00edses enteros y revertir terribles patrones de sequ\u00eda.<\/span><\/p>\n<p><span style=\"font-family: verdana, geneva;font-size: medium\">Nuestra teor\u00eda es la siguiente: mientras que el Cloudbuster act\u00faa especialmente en los niveles m\u00e1s altos de la atm\u00f3sfera para orgonizar una zona muy amplia, los <a title=\"TowerBuster Dirty Harry\" href=\"https:\/\/www.orgoniseafrica.com\/orgonite-tb-dirty-harry\" target=\"_blank\" rel=\"noopener\">Towerbusters<\/a> garantizan la \u00abcobertura del terreno\u00bb necesaria al colocarse cerca de todos los tel\u00e9fonos m\u00f3viles y lugares de energ\u00eda negativa en la zona donde se encuentra el Cloudbuster. <\/span><\/p>\n<p><span style=\"font-family: verdana, geneva;font-size: medium\">Si quieres empezar a regalar a gran escala, echa un vistazo a nuestro <a title=\"Massive Orgone Starter Kit\" href=\"https:\/\/www.orgoniseafrica.com\/massive-orgone-starter\" target=\"_blank\" rel=\"noopener\">Kit de Inicio de Org\u00f3n Masivo<\/a> para conseguir todo lo esencial para regalar a un precio con descuento.<\/span><\/p>\n<p>Dimensiones: altura &#8211; 185 cm, di\u00e1metro &#8211; 48 cm<br \/>(Este producto est\u00e1 hecho a mano y el producto final puede variar ligeramente)<\/p>\n<div class=\"product-trust-enhancement\" style=\"margin-top: 40px;padding-top: 20px;border-top: 2px solid #eaeaea\">\n<h3>\u00bfPor qu\u00e9 elegir orgonita aut\u00e9ntica?<\/h3>\n<ul style=\"margin-bottom: 20px\">\n<li><strong>Protecci\u00f3n continua:<\/strong> proporciona un flujo ininterrumpido de radiaci\u00f3n org\u00f3nica positiva (POR).<\/li>\n<li><strong>Aut\u00e9ntica artesan\u00eda:<\/strong> fabricado con la proporci\u00f3n correcta de 50\/50 de resina y metales, y cristales de cuarzo cargados.<\/li>\n<li><strong>Beneficios probados:<\/strong> Neutraliza los campos electromagn\u00e9ticos locales y favorece un entorno equilibrado.<\/li>\n<\/ul>\n<div style=\"background: #fdfdfd;padding: 15px;border-radius: 8px\">\n<p><strong>\u00bfQuieres saber m\u00e1s?<\/strong> Echa un vistazo a nuestra <a href=\"\/en\/orgonite-benefits\/\">gu\u00eda completa de beneficios<\/a> o lee nuestra <a href=\"\/en\/orgonite-buying-guide\/\">gu\u00eda de compra<\/a> para obtener m\u00e1s informaci\u00f3n sobre piezas aut\u00e9nticas.<\/p>\n<\/p><\/div>\n<\/div>\n<p>{<br \/>\n  &quot;@context&quot;: &quot;https:\/\/schema.org&quot;,<br \/>\n  &quot;@type&quot;: &quot;FAQPage&quot;,<br \/>\n  &quot;mainEntity&quot;: [{<br \/>\n    &quot;@type&quot;: &quot;Question&quot;,<br \/>\n    &quot;name&quot;: &quot;\u00bfC\u00f3mo se realiza el env\u00edo?&quot;,<br \/>\n    &quot;acceptedAnswer&quot;: {<br \/>\n      &quot;@type&quot;: &quot;Answer&quot;,<br \/>\n      &quot;text&quot;: &quot;Realizamos env\u00edos a todo el mundo desde nuestras instalaciones especializadas utilizando servicios con seguimiento.&quot;<br \/>\n    }<br \/>\n  }, {<br \/>\n    &quot;@type&quot;: &quot;Question&quot;,<br \/>\n    &quot;name&quot;: &quot;\u00bfEs este orgonita aut\u00e9ntica?&quot;,<br \/>\n    &quot;acceptedAnswer&quot;: {<br \/>\n      &quot;@type&quot;: &quot;Answer&quot;,<br \/>\n      &quot;text&quot;: &quot;S\u00ed. Nuestra orgonita est\u00e1 meticulosamente elaborada siguiendo los principios originales de Wilhelm Reich y Don Croft, lo que garantiza una proporci\u00f3n precisa de metal y resina que contiene cristales de cuarzo aut\u00e9nticos.&quot;<br \/>\n    }<br \/>\n  }, {<br \/>\n    &quot;@type&quot;: &quot;Question&quot;,<br \/>\n    &quot;name&quot;: &quot;\u00bfOfrecen devoluciones?&quot;,<br \/>\n    &quot;acceptedAnswer&quot;: {<br \/>\n      &quot;@type&quot;: &quot;Answer&quot;,<br \/>\n      &quot;text&quot;: &quot;S\u00ed, respaldamos nuestros productos. Consulte nuestra pol\u00edtica de reembolsos y devoluciones para obtener todos los detalles.&quot;<br \/>\n    }<br \/>\n  }]<br \/>\n}<\/p>\n","protected":false},"excerpt":{"rendered":"<p><span style=\"font-family: verdana, ginebra;font-size: medium\">Este es el cl\u00e1sico Cloud Buster <strong>en O<\/strong><strong>rgonita<\/strong> como des&#8230;<\/p>\n","protected":false},"featured_media":745,"comment_status":"open","ping_status":"closed","template":"","meta":{"_acf_changed":false},"product_brand":[],"product_cat":[100],"product_tag":[],"class_list":{"0":"post-4526","1":"product","2":"type-product","3":"status-publish","4":"has-post-thumbnail","6":"product_cat-orgonite-cloudbuster","7":"sales-flash-overlay","8":"woocommerce-text-align-center","9":"woocommerce-image-align-center","10":"do-quantity-buttons","12":"first","13":"instock","14":"sale","15":"taxable","16":"shipping-taxable","17":"purchasable","18":"product-type-simple"},"acf":[],"_links":{"self":[{"href":"https:\/\/servcrmpro.online\/es\/wp-json\/wp\/v2\/product\/4526","targetHints":{"allow":["GET"]}}],"collection":[{"href":"https:\/\/servcrmpro.online\/es\/wp-json\/wp\/v2\/product"}],"about":[{"href":"https:\/\/servcrmpro.online\/es\/wp-json\/wp\/v2\/types\/product"}],"replies":[{"embeddable":true,"href":"https:\/\/servcrmpro.online\/es\/wp-json\/wp\/v2\/comments?post=4526"}],"wp:featuredmedia":[{"embeddable":true,"href":"https:\/\/servcrmpro.online\/es\/wp-json\/wp\/v2\/media\/745"}],"wp:attachment":[{"href":"https:\/\/servcrmpro.online\/es\/wp-json\/wp\/v2\/media?parent=4526"}],"wp:term":[{"taxonomy":"product_brand","embeddable":true,"href":"https:\/\/servcrmpro.online\/es\/wp-json\/wp\/v2\/product_brand?post=4526"},{"taxonomy":"product_cat","embeddable":true,"href":"https:\/\/servcrmpro.online\/es\/wp-json\/wp\/v2\/product_cat?post=4526"},{"taxonomy":"product_tag","embeddable":true,"href":"https:\/\/servcrmpro.online\/es\/wp-json\/wp\/v2\/product_tag?post=4526"}],"curies":[{"name":"wp","href":"https:\/\/api.w.org\/{rel}","templated":true}]}}