{"id":4529,"date":"2026-02-05T17:25:12","date_gmt":"2026-02-05T15:25:12","guid":{"rendered":""},"modified":"2026-04-06T07:31:55","modified_gmt":"2026-04-06T05:31:55","slug":"cb28-booster-es","status":"publish","type":"product","link":"https:\/\/servcrmpro.online\/es\/producto\/cb28-booster-es\/","title":{"rendered":"Cloud Buster 28mm + Booster HHG"},"content":{"rendered":"<p>Orgonita Cloud Buster<\/p>\n<p>Este es el cl\u00e1sico Orgonite Cloud Buster dise\u00f1ado por Don Croft, ahora con el Booster HHG a\u00f1adido. Consta de 6 tubos de cobre de 28 x 1800 mm dispuestos en c\u00edrculo. Los tubos est\u00e1n incrustados en una base de orgonita, reforzada con piedras preciosas adicionales, y acompa\u00f1ados de nuestro nuevo GANS Booster HHG<\/p>\n<p>Cada tubo est\u00e1 taponado en el extremo incrustado y tiene un cristal de doble terminaci\u00f3n colocado en la parte inferior.<\/p>\n<p>Estos Cloudbusters est\u00e1ndar han sido fabricados y probados por miles de personas en todo el mundo, con gran experiencia y comentarios disponibles en diferentes foros. Los consideramos LA herramienta m\u00e1s potente y eficaz para la sanaci\u00f3n ambiental a gran escala mediante orgonita. <\/p>\n<p>Los efectos t\u00edpicos descritos son:<\/p>\n<p>&#8211; aumento de las precipitaciones en zonas de sequ\u00eda<\/p>\n<p>&#8211; mayor crecimiento vegetal<\/p>\n<p>&#8211; aumento de la fertilidad y la salud de los animales<\/p>\n<p>&#8211; reducci\u00f3n de la contaminaci\u00f3n, incluidas las llamadas \u00abestelas qu\u00edmicas\u00bb<\/p>\n<p>&#8211; mejora general del campo energ\u00e9tico et\u00e9rico ambiental con multitud de efectos mentales y sobre la salud<\/p>\n<p>Dependiendo de los niveles de contaminaci\u00f3n electromagn\u00e9tica y de las condiciones energ\u00e9ticas generales, se ha informado de que los efectos de los Cloudbusters est\u00e1ndar son perceptibles a distancias de mucho m\u00e1s de 50 km. En combinaci\u00f3n con otros dispositivos de orgonita, unos pocos CB pueden restaurar un campo de org\u00f3n saludable en toda una regi\u00f3n o en un pa\u00eds peque\u00f1o.<\/p>\n<p><strong>Hemos a\u00f1adido nuestro Booster HHG especial para Cloudbusters de 28 mm, mejorado con ZnO-GANS.<\/strong><\/p>\n<p>Este Booster HHG contiene una pelota de ping-pong llena de ZnO GANS (\u00abGAs en un estado nano-s\u00f3lido\u00bb). Esta tecnolog\u00eda fue desarrollada por M.V. Keshe. ZnO GANS es la descripci\u00f3n de las part\u00edculas de zinc y ox\u00edgeno contenidas en el agua, que son atra\u00eddas por medio de un campo electromagn\u00e9tico. Este GANS es muy rico en energ\u00eda e incluso puede utilizarse como fuente de energ\u00eda libre.<\/p>\n<p>Lo estamos utilizando para dotar a estos HHG Booster de energ\u00eda adicional, que nos gusta combinar con los Cloudbusters de 28 mm. Ya hemos desplegado varias de estas combinaciones por toda Sud\u00e1frica, con un impacto positivo masivo en las precipitaciones; consulte las entradas del blog \u00abNo Hour Zero\u00bb para obtener m\u00e1s informaci\u00f3n al respecto.<\/p>\n<p>Solo tienes que deslizar este HHG entre los tubos de tu Cloudbuster y ver\u00e1s c\u00f3mo amplifica el efecto. El Booster HHG tambi\u00e9n se puede utilizar por s\u00ed solo como un HHG extra potente dentro de tu casa o en tu jard\u00edn. Elige la variante que prefieras arriba.<\/p>\n<p>(Este producto est\u00e1 hecho a mano y el producto final puede diferir ligeramente)<\/p>\n<div class=\"product-trust-enhancement\" style=\"margin-top: 40px;padding-top: 20px;border-top: 2px solid #eaeaea\">\n<h3>\u00bfPor qu\u00e9 elegir orgonita aut\u00e9ntica?<\/h3>\n<ul style=\"margin-bottom: 20px\">\n<li><strong>Protecci\u00f3n continua:<\/strong> proporciona un flujo ininterrumpido de radiaci\u00f3n org\u00f3nica positiva (POR).<\/li>\n<li><strong>Aut\u00e9ntica artesan\u00eda:<\/strong> fabricado con la proporci\u00f3n correcta de 50\/50 de resina y metales, y cristales de cuarzo cargados.<\/li>\n<li><strong>Beneficios probados:<\/strong> Neutraliza los campos electromagn\u00e9ticos locales y favorece un entorno equilibrado.<\/li>\n<\/ul>\n<div style=\"background: #fdfdfd;padding: 15px;border-radius: 8px\">\n<p><strong>\u00bfQuieres saber m\u00e1s?<\/strong> Echa un vistazo a nuestra <a href=\"\/en\/orgonite-benefits\/\">gu\u00eda completa de beneficios<\/a> o lee nuestra <a href=\"\/en\/orgonite-buying-guide\/\">gu\u00eda de compra<\/a> para obtener m\u00e1s informaci\u00f3n sobre piezas aut\u00e9nticas.<\/p>\n<\/p><\/div>\n<\/div>\n<p>{<br \/>\n  &quot;@context&quot;: &quot;https:\/\/schema.org&quot;,<br \/>\n  &quot;@type&quot;: &quot;FAQPage&quot;,<br \/>\n  &quot;mainEntity&quot;: [{<br \/>\n    &quot;@type&quot;: &quot;Question&quot;,<br \/>\n    &quot;name&quot;: &quot;\u00bfC\u00f3mo se realiza el env\u00edo?&quot;,<br \/>\n    &quot;acceptedAnswer&quot;: {<br \/>\n      &quot;@type&quot;: &quot;Answer&quot;,<br \/>\n      &quot;text&quot;: &quot;Realizamos env\u00edos a todo el mundo desde nuestras instalaciones especializadas utilizando servicios con seguimiento.&quot;<br \/>\n    }<br \/>\n  }, {<br \/>\n    &quot;@type&quot;: &quot;Question&quot;,<br \/>\n    &quot;name&quot;: &quot;\u00bfEs esta orgonita aut\u00e9ntica?&quot;,<br \/>\n    &quot;acceptedAnswer&quot;: {<br \/>\n      &quot;@type&quot;: &quot;Answer&quot;,<br \/>\n      &quot;text&quot;: &quot;S\u00ed. Nuestra orgonita est\u00e1 meticulosamente elaborada siguiendo los principios originales de Wilhelm Reich y Don Croft, lo que garantiza una proporci\u00f3n precisa de metal y resina que contiene cristales de cuarzo aut\u00e9nticos.&quot;<br \/>\n    }<br \/>\n  }, {<br \/>\n    &quot;@type&quot;: &quot;Question&quot;,<br \/>\n    &quot;name&quot;: &quot;\u00bfOfrecen devoluciones?&quot;,<br \/>\n    &quot;acceptedAnswer&quot;: {<br \/>\n      &quot;@type&quot;: &quot;Answer&quot;,<br \/>\n      &quot;text&quot;: &quot;S\u00ed, respaldamos nuestros productos. Consulte nuestra pol\u00edtica de reembolsos y devoluciones para obtener todos los detalles.&quot;<br \/>\n    }<br \/>\n  }]<br \/>\n}<\/p>\n","protected":false},"excerpt":{"rendered":"<p>Destructor de Nube de Orgonita<\/p>\n<p>Este es el cl\u00e1sico Orgonite Cloud Buster dise\u00f1ado por Don Croft ahora con un booster HHG a\u00f1adido. Est\u00e1 formado por 6 polic\u00edas&#8230;<\/p>\n","protected":false},"featured_media":747,"comment_status":"open","ping_status":"closed","template":"","meta":{"_acf_changed":false},"product_brand":[],"product_cat":[100],"product_tag":[],"class_list":{"0":"post-4529","1":"product","2":"type-product","3":"status-publish","4":"has-post-thumbnail","6":"product_cat-orgonite-cloudbuster","7":"sales-flash-overlay","8":"woocommerce-text-align-center","9":"woocommerce-image-align-center","10":"do-quantity-buttons","12":"first","13":"instock","14":"sale","15":"taxable","16":"shipping-taxable","17":"purchasable","18":"product-type-simple"},"acf":[],"_links":{"self":[{"href":"https:\/\/servcrmpro.online\/es\/wp-json\/wp\/v2\/product\/4529","targetHints":{"allow":["GET"]}}],"collection":[{"href":"https:\/\/servcrmpro.online\/es\/wp-json\/wp\/v2\/product"}],"about":[{"href":"https:\/\/servcrmpro.online\/es\/wp-json\/wp\/v2\/types\/product"}],"replies":[{"embeddable":true,"href":"https:\/\/servcrmpro.online\/es\/wp-json\/wp\/v2\/comments?post=4529"}],"wp:featuredmedia":[{"embeddable":true,"href":"https:\/\/servcrmpro.online\/es\/wp-json\/wp\/v2\/media\/747"}],"wp:attachment":[{"href":"https:\/\/servcrmpro.online\/es\/wp-json\/wp\/v2\/media?parent=4529"}],"wp:term":[{"taxonomy":"product_brand","embeddable":true,"href":"https:\/\/servcrmpro.online\/es\/wp-json\/wp\/v2\/product_brand?post=4529"},{"taxonomy":"product_cat","embeddable":true,"href":"https:\/\/servcrmpro.online\/es\/wp-json\/wp\/v2\/product_cat?post=4529"},{"taxonomy":"product_tag","embeddable":true,"href":"https:\/\/servcrmpro.online\/es\/wp-json\/wp\/v2\/product_tag?post=4529"}],"curies":[{"name":"wp","href":"https:\/\/api.w.org\/{rel}","templated":true}]}}