{"id":1261,"date":"2026-02-26T20:57:24","date_gmt":"2026-02-26T18:57:24","guid":{"rendered":"https:\/\/servcrmpro.online\/accueil\/"},"modified":"2026-02-26T20:57:24","modified_gmt":"2026-02-26T18:57:24","slug":"accueil","status":"publish","type":"page","link":"https:\/\/servcrmpro.online\/fr\/","title":{"rendered":"Accueil"},"content":{"rendered":"<div class=\"ag-content-wrapper\">\n<div class=\"ag-hero\">\n<h1>Accueil<\/h1>\n<\/div>\n<div class=\"ag-body\">\n<p><!-- Hero Section --><\/p>\n<div class=\"elementor-section elementor-top-section elementor-section-boxed\" style=\"background-color: #f0f0f0; padding: 100px 20px; text-align: center;\">\n<h1 style=\"color: #333; font-size: 48px;\">Bienvenue chez Orgonise Africa<\/h1>\n<h3 style=\"color: #666;\">R\u00e9tablir l&rsquo;\u00e9quilibre environnemental depuis 2002<\/h3>\n<p style=\"margin: 20px 0;\"><a class=\"button\" style=\"background-color: #0073aa; color: white; padding: 10px 20px; text-decoration: none; border-radius: 5px;\" href=\"https:\/\/servcrmpro.online\/fr\/boutique\/\">Acheter de l&rsquo;Orgonite<\/a><\/p>\n<\/div>\n<p><!-- Featured Products --><\/p>\n<div class=\"elementor-section elementor-top-section elementor-section-boxed\" style=\"padding: 50px 20px;\">\n<h2 style=\"text-align: center;\">Collections en vedette<\/h2>\n<div class=\"woocommerce columns-4 \"><ul class=\"products columns-4\">\n<li class=\"sales-flash-overlay woocommerce-text-align-center woocommerce-image-align-center do-quantity-buttons product type-product post-4528 status-publish first instock product_cat-orgonite-cloudbuster has-post-thumbnail sale taxable shipping-taxable purchasable product-type-simple\">\n\t<a href=\"https:\/\/servcrmpro.online\/fr\/produit\/cb28-booster-fr\/\" class=\"woocommerce-LoopProduct-link woocommerce-loop-product__link\">\n\t<span class=\"onsale\">Promo\u00a0!<\/span>\n\t<img loading=\"lazy\" decoding=\"async\" width=\"300\" height=\"300\" src=\"https:\/\/servcrmpro.online\/wp-content\/uploads\/2026\/02\/cb28mm_with_booster_hhg_2-1-300x300.jpg\" class=\"attachment-woocommerce_thumbnail size-woocommerce_thumbnail\" alt=\"Cloud Buster 28mm + Booster HHG\" srcset=\"https:\/\/servcrmpro.online\/wp-content\/uploads\/2026\/02\/cb28mm_with_booster_hhg_2-1-300x300.jpg 300w, https:\/\/servcrmpro.online\/wp-content\/uploads\/2026\/02\/cb28mm_with_booster_hhg_2-1-100x100.jpg 100w, https:\/\/servcrmpro.online\/wp-content\/uploads\/2026\/02\/cb28mm_with_booster_hhg_2-1-150x150.jpg 150w\" sizes=\"auto, (max-width: 300px) 100vw, 300px\" \/><h2 class=\"woocommerce-loop-product__title\">Cloud Buster 28mm + Booster HHG<\/h2><div class=\"star-rating\" title=\"Pas encore not\u00e9\"><span style=\"width:0%\"><strong class=\"rating\">0<\/strong> sur 5<\/span><\/div>\n\t<span class=\"price\"><del aria-hidden=\"true\"><span class=\"woocommerce-Price-amount amount\"><bdi><span class=\"woocommerce-Price-currencySymbol\">&#36;<\/span>28,811,560.24<\/bdi><\/span><\/del> <span class=\"screen-reader-text\">Le prix initial \u00e9tait\u00a0: &#036;28,811,560.24.<\/span><ins aria-hidden=\"true\"><span class=\"woocommerce-Price-amount amount\"><bdi><span class=\"woocommerce-Price-currencySymbol\">&#36;<\/span>24,489,826.20<\/bdi><\/span><\/ins><span class=\"screen-reader-text\">Le prix actuel est\u00a0: &#036;24,489,826.20.<\/span><\/span>\n<\/a><a href=\"\/fr\/wp-json\/wp\/v2\/pages\/1261?add-to-cart=4528\" aria-describedby=\"woocommerce_loop_add_to_cart_link_describedby_4528\" data-quantity=\"1\" class=\"button product_type_simple add_to_cart_button ajax_add_to_cart\" data-product_id=\"4528\" data-product_sku=\"CB28B\" aria-label=\"Ajouter au panier\u00a0: &ldquo;Cloud Buster 28mm + Booster HHG&rdquo;\" rel=\"nofollow\" data-success_message=\"\u00ab\u00a0Cloud Buster 28mm + Booster HHG\u00a0\u00bb a \u00e9t\u00e9 ajout\u00e9 \u00e0 votre panier\" role=\"button\">Ajouter au panier<\/a>\t<span id=\"woocommerce_loop_add_to_cart_link_describedby_4528\" class=\"screen-reader-text\">\n\t\t\t<\/span>\n<\/li>\n<li class=\"sales-flash-overlay woocommerce-text-align-center woocommerce-image-align-center do-quantity-buttons product type-product post-4525 status-publish instock product_cat-orgonite-cloudbuster has-post-thumbnail sale taxable shipping-taxable purchasable product-type-simple\">\n\t<a href=\"https:\/\/servcrmpro.online\/fr\/produit\/cb-28mm-fr\/\" class=\"woocommerce-LoopProduct-link woocommerce-loop-product__link\">\n\t<span class=\"onsale\">Promo\u00a0!<\/span>\n\t<img loading=\"lazy\" decoding=\"async\" width=\"300\" height=\"300\" src=\"https:\/\/servcrmpro.online\/wp-content\/uploads\/2026\/02\/cloud-buster-28mm_4-1-300x300.jpg\" class=\"attachment-woocommerce_thumbnail size-woocommerce_thumbnail\" alt=\"Cloud Buster 28mm\" srcset=\"https:\/\/servcrmpro.online\/wp-content\/uploads\/2026\/02\/cloud-buster-28mm_4-1-300x300.jpg 300w, https:\/\/servcrmpro.online\/wp-content\/uploads\/2026\/02\/cloud-buster-28mm_4-1-100x100.jpg 100w, https:\/\/servcrmpro.online\/wp-content\/uploads\/2026\/02\/cloud-buster-28mm_4-1-600x600.jpg 600w, https:\/\/servcrmpro.online\/wp-content\/uploads\/2026\/02\/cloud-buster-28mm_4-1-150x150.jpg 150w, https:\/\/servcrmpro.online\/wp-content\/uploads\/2026\/02\/cloud-buster-28mm_4-1-768x768.jpg 768w, https:\/\/servcrmpro.online\/wp-content\/uploads\/2026\/02\/cloud-buster-28mm_4-1.jpg 999w\" sizes=\"auto, (max-width: 300px) 100vw, 300px\" \/><h2 class=\"woocommerce-loop-product__title\">Cloud Buster 28mm<\/h2><div class=\"star-rating\" title=\"Pas encore not\u00e9\"><span style=\"width:0%\"><strong class=\"rating\">0<\/strong> sur 5<\/span><\/div>\n\t<span class=\"price\"><del aria-hidden=\"true\"><span class=\"woocommerce-Price-amount amount\"><bdi><span class=\"woocommerce-Price-currencySymbol\">&#36;<\/span>27,082,866.63<\/bdi><\/span><\/del> <span class=\"screen-reader-text\">Le prix initial \u00e9tait\u00a0: &#036;27,082,866.63.<\/span><ins aria-hidden=\"true\"><span class=\"woocommerce-Price-amount amount\"><bdi><span class=\"woocommerce-Price-currencySymbol\">&#36;<\/span>23,020,436.63<\/bdi><\/span><\/ins><span class=\"screen-reader-text\">Le prix actuel est\u00a0: &#036;23,020,436.63.<\/span><\/span>\n<\/a><a href=\"\/fr\/wp-json\/wp\/v2\/pages\/1261?add-to-cart=4525\" aria-describedby=\"woocommerce_loop_add_to_cart_link_describedby_4525\" data-quantity=\"1\" class=\"button product_type_simple add_to_cart_button ajax_add_to_cart\" data-product_id=\"4525\" data-product_sku=\"CB28\" aria-label=\"Ajouter au panier\u00a0: &ldquo;Cloud Buster 28mm&rdquo;\" rel=\"nofollow\" data-success_message=\"\u00ab\u00a0Cloud Buster 28mm\u00a0\u00bb a \u00e9t\u00e9 ajout\u00e9 \u00e0 votre panier\" role=\"button\">Ajouter au panier<\/a>\t<span id=\"woocommerce_loop_add_to_cart_link_describedby_4525\" class=\"screen-reader-text\">\n\t\t\t<\/span>\n<\/li>\n<li class=\"sales-flash-overlay woocommerce-text-align-center woocommerce-image-align-center do-quantity-buttons product type-product post-4522 status-publish instock product_cat-orgonite-cloudbuster has-post-thumbnail taxable shipping-taxable purchasable product-type-simple\">\n\t<a href=\"https:\/\/servcrmpro.online\/fr\/produit\/cloud-buster-pipes-fr\/\" class=\"woocommerce-LoopProduct-link woocommerce-loop-product__link\"><img loading=\"lazy\" decoding=\"async\" width=\"300\" height=\"300\" src=\"https:\/\/servcrmpro.online\/wp-content\/uploads\/2026\/02\/cloud-buster-28mm_4-2-300x300.jpg\" class=\"attachment-woocommerce_thumbnail size-woocommerce_thumbnail\" alt=\"Tuyaux Cloud Buster\" srcset=\"https:\/\/servcrmpro.online\/wp-content\/uploads\/2026\/02\/cloud-buster-28mm_4-2-300x300.jpg 300w, https:\/\/servcrmpro.online\/wp-content\/uploads\/2026\/02\/cloud-buster-28mm_4-2-150x150.jpg 150w, https:\/\/servcrmpro.online\/wp-content\/uploads\/2026\/02\/cloud-buster-28mm_4-2-768x768.jpg 768w, https:\/\/servcrmpro.online\/wp-content\/uploads\/2026\/02\/cloud-buster-28mm_4-2-600x600.jpg 600w, https:\/\/servcrmpro.online\/wp-content\/uploads\/2026\/02\/cloud-buster-28mm_4-2-100x100.jpg 100w, https:\/\/servcrmpro.online\/wp-content\/uploads\/2026\/02\/cloud-buster-28mm_4-2.jpg 999w\" sizes=\"auto, (max-width: 300px) 100vw, 300px\" \/><h2 class=\"woocommerce-loop-product__title\">Tuyaux Cloud Buster<\/h2><div class=\"star-rating\" title=\"Pas encore not\u00e9\"><span style=\"width:0%\"><strong class=\"rating\">0<\/strong> sur 5<\/span><\/div>\n\t<span class=\"price\"><span class=\"woocommerce-Price-amount amount\"><bdi><span class=\"woocommerce-Price-currencySymbol\">&#36;<\/span>17,286,936.14<\/bdi><\/span><\/span>\n<\/a><a href=\"\/fr\/wp-json\/wp\/v2\/pages\/1261?add-to-cart=4522\" aria-describedby=\"woocommerce_loop_add_to_cart_link_describedby_4522\" data-quantity=\"1\" class=\"button product_type_simple add_to_cart_button ajax_add_to_cart\" data-product_id=\"4522\" data-product_sku=\"CBP-28\" aria-label=\"Ajouter au panier\u00a0: &ldquo;Tuyaux Cloud Buster&rdquo;\" rel=\"nofollow\" data-success_message=\"\u00ab\u00a0Tuyaux Cloud Buster\u00a0\u00bb a \u00e9t\u00e9 ajout\u00e9 \u00e0 votre panier\" role=\"button\">Ajouter au panier<\/a>\t<span id=\"woocommerce_loop_add_to_cart_link_describedby_4522\" class=\"screen-reader-text\">\n\t\t\t<\/span>\n<\/li>\n<li class=\"sales-flash-overlay woocommerce-text-align-center woocommerce-image-align-center do-quantity-buttons product type-product post-4519 status-publish last instock product_cat-bundles-kits has-post-thumbnail taxable shipping-taxable purchasable product-type-simple\">\n\t<a href=\"https:\/\/servcrmpro.online\/fr\/produit\/miniwand-35mm-complete-bundle-fr\/\" class=\"woocommerce-LoopProduct-link woocommerce-loop-product__link\"><img loading=\"lazy\" decoding=\"async\" width=\"300\" height=\"300\" src=\"https:\/\/servcrmpro.online\/wp-content\/uploads\/2026\/02\/35mm_Miniwand_white_w_EU_plug-1-300x300.jpg\" class=\"attachment-woocommerce_thumbnail size-woocommerce_thumbnail\" alt=\"Miniwand 35mm - Ensemble complet\" srcset=\"https:\/\/servcrmpro.online\/wp-content\/uploads\/2026\/02\/35mm_Miniwand_white_w_EU_plug-1-300x300.jpg 300w, https:\/\/servcrmpro.online\/wp-content\/uploads\/2026\/02\/35mm_Miniwand_white_w_EU_plug-1-100x100.jpg 100w, https:\/\/servcrmpro.online\/wp-content\/uploads\/2026\/02\/35mm_Miniwand_white_w_EU_plug-1-600x600.jpg 600w, https:\/\/servcrmpro.online\/wp-content\/uploads\/2026\/02\/35mm_Miniwand_white_w_EU_plug-1-150x150.jpg 150w, https:\/\/servcrmpro.online\/wp-content\/uploads\/2026\/02\/35mm_Miniwand_white_w_EU_plug-1-768x768.jpg 768w, https:\/\/servcrmpro.online\/wp-content\/uploads\/2026\/02\/35mm_Miniwand_white_w_EU_plug-1.jpg 800w\" sizes=\"auto, (max-width: 300px) 100vw, 300px\" \/><h2 class=\"woocommerce-loop-product__title\">Miniwand 35mm &#8211; Ensemble complet<\/h2><div class=\"star-rating\" title=\"Pas encore not\u00e9\"><span style=\"width:0%\"><strong class=\"rating\">0<\/strong> sur 5<\/span><\/div>\n\t<span class=\"price\"><span class=\"woocommerce-Price-amount amount\"><bdi><span class=\"woocommerce-Price-currencySymbol\">&#36;<\/span>3,388,239.49<\/bdi><\/span><\/span>\n<\/a><a href=\"\/fr\/wp-json\/wp\/v2\/pages\/1261?add-to-cart=4519\" aria-describedby=\"woocommerce_loop_add_to_cart_link_describedby_4519\" data-quantity=\"1\" class=\"button product_type_simple add_to_cart_button ajax_add_to_cart\" data-product_id=\"4519\" data-product_sku=\"\" aria-label=\"Ajouter au panier\u00a0: &ldquo;Miniwand 35mm - Ensemble complet&rdquo;\" rel=\"nofollow\" data-success_message=\"\u00ab\u00a0Miniwand 35mm - Ensemble complet\u00a0\u00bb a \u00e9t\u00e9 ajout\u00e9 \u00e0 votre panier\" role=\"button\">Ajouter au panier<\/a>\t<span id=\"woocommerce_loop_add_to_cart_link_describedby_4519\" class=\"screen-reader-text\">\n\t\t\t<\/span>\n<\/li>\n<\/ul>\n<\/div>\n<\/div>\n<p><!-- About Snippet --><\/p>\n<div class=\"elementor-section elementor-top-section elementor-section-boxed\" style=\"padding: 50px 20px; background-color: #fff;\">\n<h2 style=\"text-align: center;\">Notre mission<\/h2>\n<p style=\"text-align: center; max-width: 800px; margin: 0 auto;\">Nous nous consacrons \u00e0 la distribution de dispositifs orgonite et \u00e0 la documentation d&rsquo;exp\u00e9ditions visant \u00e0 gu\u00e9rir le continent africain.<br \/>\n<a href=\"https:\/\/servcrmpro.online\/?page_id=255\">D\u00e9couvrez notre histoire<\/a>.<\/p>\n<\/div>\n<\/div>\n<\/div>\n","protected":false},"excerpt":{"rendered":"<p>Accueil Bienvenue chez Orgonise Africa R\u00e9tablir l&rsquo;\u00e9quilibre environnemental depuis 2002 Acheter de l&rsquo;Orgonite Collections en vedette Notre mission Nous nous consacrons \u00e0 la distribution de dispositifs orgonite et \u00e0 la documentation d&rsquo;exp\u00e9ditions visant \u00e0 gu\u00e9rir le continent africain. D\u00e9couvrez notre histoire.<\/p>\n","protected":false},"author":2,"featured_media":0,"parent":0,"menu_order":0,"comment_status":"closed","ping_status":"closed","template":"","meta":{"_acf_changed":false,"footnotes":""},"class_list":["post-1261","page","type-page","status-publish"],"acf":[],"_links":{"self":[{"href":"https:\/\/servcrmpro.online\/fr\/wp-json\/wp\/v2\/pages\/1261","targetHints":{"allow":["GET"]}}],"collection":[{"href":"https:\/\/servcrmpro.online\/fr\/wp-json\/wp\/v2\/pages"}],"about":[{"href":"https:\/\/servcrmpro.online\/fr\/wp-json\/wp\/v2\/types\/page"}],"author":[{"embeddable":true,"href":"https:\/\/servcrmpro.online\/fr\/wp-json\/wp\/v2\/users\/2"}],"replies":[{"embeddable":true,"href":"https:\/\/servcrmpro.online\/fr\/wp-json\/wp\/v2\/comments?post=1261"}],"version-history":[{"count":0,"href":"https:\/\/servcrmpro.online\/fr\/wp-json\/wp\/v2\/pages\/1261\/revisions"}],"wp:attachment":[{"href":"https:\/\/servcrmpro.online\/fr\/wp-json\/wp\/v2\/media?parent=1261"}],"curies":[{"name":"wp","href":"https:\/\/api.w.org\/{rel}","templated":true}]}}