{"id":4186,"date":"2026-02-05T07:58:07","date_gmt":"2026-02-05T07:58:07","guid":{"rendered":""},"modified":"2026-04-11T05:39:55","modified_gmt":"2026-04-11T03:39:55","slug":"cloud-buster-base-fr","status":"publish","type":"product","link":"https:\/\/servcrmpro.online\/fr\/produit\/cloud-buster-base-fr\/","title":{"rendered":"Base de Cloud Buster"},"content":{"rendered":"<h2><strong><span style=\"font-family: verdana, geneva; font-size: medium;\">Orgonite Cloudbuster Base &#8211; ajoutez simplement des tuyaux ! <\/span><\/strong><\/h2>\n<p><span style=\"font-size: medium;\"><em><span style=\"font-family: verdana, geneva;\">Convient uniquement aux tuyaux m\u00e9triques de 28&nbsp;mm.<\/span><\/em><!-- dur\u00e9e--><\/span><\/p>\n<p><span style=\"font-size: medium;\"><em><span style=\"font-family: verdana, geneva;\">VEUILLEZ NOTER&nbsp;: Aux \u00c9tats-Unis et au Canada, il n&rsquo;est g\u00e9n\u00e9ralement pas possible d&rsquo;acheter tuyaux de taille m\u00e9trique pour s&rsquo;adapter \u00e0 nos bases Cloudbuster de 28 mm et 35 mm. Veuillez vous assurer d&rsquo;acheter un Cloudbuster COMPLET si vous r\u00e9sidez dans ces pays.<\/span><\/em><\/span><\/p>\n<p><span style=\"font-family: verdana, geneva; font-size: medium;\">Vous pouvez \u00e9conomiser beaucoup sur l&rsquo;Orgonite Cloudbuster si vous commandez uniquement la base. Apr\u00e8s tout, il n&rsquo;est pas difficile de se procurer 6 extr\u00e9mit\u00e9s de tuyau en cuivre de 28 mm dans un atelier de plomberie ou un march\u00e9 de bricolage. Vous pouvez leur demander de le couper \u00e0 1,6 &#8211; 1,8 m de longueur ou en acheter 2 pleines de 5,5 m et les couper en 3 longueurs \u00e9gales chacune.<\/span><\/p>\n<p><span style=\"font-family: verdana , geneva; font-size: medium;\">Vous obtenez la base enti\u00e8rement finie et le disque d&rsquo;espacement pour les tuyaux (6 trous 28mm) en polypropyl\u00e8ne blanc. Tout ce que vous avez \u00e0 faire est d&rsquo;acheter les tuyaux et de les coller.<\/span><\/p>\n<p><span style=\"font-family: verdana, geneva; font-size: medium;\">Si vous \u00eates bas\u00e9 aux \u00c9tats-Unis, la taille du tuyau de 1 1\/8&Prime; \u00e9quivaut \u00e0 environ mais pas exactement \u00e0 28 mm. Si vous n&rsquo;avez pas acc\u00e8s aux tailles de tuyau m\u00e9triques, nous vous recommandons de nous contacter avant de commander ceci ou de commander le <a href=\"https:\/\/ www.orgoniseafrica.com\/orgonite-cloud-buster-35mm.html\" target=\"_blank\" rel=\"noopener\">terminez Cloud Buster afin d&rsquo;\u00e9viter les difficult\u00e9s. <\/a><\/span><a href=\"https:\/\/ www.orgoniseafrica.com\/orgonite-cloud-buster-35mm.html\" target=\"_blank\" rel=\"noopener\"><\/p>\n<p><span style=\"font-family: verdana, gen\u00e8ve; font-size: medium;\">Il s&rsquo;agit d&rsquo;un Don Croft Orgonite CB enti\u00e8rement \u00e9quip\u00e9 avec tous les cristaux, pr\u00eat \u00e0 l&#8217;emploi.<\/span><\/p>\n<p><span style=\"font-family: verdana, gen\u00e8ve; font-size: medium;\">Ces Cloudbusters standards ont \u00e9t\u00e9 construits et test\u00e9s par des milliers de personnes dans le monde entier avec beaucoup d&rsquo;exp\u00e9rience et de commentaires disponibles sur diff\u00e9rents forums. Nous les consid\u00e9rons comme L&rsquo;outil le plus puissant et le plus efficace pour la gu\u00e9rison environnementale \u00e0 grande \u00e9chelle en utilisant Orgonite. <\/span><\/p>\n<p><strong><span style=\"font-family: verdana, geneva; font-size: medium;\">Les effets typiques signal\u00e9s sont&nbsp;:<\/span><\/strong><\/p>\n<p><span style=\"font-family: verdana , gen\u00e8ve; taille de police: moyenne;\">&#8211; augmentation des pr\u00e9cipitations dans les zones de s\u00e9cheresse<\/span><\/p>\n<p><span style=\"font-family: verdana, gen\u00e8ve;\">&#8211; augmentation croissance des plantes<\/span><\/p>\n<p><span style=\"font-family: verdana, geneva; font-size: medium;\">&#8211; augmentation de la fertilit\u00e9 et de la sant\u00e9 des animaux<\/span><\/p>\n<p><\/a><span style=\"font-family: verdana, gen\u00e8ve; font-size: medium;\">&#8211; pollution r\u00e9duite incl. les soi-disant \u00ab\u00a0chemtrails\u00a0\u00bb<\/span><\/p>\n<p><span style=\"font-family: verdana, geneva; font-size: medium;\">&#8211; am\u00e9lioration g\u00e9n\u00e9rale du champ d&rsquo;\u00e9nergie \u00e9th\u00e9rique ambiant avec une multitude de effets sur la sant\u00e9 mentale et sur la sant\u00e9<\/span><\/a><\/p>\n<p><a href=\"https:\/\/ www.orgoniseafrica.com\/orgonite-cloud-buster-35mm.html\" target=\"_blank\" rel=\"noopener\"><\/p>\n<p><span style=\"font-family: verdana, geneva; font-size: medium;\">En fonction des niveaux de pollution \u00e9lectromagn\u00e9tique et des conditions \u00e9nerg\u00e9tiques g\u00e9n\u00e9rales, les effets des Cloudbusters standards ont \u00e9t\u00e9 signal\u00e9s comme \u00e9tant perceptibles sur des distances bien sup\u00e9rieures \u00e0 50 km. Combin\u00e9s avec d&rsquo;autres appareils Orgonite, quelques CB peuvent restaurer un champ d&rsquo;Orgone sain dans une r\u00e9gion enti\u00e8re ou un petit pays.<\/span><\/p>\n<p><span style=\"font-family: verdana, geneva; font-size: medium;\">Nous les avons utilis\u00e9s nous-m\u00eames lors de nos exp\u00e9ditions Orgone Gifting (en savoir plus ici&#8230;), o\u00f9 nous combinons g\u00e9n\u00e9ralement un Cloudbuster avec plusieurs centaines de Towerbusters. Cela s&rsquo;est av\u00e9r\u00e9 \u00eatre la m\u00e9thode la plus efficace pour dynamiser des pays entiers et inverser les terribles sch\u00e9mas de s\u00e9cheresse.<\/span><\/p>\n<p><span style=\"font-family: verdana, geneva; font-size: medium;\">Notre th\u00e9orie est la suivante&nbsp;: alors que le Cloudbuster travaille particuli\u00e8rement dans les niveaux sup\u00e9rieurs de l&rsquo;atmosph\u00e8re pour orgoniser une tr\u00e8s grande zone, les Towerbusters assurer la \u00ab\u00a0couverture du sol\u00a0\u00bb n\u00e9cessaire en \u00e9tant plac\u00e9 \u00e0 proximit\u00e9 de tous les t\u00e9l\u00e9phones portables et des lieux d&rsquo;\u00e9nergie n\u00e9gative dans la zone dans laquelle le Cloudbuster est plac\u00e9. <\/span><\/p>\n<p><span style=\"font-family: verdana, geneva; font-size: medium;\">Si vous souhaitez commencer \u00e0 offrir \u00e0 grande \u00e9chelle, jetez un \u0153il \u00e0 notre kit de d\u00e9marrage Massive Orgone pour obtenir tous les \u00e9l\u00e9ments essentiels pour offrir. \u00e0 prix r\u00e9duit !<\/span><\/p>\n<p><span style=\"font-family: verdana, geneva; font-size: medium;\">Dimensions : hauteur &#8211; 250 mm, diam\u00e8tre &#8211; 240 mm<br \/>(Ce produit est fait \u00e0 la main et le produit final peut diff\u00e9rer l\u00e9g\u00e8rement)&lt; \/envergure&gt;<\/span><\/p>\n<p><\/a><\/p>\n","protected":false},"excerpt":{"rendered":"<h2><strong><span style=\"font-family\u00a0: verdana, geneve\u00a0;font-size\u00a0: medium\">Orgonite Cloudbuster Base &#8211; il suffit d\u2019ajouter des tuyaux ! <\/span><\/strong><\/h2>\n<p>&lt;span style=&quot;font-family\u00a0: verdana, geneve\u00a0; font-size\u00a0: me&#8230;<\/p>\n","protected":false},"featured_media":109,"comment_status":"open","ping_status":"closed","template":"","meta":{"_acf_changed":false},"product_brand":[],"product_cat":[100],"product_tag":[],"class_list":{"0":"post-4186","1":"product","2":"type-product","3":"status-publish","4":"has-post-thumbnail","6":"product_cat-orgonite-cloudbuster","7":"sales-flash-overlay","8":"woocommerce-text-align-center","9":"woocommerce-image-align-center","10":"do-quantity-buttons","12":"first","13":"outofstock","14":"taxable","15":"shipping-taxable","16":"purchasable","17":"product-type-simple"},"acf":[],"_links":{"self":[{"href":"https:\/\/servcrmpro.online\/fr\/wp-json\/wp\/v2\/product\/4186","targetHints":{"allow":["GET"]}}],"collection":[{"href":"https:\/\/servcrmpro.online\/fr\/wp-json\/wp\/v2\/product"}],"about":[{"href":"https:\/\/servcrmpro.online\/fr\/wp-json\/wp\/v2\/types\/product"}],"replies":[{"embeddable":true,"href":"https:\/\/servcrmpro.online\/fr\/wp-json\/wp\/v2\/comments?post=4186"}],"wp:featuredmedia":[{"embeddable":true,"href":"https:\/\/servcrmpro.online\/fr\/wp-json\/wp\/v2\/media\/109"}],"wp:attachment":[{"href":"https:\/\/servcrmpro.online\/fr\/wp-json\/wp\/v2\/media?parent=4186"}],"wp:term":[{"taxonomy":"product_brand","embeddable":true,"href":"https:\/\/servcrmpro.online\/fr\/wp-json\/wp\/v2\/product_brand?post=4186"},{"taxonomy":"product_cat","embeddable":true,"href":"https:\/\/servcrmpro.online\/fr\/wp-json\/wp\/v2\/product_cat?post=4186"},{"taxonomy":"product_tag","embeddable":true,"href":"https:\/\/servcrmpro.online\/fr\/wp-json\/wp\/v2\/product_tag?post=4186"}],"curies":[{"name":"wp","href":"https:\/\/api.w.org\/{rel}","templated":true}]}}