{"id":4189,"date":"2026-02-05T07:58:26","date_gmt":"2026-02-05T07:58:26","guid":{"rendered":""},"modified":"2026-04-13T19:43:33","modified_gmt":"2026-04-13T17:43:33","slug":"limitless-orgone-pendant-fr","status":"publish","type":"product","link":"https:\/\/servcrmpro.online\/fr\/produit\/limitless-orgone-pendant-fr\/","title":{"rendered":"Pendentif Orgone illimit\u00e9"},"content":{"rendered":"<div>\n<h3>Il s&rsquo;agit du pendentif en orgonite id\u00e9al pour vous aider sur votre chemin spirituel et \u00e9liminer les blocages potentiels.<\/h3>\n<p>Tous nos pendentifs en orgonite renforcent votre champ bio\u00e9nerg\u00e9tique (Aura), revitalisent votre corps et vous prot\u00e8gent des influences n\u00e9fastes telles que les radiations \u00e9lectromagn\u00e9tiques (EMF) ou les \u00e9nergies n\u00e9gatives.&nbsp;<\/p>\n<p>Le pendentif Limitless Orgone est compos\u00e9 d&rsquo;un grand nombre de kyanites bleus, d&rsquo;une belle incrustation m\u00e9tallique et d&rsquo;une bobine de CFF \u00e0 l&rsquo;int\u00e9rieur. Le pendentif est muni d&rsquo;un \u0153illet en m\u00e9tal attach\u00e9 \u00e0 un fil de coton cir\u00e9 bleu qui se porte \u00e9l\u00e9gamment juste au-dessus du sternum.&nbsp;<\/p>\n<p>Traditionnellement, le Kyanite est connu comme le cristal de la perc\u00e9e &#8211; il \u00e9limine les blocages qui vous emp\u00eachent de devenir vraiment illimit\u00e9. Comme la plupart des pierres bleues de gu\u00e9rison, la kyanite ouvre le chakra de la gorge. Elle am\u00e9liore l&rsquo;expression verbale et artistique et aide \u00e0 surmonter la mentalit\u00e9 de victime. Elle apaise l&rsquo;asthme et les afflictions de la gorge.<\/p>\n<p>Propri\u00e9t\u00e9s curatives g\u00e9n\u00e9ralement associ\u00e9es aux pierres pr\u00e9cieuses contenues dans ce pendentif :<\/p>\n<p><strong>Kyanite :<\/strong> renforce le chakra de la gorge, favorise la motricit\u00e9 fine, la coordination et l&rsquo;agilit\u00e9 physique et mentale, am\u00e9liore l&rsquo;expression verbale et artistique, la clart\u00e9, l&rsquo;intuition et la pleine conscience.<\/p>\n<p><strong>Quartz :<\/strong>&nbsp;Clart\u00e9 mentale, toujours utilis\u00e9 dans l&rsquo;orgonite pour amplifier la sortie de l&rsquo;orgone.<\/p>\n<p><strong>Shungite :<\/strong>&nbsp;Protection contre les CEM, protection psychique, mise \u00e0 la terre, purification et nettoyage, apaisement et relaxation.<\/p>\n<p><strong>Tourmaline noire :<\/strong>&nbsp;&nbsp;Talisman de protection, prot\u00e8ge contre les radiations et la pollution environnementale, mise \u00e0 la terre et apaisement.<\/p>\n<p><strong>Mica :<\/strong>&nbsp;Bouclier et protection, clart\u00e9 et flexibilit\u00e9.<\/p>\n<p>Ce pendentif peut \u00eatre joliment combin\u00e9 avec des perles ou int\u00e9gr\u00e9 dans un autre bijou.<\/p>\n<p>&nbsp;<\/p>\n<p>Taille :&nbsp;Diam\u00e8tre d&rsquo;environ 28&nbsp;mm, \u00e9paisseur d&rsquo;environ 10 mm au centre ; l\u00e9g\u00e8rement en forme de lentille.<\/p>\n<p>Veuillez noter que l&rsquo;incrustation m\u00e9tallique peut s&rsquo;oxyder avec le temps.<\/p>\n<p>&nbsp;<\/p>\n<\/div>\n<div>&nbsp;<\/div>\n<div>&nbsp;<\/div>\n","protected":false},"excerpt":{"rendered":"<h3>C\u2019est le pendentif en orgonite id\u00e9al pour vous accompagner sur votre Chemin Spirituel et \u00e9liminer les \u00e9ventuels blocages.<\/h3>\n<p>\u00a0<\/p>\n<p>Tous nos pendentifs d\u2019orgonite renforcent votre champ bio\u00e9nerg\u00e9tique (Aura), rev&#8230;<\/p>\n","protected":false},"featured_media":111,"comment_status":"open","ping_status":"closed","template":"","meta":{"_acf_changed":false},"product_brand":[],"product_cat":[102],"product_tag":[],"class_list":{"0":"post-4189","1":"product","2":"type-product","3":"status-publish","4":"has-post-thumbnail","6":"product_cat-orgone-energy-pendants","7":"sales-flash-overlay","8":"woocommerce-text-align-center","9":"woocommerce-image-align-center","10":"do-quantity-buttons","12":"first","13":"outofstock","14":"taxable","15":"shipping-taxable","16":"purchasable","17":"product-type-simple"},"acf":[],"_links":{"self":[{"href":"https:\/\/servcrmpro.online\/fr\/wp-json\/wp\/v2\/product\/4189","targetHints":{"allow":["GET"]}}],"collection":[{"href":"https:\/\/servcrmpro.online\/fr\/wp-json\/wp\/v2\/product"}],"about":[{"href":"https:\/\/servcrmpro.online\/fr\/wp-json\/wp\/v2\/types\/product"}],"replies":[{"embeddable":true,"href":"https:\/\/servcrmpro.online\/fr\/wp-json\/wp\/v2\/comments?post=4189"}],"wp:featuredmedia":[{"embeddable":true,"href":"https:\/\/servcrmpro.online\/fr\/wp-json\/wp\/v2\/media\/111"}],"wp:attachment":[{"href":"https:\/\/servcrmpro.online\/fr\/wp-json\/wp\/v2\/media?parent=4189"}],"wp:term":[{"taxonomy":"product_brand","embeddable":true,"href":"https:\/\/servcrmpro.online\/fr\/wp-json\/wp\/v2\/product_brand?post=4189"},{"taxonomy":"product_cat","embeddable":true,"href":"https:\/\/servcrmpro.online\/fr\/wp-json\/wp\/v2\/product_cat?post=4189"},{"taxonomy":"product_tag","embeddable":true,"href":"https:\/\/servcrmpro.online\/fr\/wp-json\/wp\/v2\/product_tag?post=4189"}],"curies":[{"name":"wp","href":"https:\/\/api.w.org\/{rel}","templated":true}]}}