{"id":4192,"date":"2026-02-05T07:58:33","date_gmt":"2026-02-05T07:58:33","guid":{"rendered":""},"modified":"2026-04-16T22:45:33","modified_gmt":"2026-04-16T20:45:33","slug":"andalusite-orgone-pendant-fr","status":"publish","type":"product","link":"https:\/\/servcrmpro.online\/fr\/produit\/andalusite-orgone-pendant-fr\/","title":{"rendered":"Pendentif Andalousite"},"content":{"rendered":"<p><span style=\"font-size: small;\"><strong>J&rsquo;ai d\u00e9j\u00e0 parl\u00e9<\/strong> de l&rsquo;<\/span><span style=\"font-size: small;\">Andalousite<\/span><span style=\"font-size: small;\"> dans mon article du blog relatant ma <\/span><span style=\"font-size: small;\"><a href=\"..\/..\/..\/..\/blog\/a-visit-to-credo-mutwa\/\"><span style=\"color: rgb(0, 0, 255);\"><u>visite \u00e0 Credo Mutwa<\/u><\/span><\/a> en ao\u00fbt 2010. Credo m&rsquo;a dit que&#160; l&rsquo;Andalousite, <\/span><span style=\"font-size: small;\">dans sa version \u00ab\u00a0<\/span><span style=\"font-size: small;\">marqu\u00e9e d&rsquo;une croix\u00a0\u00bb, ( \u00e9galement appel\u00e9e chiastolite) est l&rsquo;<\/span><span style=\"font-size: small;\">unique<\/span><span style=\"font-size: small;\"> r\u00e9pulsif pour les <span id=\"main\" style=\"visibility: visible;\"><span id=\"search\" style=\"visibility: visible;\">extra-terrestres <\/span><\/span>gris, quand elle est port\u00e9ee par un \u00eatre humain. <\/span><span style=\"font-size: medium;\"><small><span style=\"font-weight: bold;\"><br \/><\/span><\/small><\/span><\/p>\n<p><span style=\"font-size: medium;\"><small><span style=\"font-weight: bold;\"><br \/><\/span><\/small><\/span><\/p>\n<p><img loading=\"lazy\" decoding=\"async\" height=\"300\" width=\"300\" alt=\"Credo Mutwa and Georg in August 2010\" src=\"http:\/\/orgoniseafrica.com\/mail\/100809Credo-Georg400.jpg\" \/><\/p>\n<p><big>Georg et Credo,&#160; Ao\u00fbt 2010<\/big><\/p>\n<p><span style=\"font-size: medium;\"><small><br \/><\/small><\/span><\/p>\n<p><span style=\"font-size: medium;\"><small>Vous faites peut-\u00eatre partie des sceptiques qui se mettent \u00e0 rigoler d&rsquo;un air entendu d\u00e8s que quelqu&rsquo;un prononce le mot \u00ab\u00a0extra-terrestres\u00a0\u00bb. Cependant ces cr\u00e9atures sont bien connues dans le folklore africain et ont \u00e9t\u00e9 repr\u00e9sent\u00e9s syst\u00e9matiquement d&rsquo;une mani\u00e8re tr\u00e8s similaire aux dessins et croquis des \u00ab\u00a0contact\u00e9s\u00a0\u00bb et ufologues occidentaux.Les r\u00e9cits d&rsquo;enl\u00e8vements<\/small><\/span><span style=\"font-size: medium;\"><small> par ces cr\u00e9atures sont \u00e9galement nombreux en Afrique, et Credo lui-m\u00eame a fait l&rsquo;exp\u00e9rience d&rsquo;une abduction, avec des exp\u00e9riences m\u00e9dicales et g\u00e9n\u00e9tiques, au Zimbabwe dans les ann\u00e9es 1960. En tant que gu\u00e9risseur spirituel,il a aussi aid\u00e9 beaucoup d&rsquo;enlev\u00e9s \u00e0 se remettre de leur traumatisme.<\/small><\/span><\/p>\n<p>&#160;<\/p>\n<p><span style=\"font-size: medium;\"><small>La statuette ci-dessous est l&rsquo;une de mes six \u00ab\u00a0madindane\u00a0\u00bb que j&rsquo;ai trouv\u00e9 dans un march\u00e9 aux puces en Afrique du Sud en 2001, apr\u00e8s mon premier contact avec Credo. Pour m&rsquo;amuser, j&rsquo;ai plac\u00e9 un pendentif avec Andalousite autour de son cou pour faire une belle photo&#8230;<\/small><small><br \/>Remaquez qu&rsquo;elle a six doigts, ce qui a \u00e9t\u00e9 <\/small><\/span><span style=\"font-size: medium;\"><small> mentionn\u00e9 <\/small><\/span><span style=\"font-size: medium;\"><small>par de nombreuses personnes contact\u00e9es, particuli\u00e8rement en Afrique du Sud (cinq doigts apparents + le pouce oppos\u00e9)<\/small><\/span><\/p>\n<p>&#160;<img loading=\"lazy\" decoding=\"async\" height=\"400\" width=\"300\" alt=\"orgonite pendant with andalusite \/ chiastolite - the perfect alien repellant\" src=\"http:\/\/orgoniseafrica.com\/images\/madindane%20with%20orgone%20pendant.jpg\" \/><\/p>\n<p>&#160;<\/p>\n<p><span style=\"font-size: medium;\"><small>Le<strong> nouveau pendentif <\/strong>mesure 35mm de diam\u00e8tre, ce qui le place entre les petits et les grands pendentifs. Sa taille permet d&rsquo;y ins\u00e9rer une spirale SBB plus puissante, qui est plac\u00e9e derri\u00e8re la pierre.<\/small><\/span><\/p>\n<p><span style=\"font-size: medium;\"><small> Les premiers retours de<\/small><\/span> personnes sensibles \u00e9voquent une \u00e9nergie chaude et rayonnante \u00e9mise par le pendentif.<\/p>\n<p><span style=\"font-size: medium;\"><small><br \/><\/small><\/span><\/p>\n","protected":false},"excerpt":{"rendered":"<p><strong><span style=\"font-family\u00a0: verdana, Geneva\u00a0;font-size\u00a0: medium\">Ce grand pendentif d\u2019orgonite d\u00e9gage une \u00e9nergie r\u00e9confortante et est un protecteur puissant contre l\u2019influence psychique et particuli\u00e8rement extraterrestre&#8230;<\/p>\n","protected":false},"featured_media":116,"comment_status":"open","ping_status":"closed","template":"","meta":{"_acf_changed":false},"product_brand":[],"product_cat":[102],"product_tag":[],"class_list":{"0":"post-4192","1":"product","2":"type-product","3":"status-publish","4":"has-post-thumbnail","6":"product_cat-orgone-energy-pendants","7":"sales-flash-overlay","8":"woocommerce-text-align-center","9":"woocommerce-image-align-center","10":"do-quantity-buttons","12":"first","13":"outofstock","14":"taxable","15":"shipping-taxable","16":"purchasable","17":"product-type-simple"},"acf":[],"_links":{"self":[{"href":"https:\/\/servcrmpro.online\/fr\/wp-json\/wp\/v2\/product\/4192","targetHints":{"allow":["GET"]}}],"collection":[{"href":"https:\/\/servcrmpro.online\/fr\/wp-json\/wp\/v2\/product"}],"about":[{"href":"https:\/\/servcrmpro.online\/fr\/wp-json\/wp\/v2\/types\/product"}],"replies":[{"embeddable":true,"href":"https:\/\/servcrmpro.online\/fr\/wp-json\/wp\/v2\/comments?post=4192"}],"wp:featuredmedia":[{"embeddable":true,"href":"https:\/\/servcrmpro.online\/fr\/wp-json\/wp\/v2\/media\/116"}],"wp:attachment":[{"href":"https:\/\/servcrmpro.online\/fr\/wp-json\/wp\/v2\/media?parent=4192"}],"wp:term":[{"taxonomy":"product_brand","embeddable":true,"href":"https:\/\/servcrmpro.online\/fr\/wp-json\/wp\/v2\/product_brand?post=4192"},{"taxonomy":"product_cat","embeddable":true,"href":"https:\/\/servcrmpro.online\/fr\/wp-json\/wp\/v2\/product_cat?post=4192"},{"taxonomy":"product_tag","embeddable":true,"href":"https:\/\/servcrmpro.online\/fr\/wp-json\/wp\/v2\/product_tag?post=4192"}],"curies":[{"name":"wp","href":"https:\/\/api.w.org\/{rel}","templated":true}]}}