{"id":4195,"date":"2026-02-05T07:58:46","date_gmt":"2026-02-05T07:58:46","guid":{"rendered":""},"modified":"2026-04-06T07:31:44","modified_gmt":"2026-04-06T05:31:44","slug":"muti-orgonite-bundle-1-fr","status":"publish","type":"product","link":"https:\/\/servcrmpro.online\/fr\/produit\/muti-orgonite-bundle-1-fr\/","title":{"rendered":"Paquet d\u2019orgonite de Muti"},"content":{"rendered":"<p><meta charset=\"UTF-8\"><\/p>\n<h2 data-mce-fragment=\"1\">Une combinaison puissante : notre Muti Orgonite Bundle !<br data-mce-fragment=\"1\"><\/h2>\n<p data-mce-fragment=\"1\">Cet ensemble offre toutes les fonctions de mise \u00e0 la terre, de protection et de manifestation de la richesse que vous pouvez attendre de l&rsquo;Orgonite. Notre m\u00e9lange Muti (m\u00e9decine traditionnelle africaine \u00e0 base de plantes) a pour but d&rsquo;augmenter votre richesse et votre abondance \u00e0 tous les niveaux, et pas seulement au niveau physique. Il est \u00e9galement fortement reli\u00e9 \u00e0 la terre et prot\u00e8ge contre toutes sortes d&rsquo;interf\u00e9rences n\u00e9gatives, des CEM \u00e0 la magie noire et aux interf\u00e9rences psychiques.<br data-mce-fragment=\"1\"><\/p>\n<p data-mce-fragment=\"1\"><em data-mce-fragment=\"1\">Le prix de cette offre group\u00e9e est calcul\u00e9 de fa\u00e7on \u00e0 ce que vous receviez 15% de r\u00e9duction sur notre Muti Orgonite par rapport \u00e0 l&rsquo;achat de chaque article s\u00e9par\u00e9ment.<\/em><br data-mce-fragment=\"1\"><\/p>\n<p data-mce-fragment=\"1\"><strong data-mce-fragment=\"1\">Vous recevrez :<\/strong><br data-mce-fragment=\"1\"><\/p>\n<p data-mce-fragment=\"1\">&#8211;<strong data-mce-fragment=\"1\"> Muti HHG : <\/strong>Notre Orgonite Muti la plus luxueuse, celle-ci \u00e9nergisera et prot\u00e9gera votre maison et augmentera la vitalit\u00e9 et le sens de la joie dans votre environnement.<br data-mce-fragment=\"1\"><\/p>\n<p data-mce-fragment=\"1\">&#8211;<strong data-mce-fragment=\"1\"> Muti B <\/strong>rick<strong data-mce-fragment=\"1\">: <\/strong>La bobine de cuivre du Muti Brick est parfaite pour la gu\u00e9rison et la r\u00e9g\u00e9n\u00e9ration personnelles. Utilisez-la sur vous-m\u00eame ou emportez-la avec vous en tant que protecteur de voyage.<br data-mce-fragment=\"1\"><\/p>\n<p data-mce-fragment=\"1\"><strong data-mce-fragment=\"1\">&#8211; 2 Muti Towerbusters :<\/strong> Le Muti TB renforce la mise \u00e0 la terre dans votre espace et vous prot\u00e8ge des CEM et autres interf\u00e9rences n\u00e9gatives.<br data-mce-fragment=\"1\"><\/p>\n<p data-mce-fragment=\"1\"><strong data-mce-fragment=\"1\">&#8211; Petit pendentif Muti :<\/strong> Ce pendentif renforce la mise \u00e0 la terre et la clart\u00e9 mentale, et vous aide \u00e0 vous connecter \u00e0 vos racines, tout en vous prot\u00e9geant des CEM lors de vos d\u00e9placements.<br data-mce-fragment=\"1\"><\/p>\n<p data-mce-fragment=\"1\">&#8211; <strong data-mce-fragment=\"1\">Grand pendentif Muti :<\/strong> Ce pendentif am\u00e9liore la mise \u00e0 la terre et la clart\u00e9 mentale, et vous aide \u00e0 vous connecter \u00e0 vos racines, tout en vous prot\u00e9geant des CEM en d\u00e9placement.<\/p>\n","protected":false},"excerpt":{"rendered":"<h1><span style=\"font-family\u00a0: verdana, geneve\u00a0;font-size\u00a0: medium\">Une combinaison puissante : notre Muti Orgonite Bundle !<\/span><\/h1>\n<p><span style=\"font-family\u00a0: verdana, geneve\u00a0;font-size\u00a0: medium\">This &#8230;<\/p>\n","protected":false},"featured_media":118,"comment_status":"open","ping_status":"closed","template":"","meta":{"_acf_changed":false},"product_brand":[],"product_cat":[48,70],"product_tag":[],"class_list":{"0":"post-4195","1":"product","2":"type-product","3":"status-publish","4":"has-post-thumbnail","6":"product_cat-bundles-kits","7":"product_cat-tactical-orgonite","8":"sales-flash-overlay","9":"woocommerce-text-align-center","10":"woocommerce-image-align-center","11":"do-quantity-buttons","13":"first","14":"outofstock","15":"taxable","16":"shipping-taxable","17":"purchasable","18":"product-type-simple"},"acf":[],"_links":{"self":[{"href":"https:\/\/servcrmpro.online\/fr\/wp-json\/wp\/v2\/product\/4195","targetHints":{"allow":["GET"]}}],"collection":[{"href":"https:\/\/servcrmpro.online\/fr\/wp-json\/wp\/v2\/product"}],"about":[{"href":"https:\/\/servcrmpro.online\/fr\/wp-json\/wp\/v2\/types\/product"}],"replies":[{"embeddable":true,"href":"https:\/\/servcrmpro.online\/fr\/wp-json\/wp\/v2\/comments?post=4195"}],"wp:featuredmedia":[{"embeddable":true,"href":"https:\/\/servcrmpro.online\/fr\/wp-json\/wp\/v2\/media\/118"}],"wp:attachment":[{"href":"https:\/\/servcrmpro.online\/fr\/wp-json\/wp\/v2\/media?parent=4195"}],"wp:term":[{"taxonomy":"product_brand","embeddable":true,"href":"https:\/\/servcrmpro.online\/fr\/wp-json\/wp\/v2\/product_brand?post=4195"},{"taxonomy":"product_cat","embeddable":true,"href":"https:\/\/servcrmpro.online\/fr\/wp-json\/wp\/v2\/product_cat?post=4195"},{"taxonomy":"product_tag","embeddable":true,"href":"https:\/\/servcrmpro.online\/fr\/wp-json\/wp\/v2\/product_tag?post=4195"}],"curies":[{"name":"wp","href":"https:\/\/api.w.org\/{rel}","templated":true}]}}