{"id":4198,"date":"2026-02-05T08:36:48","date_gmt":"2026-02-05T08:36:48","guid":{"rendered":""},"modified":"2026-04-12T13:17:42","modified_gmt":"2026-04-12T11:17:42","slug":"orgone-zapper-standard-fr","status":"publish","type":"product","link":"https:\/\/servcrmpro.online\/fr\/produit\/orgone-zapper-standard-fr\/","title":{"rendered":"Zappeur \u00e0 Orgone standard"},"content":{"rendered":"<p>&nbsp;<\/p>\n<h2>Zapper \u00e0 orgone avec \u00e9lectrodes en cuivre<\/h2>\n<p>Orgonite de type Terminator Zapper Clark avec un syst\u00e8me sophistiqu\u00e9 de composants am\u00e9liorant l&rsquo;<b>\u00e9nergie orgone<\/b>, d&rsquo;o\u00f9 le nom de <b>Zapper \u00e0 orgone.<\/b><br \/><b>Ce zapper \u00e0 orgone est test\u00e9 et \u00e9prouv\u00e9 depuis 2002 !<\/b><br \/>Un bloc d&rsquo;orgonite, un aimant en n\u00e9odyme, une bobine de M\u00f6bius, un cristal d&rsquo;am\u00e9thyste et un grenat sont utilis\u00e9s pour am\u00e9liorer le champ bio\u00e9nerg\u00e9tique de la personne qui le porte et ainsi stimuler les processus de gu\u00e9rison et am\u00e9liorer le bien-\u00eatre g\u00e9n\u00e9ral. Les \u00e9lectrodes <b>en cuivre sont bien \u00e9tablies et efficaces<\/b> dans les zappers Orgone et tous les autres types de zappers et fonctionnent tr\u00e8s bien dans cette configuration.<\/p>\n<p>&nbsp;<\/p>\n<div style=\"text-align: left;\"><img decoding=\"async\" style=\"float: none;\" alt=\"New Orgone Zapper\" src=\"https:\/\/cdn.shopify.com\/s\/files\/1\/0660\/4419\/8969\/files\/050722_zapper_from_within300.jpg\"><\/div>\n<div style=\"text-align: left;\"><\/div>\n<div style=\"text-align: left;\"><meta charset=\"UTF-8\"><\/p>\n<p><b>Sp\u00e9cifications :<\/b><\/p>\n<p>Fr\u00e9quence : 15 Hz CC puls\u00e9<br \/>Batterie : 9V PP3<i> en raison des restrictions des compagnies a\u00e9riennes, nous ne pouvons pas envoyer la batterie 9v avec le zapper<\/i><br \/>\u00c9lectrodes : Cuivre<br \/>Sangle Velcro amovible<br \/>Micro-prise 2,5 mm pour appareils externes<br \/>Aimant n\u00e9odyme 10,3 x 3 mm<br \/>Bobine Mobius, prot\u00e9g\u00e9e par un fil p\u00e9riph\u00e9rique<br \/>Bloc d&rsquo;orgonite<br \/>Cristal d&rsquo;am\u00e9thyste enroul\u00e9 dans le fil conducteur de la \u00ab queue<br \/>Cristal de grenat enroul\u00e9 dans le fil conducteur de la \u00ab t\u00eate<br \/>LED indiquant l&rsquo;\u00e9tat marche\/arr\u00eat<br \/>Dimensions : longueur &#8211; 84 mm, largeur &#8211; 50 mm, hauteur &#8211; 20 mm<br \/>(Ce produit est fait \u00e0 la main et le produit final peut diff\u00e9rer l\u00e9g\u00e8rement)<\/p>\n<\/div>\n","protected":false},"excerpt":{"rendered":"<p>Un Clark Zapper en orgonite de style Terminator avec un syst\u00e8me sophistiqu\u00e9 de composants d\u2019am\u00e9lioration de l\u2019\u00e9nergie orgone, d\u2019o\u00f9 le nom Orgone Zapper.<\/p>\n","protected":false},"featured_media":131,"comment_status":"open","ping_status":"closed","template":"","meta":{"_acf_changed":false},"product_brand":[],"product_cat":[26],"product_tag":[],"class_list":{"0":"post-4198","1":"product","2":"type-product","3":"status-publish","4":"has-post-thumbnail","6":"product_cat-orgone-zappers","7":"sales-flash-overlay","8":"woocommerce-text-align-center","9":"woocommerce-image-align-center","10":"do-quantity-buttons","12":"first","13":"instock","14":"taxable","15":"shipping-taxable","16":"purchasable","17":"product-type-simple"},"acf":[],"_links":{"self":[{"href":"https:\/\/servcrmpro.online\/fr\/wp-json\/wp\/v2\/product\/4198","targetHints":{"allow":["GET"]}}],"collection":[{"href":"https:\/\/servcrmpro.online\/fr\/wp-json\/wp\/v2\/product"}],"about":[{"href":"https:\/\/servcrmpro.online\/fr\/wp-json\/wp\/v2\/types\/product"}],"replies":[{"embeddable":true,"href":"https:\/\/servcrmpro.online\/fr\/wp-json\/wp\/v2\/comments?post=4198"}],"wp:featuredmedia":[{"embeddable":true,"href":"https:\/\/servcrmpro.online\/fr\/wp-json\/wp\/v2\/media\/131"}],"wp:attachment":[{"href":"https:\/\/servcrmpro.online\/fr\/wp-json\/wp\/v2\/media?parent=4198"}],"wp:term":[{"taxonomy":"product_brand","embeddable":true,"href":"https:\/\/servcrmpro.online\/fr\/wp-json\/wp\/v2\/product_brand?post=4198"},{"taxonomy":"product_cat","embeddable":true,"href":"https:\/\/servcrmpro.online\/fr\/wp-json\/wp\/v2\/product_cat?post=4198"},{"taxonomy":"product_tag","embeddable":true,"href":"https:\/\/servcrmpro.online\/fr\/wp-json\/wp\/v2\/product_tag?post=4198"}],"curies":[{"name":"wp","href":"https:\/\/api.w.org\/{rel}","templated":true}]}}