{"id":4204,"date":"2026-02-05T08:37:15","date_gmt":"2026-02-05T08:37:15","guid":{"rendered":""},"modified":"2026-04-06T07:31:45","modified_gmt":"2026-04-06T05:31:45","slug":"pop-art-orgonite-pendant-fr","status":"publish","type":"product","link":"https:\/\/servcrmpro.online\/fr\/produit\/pop-art-orgonite-pendant-fr\/","title":{"rendered":"Pop Art Orgonite"},"content":{"rendered":"<h1>Une fa\u00e7on amusante d&#x27;appr\u00e9cier l&#x27;orgonite<\/h1>\n<p>Ce pendentif en orgonite tendance, amusant et facile \u00e0 porter, vous fera litt\u00e9ralement d\u00e9coller. Il augmente votre vitalit\u00e9 \u00e0 tous les niveaux en renfor\u00e7ant les chakras de la racine et du c\u0153ur.<\/p>\n<p>Favorise l&#x27;\u00e9nergie vitale, la fertilit\u00e9 et l&#x27;expression cr\u00e9ative !<\/p>\n<p>Ingr\u00e9dients :<\/p>\n<p>Matrice d&#x27;orgonite,<br \/>cristal de quartz,<br \/>jaspe rouge,<br \/>mangano-calcite,<br \/>tourmaline rose,<br \/>h\u00e9matite,<br \/>35 mm de diam\u00e8tre<\/p>\n","protected":false},"excerpt":{"rendered":"<p>Ce pendentif en orgonite de mode, amusant et facile \u00e0 porter, vous fera litt\u00e9ralement clouer les pieds. Renforcer votre vitalit\u00e9 \u00e0 tous les niveaux en renfor\u00e7ant le chakra des racines et du c\u0153ur.<\/p>\n","protected":false},"featured_media":137,"comment_status":"open","ping_status":"closed","template":"","meta":{"_acf_changed":false},"product_brand":[],"product_cat":[102],"product_tag":[],"class_list":{"0":"post-4204","1":"product","2":"type-product","3":"status-publish","4":"has-post-thumbnail","6":"product_cat-orgone-energy-pendants","7":"sales-flash-overlay","8":"woocommerce-text-align-center","9":"woocommerce-image-align-center","10":"do-quantity-buttons","12":"first","13":"instock","14":"taxable","15":"shipping-taxable","16":"purchasable","17":"product-type-simple"},"acf":[],"_links":{"self":[{"href":"https:\/\/servcrmpro.online\/fr\/wp-json\/wp\/v2\/product\/4204","targetHints":{"allow":["GET"]}}],"collection":[{"href":"https:\/\/servcrmpro.online\/fr\/wp-json\/wp\/v2\/product"}],"about":[{"href":"https:\/\/servcrmpro.online\/fr\/wp-json\/wp\/v2\/types\/product"}],"replies":[{"embeddable":true,"href":"https:\/\/servcrmpro.online\/fr\/wp-json\/wp\/v2\/comments?post=4204"}],"wp:featuredmedia":[{"embeddable":true,"href":"https:\/\/servcrmpro.online\/fr\/wp-json\/wp\/v2\/media\/137"}],"wp:attachment":[{"href":"https:\/\/servcrmpro.online\/fr\/wp-json\/wp\/v2\/media?parent=4204"}],"wp:term":[{"taxonomy":"product_brand","embeddable":true,"href":"https:\/\/servcrmpro.online\/fr\/wp-json\/wp\/v2\/product_brand?post=4204"},{"taxonomy":"product_cat","embeddable":true,"href":"https:\/\/servcrmpro.online\/fr\/wp-json\/wp\/v2\/product_cat?post=4204"},{"taxonomy":"product_tag","embeddable":true,"href":"https:\/\/servcrmpro.online\/fr\/wp-json\/wp\/v2\/product_tag?post=4204"}],"curies":[{"name":"wp","href":"https:\/\/api.w.org\/{rel}","templated":true}]}}