{"id":4210,"date":"2026-02-05T08:39:44","date_gmt":"2026-02-05T08:39:44","guid":{"rendered":""},"modified":"2026-04-08T21:03:18","modified_gmt":"2026-04-08T19:03:18","slug":"smart-meter-shield-fr","status":"publish","type":"product","link":"https:\/\/servcrmpro.online\/fr\/produit\/smart-meter-shield-fr\/","title":{"rendered":"Smart Meter Shield"},"content":{"rendered":"<p><strong><span style=\"font-family: verdana, geneva; font-size: medium;\">Neutralisez les dangers li\u00e9s aux rayonnements nocifs des compteurs intelligents gr\u00e2ce \u00e0 ce puissant bouclier anti-compteur intelligent en orgonite !<\/span><\/strong><\/p>\n<p><span style=\"font-family: verdana, geneva; font-size: medium;\">Depuis l&#x27;introduction des compteurs intelligents, les personnes qui en sont \u00e9quip\u00e9es se plaignent d&#x27;une multitude de maux :<\/span><\/p>\n<p><span style=\"font-family: verdana, geneva; font-size: medium;\"><img loading=\"lazy\" decoding=\"async\" title=\"neutralise harmful emf from smart meters with this powerful orgonite tool\" src=\"..\/images\/smart-meter-radiation-damage.jpg\" alt=\"smart meter radiation damages\" width=\"700\" height=\"537\"><\/span><\/p>\n<p><em><span style=\"font-size: medium; font-family: verdana, geneva;\">Image fournie par http:\/\/emfsafetynetwork.org<\/span><\/em><\/p>\n<h1><span style=\"font-family: verdana, geneva; font-size: medium;\"><strong>Liste de certains sympt\u00f4mes li\u00e9s aux risques pour la sant\u00e9 li\u00e9s aux rayonnements des compteurs intelligents :<\/strong><\/span><\/h1>\n<p style=\"padding-left: 60px;\"><span style=\"font-family: verdana, geneva; font-size: medium;\">&#8211; Troubles du sommeil (insomnie, difficult\u00e9 \u00e0 s&#x27;endormir, r\u00e9veils nocturnes, cauchemars)<\/span><br \/><span style=\"font-family: verdana, geneva; font-size: medium;\">&#8211; Stress, agitation, anxi\u00e9t\u00e9, irritabilit\u00e9 &#8211; Maux de t\u00eate, douleur<\/span><br \/><span style=\"font-family: verdana, geneva; font-size: medium;\">aigu\u00eb<\/span><br \/><span style=\"font-family: verdana, geneva; font-size: medium;\">ou pression dans la t\u00eate &#8211; Bourdonnements d&#x27;oreilles, douleur auriculaire,<\/span><br \/><span style=\"font-family: verdana, geneva; font-size: medium;\">sifflements aigus &#8211; Probl\u00e8mes de concentration, de<\/span><br \/><span style=\"font-family: verdana, geneva; font-size: medium;\">m\u00e9moire ou d&#x27;apprentissage &#8211; Fatigue,<\/span><br \/><span style=\"font-family: verdana, geneva; font-size: medium;\">faiblesse musculaire ou physique &#8211; D\u00e9sorientation, vertiges ou probl\u00e8mes d&#x27;\u00e9quilibre<\/span><br \/><span style=\"font-family: verdana, geneva; font-size: medium;\">&#8211; Probl\u00e8mes oculaires, y compris douleur oculaire, pression dans les yeux &#8211;<\/span><br \/><span style=\"font-family: verdana, geneva; font-size: medium;\">Sympt\u00f4mes cardiaques, palpitations, arythmies cardiaques, douleurs<\/span><br \/><span style=\"font-family: verdana, geneva; font-size: medium;\">thoraciques- Crampes dans les jambes ou neuropathie<\/span><br \/><span style=\"font-family: verdana, geneva; font-size: medium;\">&#8211; Arthrite, douleurs corporelles, douleurs aigu\u00ebs et lancinantes<\/span><br \/><span style=\"font-family: verdana, geneva; font-size: medium;\">&#8211; Naus\u00e9es, sympt\u00f4mes grippaux<\/span><br \/><span style=\"font-family: verdana, geneva; font-size: medium;\">&#8211; Probl\u00e8mes de sinus, saignements<\/span><br \/><span style=\"font-family: verdana, geneva; font-size: medium;\">de nez &#8211; Probl\u00e8mes respiratoires, toux, asthme<\/span><br \/><span style=\"font-family: verdana, geneva; font-size: medium;\">&#8211; \u00c9ruptions cutan\u00e9es, rougeurs au<\/span><br \/><span style=\"font-family: verdana, geneva; font-size: medium;\">visage &#8211;<\/span><br \/><span style=\"font-family: verdana, geneva; font-size: medium;\">Probl\u00e8mes urinaires &#8211; Troubles endocriniens, probl\u00e8mes thyro\u00efdiens,<\/span><br \/><span style=\"font-family: verdana, geneva; font-size: medium;\">diab\u00e8te &#8211; Hypertension art\u00e9rielle<\/span><br \/><span style=\"font-family: verdana, geneva; font-size: medium;\">&#8211; Modifications du cycle<\/span><br \/><span style=\"font-family: verdana, geneva; font-size: medium;\">menstruel &#8211; Hyperactivit\u00e9 ou changements de comportement chez les enfants &#8211;<\/span><\/p>\n<p><span style=\"font-family: verdana, geneva; font-size: medium;\">Convulsions &#8211; R\u00e9cidive d&#x27;un cancer<\/span><\/p>\n<p style=\"padding-left: 60px;\"><span style=\"font-family: verdana, geneva; font-size: medium;\">Extrait de <a href=\"http:\/\/emfsafetynetwork.org\/wp-content\/uploads\/2011\/09\/Wireless-Utility-Meter-Safety-Impacts-Survey-Results-Final.pdf\" target=\"_blank\" rel=\"noopener\">l&#x27;enqu\u00eate<\/a> 2011 <a href=\"http:\/\/emfsafetynetwork.org\/wp-content\/uploads\/2011\/09\/Wireless-Utility-Meter-Safety-Impacts-Survey-Results-Final.pdf\" target=\"_blank\" rel=\"noopener\">de l&#x27;EMF Safety<\/a><\/span><br \/><span style=\"font-family: verdana, geneva; font-size: medium;\"><a href=\"http:\/\/emfsafetynetwork.org\/wp-content\/uploads\/2011\/09\/Wireless-Utility-Meter-Safety-Impacts-Survey-Results-Final.pdf\" target=\"_blank\" rel=\"noopener\">Network<\/a><\/span> <span style=\"font-family: verdana, geneva; font-size: medium;\"><a href=\"http:\/\/emfsafetynetwork.org\/wp-content\/uploads\/2010\/08\/Symptoms-after-Exposure-to-Smart-Meter-Radiation.pdf\" target=\"_blank\" rel=\"noopener\">: Sympt\u00f4mes apr\u00e8s exposition aux rayonnements des compteurs intelligents,<\/a> par le Dr Ron Powell<\/span><\/p>\n<p><span style=\"font-family: verdana, geneva; font-size: medium;\">\u00a0<\/span><\/p>\n<p><span style=\"font-family: verdana, geneva; font-size: medium;\">L&#x27;orgonite modifie radicalement les caract\u00e9ristiques du champ \u00e9nerg\u00e9tique cr\u00e9\u00e9 par ce rayonnement \u00e9lectromagn\u00e9tique sans perturber le fonctionnement normal du compteur.<\/span><\/p>\n<p><span style=\"font-family: verdana, geneva; font-size: medium;\">Voici comment nous avons observ\u00e9 ce ph\u00e9nom\u00e8ne avec les antennes-relais de t\u00e9l\u00e9phonie mobile, les installations radar et les t\u00e9l\u00e9phones portables : le rayonnement \u00e9lectromagn\u00e9tique intense cr\u00e9e un \u00e9tat de stagnation de l\u2019\u00e9ther ou du \u00ab flux d\u2019\u00e9nergie ambiant \u00bb, que le Dr Wilhelm Reich a d\u00e9crit comme de l\u2019\u00ab orgone mortelle \u00bb ou DOR. L\u2019orgonite ram\u00e8ne ce champ \u00e9nerg\u00e9tique \u00e0 un \u00e9tat fluide et vivifiant, \u00e9galement connu sous le nom de POR ou orgone positive.<\/span><\/p>\n<h1><span style=\"font-family: verdana, geneva; font-size: medium;\">Comment savons-nous que cela fonctionne ?<\/span><\/h1>\n<p><span style=\"font-family: verdana, geneva; font-size: medium;\">L&#x27;\u00e9nergie orgonique est difficile \u00e0 mesurer avec des instruments conventionnels, m\u00eame si des tentatives fructueuses de construction de \u00ab compteurs d&#x27;\u00e9nergie vitale \u00bb exp\u00e9rimentaux ont \u00e9t\u00e9 men\u00e9es.\u00a0<\/span><\/p>\n<p><span style=\"font-family: verdana, geneva; font-size: medium;\">Cependant, diverses m\u00e9thodes de biofeedback et les t\u00e9moignages d&#x27;utilisateurs indiquent clairement des am\u00e9liorations consid\u00e9rables. Et outre les impressions subjectives de personnes sensibles (sensitives \u00e0 l&#x27;\u00e9nergie ou m\u00e9diums), des exp\u00e9riences sur la croissance des plantes confirment largement l&#x27;efficacit\u00e9 de l&#x27;orgonite.<\/span><\/p>\n<p><span style=\"font-family: verdana, geneva; font-size: medium;\">Cliquez ici pour d\u00e9couvrir notre<a title=\"Cellphone chip orgonite experiment\" href=\"https:\/\/www.orgoniseafrica.com\/orgonite-plant-growth\" target=\"_blank\" rel=\"noopener\"> propre exp\u00e9rience<\/a> avec les Minishields, des protections pour t\u00e9l\u00e9phones portables beaucoup plus petites.<\/span><\/p>\n<p><span style=\"font-family: verdana, geneva; font-size: medium;\">Outre le m\u00e9lange d&#x27;orgonite \u00e9prouv\u00e9 et fiable avec des cristaux de quartz, le Smart Meter Shield contient les pierres pr\u00e9cieuses suivantes pour une protection renforc\u00e9e :<\/span><\/p>\n<p><strong style=\"font-family: verdana, geneva; font-size: medium;\">&#8211; Shungite :<\/strong><span style=\"font-family: verdana, geneva; font-size: medium;\"> la derni\u00e8re tendance venue de Russie, o\u00f9 cette pierre est r\u00e9guli\u00e8rement utilis\u00e9e \u00e0 grande \u00e9chelle pour la protection contre les radiations. Elle y est utilis\u00e9e sous forme de poudre, dissoute dans de l&#x27;huile ou de la peinture acrylique pour prot\u00e9ger des b\u00e2timents entiers.\u00a0<\/span><\/p>\n<p><strong style=\"font-family: verdana, geneva; font-size: medium;\">&#8211; Tourmaline noire : <\/strong><span style=\"font-family: verdana, geneva; font-size: medium;\">pierre de gu\u00e9rison traditionnelle, largement utilis\u00e9e dans les applications de protection contre les radiations<\/span><\/p>\n<p><strong style=\"font-family: verdana, geneva; font-size: medium;\">&#8211; Jaspe rouge :<\/strong><span style=\"font-family: verdana, geneva; font-size: medium;\"> revitalisant et tonifiant, il agit notamment sur le sang pour contrer les sympt\u00f4mes de fatigue ou d&#x27;\u00e9puisement caus\u00e9s par le stress \u00e9lectromagn\u00e9tique.\u00a0<\/span><\/p>\n<p>\u00a0<\/p>\n<p><span style=\"font-size: medium; font-family: verdana, geneva;\">Poids : environ 225 g<\/span><\/p>\n<p><span style=\"font-size: medium; font-family: verdana, geneva;\">Dimensions : longueur &#8211; 90 mm, largeur &#8211; 90 mm, hauteur &#8211; 25 mm<br \/>(Ce produit est fabriqu\u00e9 \u00e0 la main et le produit final peut pr\u00e9senter de l\u00e9g\u00e8res variations)<\/span><\/p>\n","protected":false},"excerpt":{"rendered":"<p>Neutralisez les dangers nocifs des radiations des compteurs intelligents avec ce puissant bouclier Orgonite Smart Meter !<\/p>\n","protected":false},"featured_media":141,"comment_status":"open","ping_status":"closed","template":"","meta":{"_acf_changed":false},"product_brand":[],"product_cat":[34],"product_tag":[],"class_list":{"0":"post-4210","1":"product","2":"type-product","3":"status-publish","4":"has-post-thumbnail","6":"product_cat-emf-protection","7":"sales-flash-overlay","8":"woocommerce-text-align-center","9":"woocommerce-image-align-center","10":"do-quantity-buttons","12":"first","13":"instock","14":"taxable","15":"shipping-taxable","16":"purchasable","17":"product-type-simple"},"acf":[],"_links":{"self":[{"href":"https:\/\/servcrmpro.online\/fr\/wp-json\/wp\/v2\/product\/4210","targetHints":{"allow":["GET"]}}],"collection":[{"href":"https:\/\/servcrmpro.online\/fr\/wp-json\/wp\/v2\/product"}],"about":[{"href":"https:\/\/servcrmpro.online\/fr\/wp-json\/wp\/v2\/types\/product"}],"replies":[{"embeddable":true,"href":"https:\/\/servcrmpro.online\/fr\/wp-json\/wp\/v2\/comments?post=4210"}],"wp:featuredmedia":[{"embeddable":true,"href":"https:\/\/servcrmpro.online\/fr\/wp-json\/wp\/v2\/media\/141"}],"wp:attachment":[{"href":"https:\/\/servcrmpro.online\/fr\/wp-json\/wp\/v2\/media?parent=4210"}],"wp:term":[{"taxonomy":"product_brand","embeddable":true,"href":"https:\/\/servcrmpro.online\/fr\/wp-json\/wp\/v2\/product_brand?post=4210"},{"taxonomy":"product_cat","embeddable":true,"href":"https:\/\/servcrmpro.online\/fr\/wp-json\/wp\/v2\/product_cat?post=4210"},{"taxonomy":"product_tag","embeddable":true,"href":"https:\/\/servcrmpro.online\/fr\/wp-json\/wp\/v2\/product_tag?post=4210"}],"curies":[{"name":"wp","href":"https:\/\/api.w.org\/{rel}","templated":true}]}}